{"id":1990042,"date":"2022-11-17T14:16:30","date_gmt":"2022-11-17T13:16:30","guid":{"rendered":"https:\/\/de.tilta.com\/shop\/tilta-advanced-side-poignee-en-bois-noir\/"},"modified":"2025-12-05T12:49:21","modified_gmt":"2025-12-05T11:49:21","slug":"tiltaing-advanced-side-wooden-handle-black","status":"publish","type":"product","link":"https:\/\/eu.tilta.com\/fr\/shop\/tiltaing-advanced-side-wooden-handle-black\/","title":{"rendered":"Tilta Advanced Side Poign\u00e9e en bois &#8211; Noir"},"content":{"rendered":"<p>Ces poign\u00e9es en bois pr\u00e9sentent une conception ergonomique afin d&#8217;offrir un confort maximal lors de l&#8217;utilisation d&#8217;un appareil photo, quelle que soit sa taille.<\/p>\n<p>Ils peuvent \u00eatre fix\u00e9s directement \u00e0 la cage de votre appareil photo ou \u00e0 divers accessoires gr\u00e2ce aux types de fixation suivants :<\/p>\n<p>Type VII = Rail OTAN<br \/>\nType IX = Ronin 4D<br \/>\nType X = Rosette ARRI<br \/>\nType XI = 1\/4-20 avec goupilles de positionnement<\/p>\n<p>Il s&#8217;agit donc de l&#8217;option id\u00e9ale pour manipuler confortablement votre appareil photo ou votre moniteur lorsque le contr\u00f4le \u00e9lectronique n&#8217;est pas n\u00e9cessaire.<\/p>\n<p>Un bouton de d\u00e9verrouillage situ\u00e9 sur le c\u00f4t\u00e9 de la monture vous permet d&#8217;ajuster facilement l&#8217;angle des poign\u00e9es pour vous aider \u00e0 trouver la position de travail parfaite, ainsi que pour vous repositionner rapidement lors de l&#8217;ajustement pour diff\u00e9rentes prises de vue.<\/p>\n<p>Ces poign\u00e9es sont sculpt\u00e9es dans du bois de noyer noir et assembl\u00e9es \u00e0 l&#8217;aide d&#8217;un alliage d&#8217;aluminium de haute qualit\u00e9 usin\u00e9 par commande num\u00e9rique&#8221;.<\/p>\n","protected":false},"excerpt":{"rendered":"<p>Ces poign\u00e9es en bois pr\u00e9sentent une conception ergonomique afin d&#8217;offrir un confort maximal lors de l&#8217;utilisation d&#8217;un appareil photo, quelle que soit sa taille. Ils peuvent \u00eatre fix\u00e9s directement \u00e0 la cage de votre appareil photo ou \u00e0 divers accessoires [&hellip;]<\/p>\n","protected":false},"featured_media":1990047,"comment_status":"closed","ping_status":"closed","template":"","meta":[],"product_cat":[3895,2058,1811,2266,2043,2044],"product_tag":[],"acf":[],"gallery_images":[1924793,1924795,1924794],"_links":{"self":[{"href":"https:\/\/eu.tilta.com\/fr\/wp-json\/wp\/v2\/product\/1990042"}],"collection":[{"href":"https:\/\/eu.tilta.com\/fr\/wp-json\/wp\/v2\/product"}],"about":[{"href":"https:\/\/eu.tilta.com\/fr\/wp-json\/wp\/v2\/types\/product"}],"replies":[{"embeddable":true,"href":"https:\/\/eu.tilta.com\/fr\/wp-json\/wp\/v2\/comments?post=1990042"}],"wp:featuredmedia":[{"embeddable":true,"href":"https:\/\/eu.tilta.com\/fr\/wp-json\/wp\/v2\/media\/1990047"}],"wp:attachment":[{"href":"https:\/\/eu.tilta.com\/fr\/wp-json\/wp\/v2\/media?parent=1990042"}],"wp:term":[{"taxonomy":"product_cat","embeddable":true,"href":"https:\/\/eu.tilta.com\/fr\/wp-json\/wp\/v2\/product_cat?post=1990042"},{"taxonomy":"product_tag","embeddable":true,"href":"https:\/\/eu.tilta.com\/fr\/wp-json\/wp\/v2\/product_tag?post=1990042"}],"curies":[{"name":"wp","href":"https:\/\/api.w.org\/{rel}","templated":true}]}}