{"id":1990257,"date":"2022-11-10T13:53:48","date_gmt":"2022-11-10T12:53:48","guid":{"rendered":"https:\/\/de.tilta.com\/shop\/extension-laterale-gauche-de-lotan-noir\/"},"modified":"2025-12-05T12:49:42","modified_gmt":"2025-12-05T11:49:42","slug":"left-side-nato-extension-attachment-black","status":"publish","type":"product","link":"https:\/\/eu.tilta.com\/fr\/shop\/left-side-nato-extension-attachment-black\/","title":{"rendered":"Extension lat\u00e9rale gauche de l&#8217;OTAN &#8211; Noir"},"content":{"rendered":"<p>Cette extension OTAN se connecte au c\u00f4t\u00e9 gauche de votre cage de cam\u00e9ra Tilta compatible ou de <a href=\"https:\/\/de.tilta.com\/shop\/tiltaing-36mm-nato-rail-attachment\/#\">votre rail OTAN<\/a> et vous permet de monter n&#8217;importe laquelle de nos <a href=\"https:\/\/de.tilta.com\/product-category\/handles\/side-handles\/\">poign\u00e9es lat\u00e9rales<\/a> bas\u00e9es sur l&#8217;OTAN.<\/p>\n<p>Cette fixation offre un espace suppl\u00e9mentaire entre le bo\u00eetier de l&#8217;appareil photo et la poign\u00e9e, ce qui permet aux utilisateurs d&#8217;avoir une meilleure prise sur leur poign\u00e9e, et cr\u00e9e \u00e9galement l&#8217;espace n\u00e9cessaire pour certains bo\u00eetiers d&#8217;appareils photo avec \u00e9cran LCD rabattable.<\/p>\n<p>Il s&#8217;agit de l&#8217;accessoire id\u00e9al pour les utilisateurs qui souhaitent \u00e9largir leurs options de montage des poign\u00e9es lat\u00e9rales sur leurs cam\u00e9ras portables.<\/p>\n<p>&nbsp;<\/p>\n","protected":false},"excerpt":{"rendered":"<p>Cette extension OTAN se connecte au c\u00f4t\u00e9 gauche de votre cage de cam\u00e9ra Tilta compatible ou de votre rail OTAN et vous permet de monter n&#8217;importe laquelle de nos poign\u00e9es lat\u00e9rales bas\u00e9es sur l&#8217;OTAN. Cette fixation offre un espace suppl\u00e9mentaire [&hellip;]<\/p>\n","protected":false},"featured_media":1990263,"comment_status":"closed","ping_status":"closed","template":"","meta":[],"product_cat":[2157,1880,2116],"product_tag":[],"acf":[],"gallery_images":[1990260,1990261,1990262],"_links":{"self":[{"href":"https:\/\/eu.tilta.com\/fr\/wp-json\/wp\/v2\/product\/1990257"}],"collection":[{"href":"https:\/\/eu.tilta.com\/fr\/wp-json\/wp\/v2\/product"}],"about":[{"href":"https:\/\/eu.tilta.com\/fr\/wp-json\/wp\/v2\/types\/product"}],"replies":[{"embeddable":true,"href":"https:\/\/eu.tilta.com\/fr\/wp-json\/wp\/v2\/comments?post=1990257"}],"wp:featuredmedia":[{"embeddable":true,"href":"https:\/\/eu.tilta.com\/fr\/wp-json\/wp\/v2\/media\/1990263"}],"wp:attachment":[{"href":"https:\/\/eu.tilta.com\/fr\/wp-json\/wp\/v2\/media?parent=1990257"}],"wp:term":[{"taxonomy":"product_cat","embeddable":true,"href":"https:\/\/eu.tilta.com\/fr\/wp-json\/wp\/v2\/product_cat?post=1990257"},{"taxonomy":"product_tag","embeddable":true,"href":"https:\/\/eu.tilta.com\/fr\/wp-json\/wp\/v2\/product_tag?post=1990257"}],"curies":[{"name":"wp","href":"https:\/\/api.w.org\/{rel}","templated":true}]}}