{"id":1990280,"date":"2022-11-08T16:09:27","date_gmt":"2022-11-08T15:09:27","guid":{"rendered":"https:\/\/de.tilta.com\/shop\/adaptateur-de-rosette-a-reglage-rapide-noir\/"},"modified":"2026-03-07T04:22:12","modified_gmt":"2026-03-07T03:22:12","slug":"quick-adjust-rosette-adapter-black","status":"publish","type":"product","link":"https:\/\/eu.tilta.com\/fr\/shop\/quick-adjust-rosette-adapter-black\/","title":{"rendered":"Adaptateur de rosette \u00e0 r\u00e9glage rapide &#8211; noir"},"content":{"rendered":"<p class=\"p1\">\u00c9largissez la fonctionnalit\u00e9 de vos rosettes avec les adaptateurs de rosettes Tilta Quick Adjust !<\/p>\n<p class=\"p1\">Ces adaptateurs sont compatibles avec toutes les rosettes standard Arri et servent de pont entre la monture de rosette de votre cam\u00e9ra ou de votre appareil d&#8217;\u00e9paule et le connecteur de rosette de votre poign\u00e9e lat\u00e9rale ou de votre accessoire.<\/p>\n<p class=\"p1\">Une fois fix\u00e9e, un levier de d\u00e9verrouillage accessible au pouce vous permet de faire pivoter rapidement l&#8217;angle de votre rosette sans avoir \u00e0 desserrer de vis.<\/p>\n<p class=\"p1\">Cela peut \u00eatre fait tout en tenant vos poign\u00e9es et vous permet de trouver rapidement la position la plus confortable et de l&#8217;ajuster \u00e0 la vol\u00e9e si n\u00e9cessaire.<\/p>\n<p class=\"p1\">C&#8217;est l&#8217;option parfaite pour notre<a href=\"https:\/\/de.tilta.com\/product-category\/shoulder-rigs\/tilta-lightweight-shoulder-rig\/\"><span class=\"s1\"> Lightweight Shoulder Rig<\/span><\/a> ou un Gimbal RS2\/RS3 Pro via nos <a href=\"https:\/\/de.tilta.com\/shop\/left-side-nato-rail-to-rosette-adapter\/\"><span class=\"s1\">adaptateurs de rosette<\/span><\/a>.<\/p>\n","protected":false},"excerpt":{"rendered":"<p>\u00c9largissez la fonctionnalit\u00e9 de vos rosettes avec les adaptateurs de rosettes Tilta Quick Adjust ! Ces adaptateurs sont compatibles avec toutes les rosettes standard Arri et servent de pont entre la monture de rosette de votre cam\u00e9ra ou de votre [&hellip;]<\/p>\n","protected":false},"featured_media":1990305,"comment_status":"closed","ping_status":"closed","template":"","meta":[],"product_cat":[3233,2299,2190,2162,2300,2301,2163,1880],"product_tag":[],"acf":[],"gallery_images":[1990306,1990307,1990308,1990309,1990310,1990311,1990312],"_links":{"self":[{"href":"https:\/\/eu.tilta.com\/fr\/wp-json\/wp\/v2\/product\/1990280"}],"collection":[{"href":"https:\/\/eu.tilta.com\/fr\/wp-json\/wp\/v2\/product"}],"about":[{"href":"https:\/\/eu.tilta.com\/fr\/wp-json\/wp\/v2\/types\/product"}],"replies":[{"embeddable":true,"href":"https:\/\/eu.tilta.com\/fr\/wp-json\/wp\/v2\/comments?post=1990280"}],"wp:featuredmedia":[{"embeddable":true,"href":"https:\/\/eu.tilta.com\/fr\/wp-json\/wp\/v2\/media\/1990305"}],"wp:attachment":[{"href":"https:\/\/eu.tilta.com\/fr\/wp-json\/wp\/v2\/media?parent=1990280"}],"wp:term":[{"taxonomy":"product_cat","embeddable":true,"href":"https:\/\/eu.tilta.com\/fr\/wp-json\/wp\/v2\/product_cat?post=1990280"},{"taxonomy":"product_tag","embeddable":true,"href":"https:\/\/eu.tilta.com\/fr\/wp-json\/wp\/v2\/product_tag?post=1990280"}],"curies":[{"name":"wp","href":"https:\/\/api.w.org\/{rel}","templated":true}]}}