{"id":1990430,"date":"2022-09-28T12:19:56","date_gmt":"2022-09-28T10:19:56","guid":{"rendered":"https:\/\/de.tilta.com\/shop\/plaque-de-batterie-pour-dji-ronin-power-pass-through-plate-kit\/"},"modified":"2026-01-15T17:09:26","modified_gmt":"2026-01-15T16:09:26","slug":"power-pass-through-plate-for-dji-ronin","status":"publish","type":"product","link":"https:\/\/eu.tilta.com\/fr\/shop\/power-pass-through-plate-for-dji-ronin\/","title":{"rendered":"Plaque de batterie pour DJI Ronin Power Pass-through Plate Kit"},"content":{"rendered":"<div class=\"overview-text\">\n<p>Ce kit de passage de la plaque de batterie remplace la luge d&#8217;origine des DJI RS3 et RS3 Pro et offre des options d&#8217;alimentation \u00e9tendues.<\/p>\n<p>Une fois que vous avez retir\u00e9 la plaque Ronin d&#8217;origine en d\u00e9verrouillant le levier de r\u00e9glage de la hauteur et en faisant glisser la plaque, la plaque Power Pass-through se glisse et se verrouille de la m\u00eame mani\u00e8re.<\/p>\n<p>La Power Pass-through Plate dispose de deux ports de sortie d&#8217;alimentation Lemo \u00e0 2 broches et de deux ports de sortie d&#8217;alimentation P-Tap, ce qui fait de cette plaque la solution parfaite pour alimenter votre appareil photo ou des accessoires tels que des moteurs de suivi de la mise au point sans fil pendant que vous utilisez votre gimbal.<\/p>\n<p>Les ports Lemo \u00e0 2 broches peuvent \u00e9galement servir d&#8217;entr\u00e9e d&#8217;alimentation, ce qui vous permet d&#8217;alimenter la plaque via une source externe \u00e0 l&#8217;aide d&#8217;un c\u00e2ble d&#8217;alimentation 2 broches vers P-Tap (en option).<\/p>\n<p>La plaque de batterie Gold Mount ou V-Mount vous permet de monter des batteries sous la plaque, ce qui vous donne la possibilit\u00e9 d&#8217;alimenter votre appareil photo et vos accessoires avec des batteries de plus grande capacit\u00e9 sans avoir \u00e0 les monter directement sur le bo\u00eetier de votre appareil photo.<\/p>\n<p>Il est ainsi plus facile d&#8217;\u00e9quilibrer votre syst\u00e8me de cam\u00e9ra sur le cardan et d&#8217;am\u00e9liorer les performances globales du cardan gr\u00e2ce \u00e0 un centre de gravit\u00e9 plus optimis\u00e9.<\/p>\n<p>La possibilit\u00e9 de monter une batterie suppl\u00e9mentaire en fait un accessoire parfait pour l&#8217;Hydra Alien lorsque vous utilisez des syst\u00e8mes de cam\u00e9ra plus l\u00e9gers qui ont besoin d&#8217;un poids suppl\u00e9mentaire pour obtenir les meilleures performances du bras d&#8217;absorption des chocs.<\/p>\n<p>Il s&#8217;agit \u00e9galement d&#8217;une solution parfaite pour ajouter des sorties de puissance au syst\u00e8me de flottaison.<\/p>\n<p>Ce kit comprend la plaque de passage d&#8217;alimentation et une plaque de batterie Gold ou V-Mount, avec la possibilit\u00e9 de remplacer la plaque de batterie par un c\u00e2ble d&#8217;alimentation 2 broches vers P-Tap.<\/p>\n<\/div>\n","protected":false},"excerpt":{"rendered":"<p>Ce kit de passage de la plaque de batterie remplace la luge d&#8217;origine des DJI RS3 et RS3 Pro et offre des options d&#8217;alimentation \u00e9tendues. Une fois que vous avez retir\u00e9 la plaque Ronin d&#8217;origine en d\u00e9verrouillant le levier de [&hellip;]<\/p>\n","protected":false},"featured_media":1990443,"comment_status":"closed","ping_status":"closed","template":"","meta":[],"product_cat":[2249,2418],"product_tag":[],"acf":[],"gallery_images":[1990445,1990447,1990449,1990451,1990454],"_links":{"self":[{"href":"https:\/\/eu.tilta.com\/fr\/wp-json\/wp\/v2\/product\/1990430"}],"collection":[{"href":"https:\/\/eu.tilta.com\/fr\/wp-json\/wp\/v2\/product"}],"about":[{"href":"https:\/\/eu.tilta.com\/fr\/wp-json\/wp\/v2\/types\/product"}],"replies":[{"embeddable":true,"href":"https:\/\/eu.tilta.com\/fr\/wp-json\/wp\/v2\/comments?post=1990430"}],"wp:featuredmedia":[{"embeddable":true,"href":"https:\/\/eu.tilta.com\/fr\/wp-json\/wp\/v2\/media\/1990443"}],"wp:attachment":[{"href":"https:\/\/eu.tilta.com\/fr\/wp-json\/wp\/v2\/media?parent=1990430"}],"wp:term":[{"taxonomy":"product_cat","embeddable":true,"href":"https:\/\/eu.tilta.com\/fr\/wp-json\/wp\/v2\/product_cat?post=1990430"},{"taxonomy":"product_tag","embeddable":true,"href":"https:\/\/eu.tilta.com\/fr\/wp-json\/wp\/v2\/product_tag?post=1990430"}],"curies":[{"name":"wp","href":"https:\/\/api.w.org\/{rel}","templated":true}]}}