{"id":1990434,"date":"2022-10-14T09:15:43","date_gmt":"2022-10-14T07:15:43","guid":{"rendered":"https:\/\/de.tilta.com\/shop\/cage-a-camera-pour-sony-venice-2\/"},"modified":"2025-12-05T12:50:42","modified_gmt":"2025-12-05T11:50:42","slug":"camera-cage-for-sony-venice-2","status":"publish","type":"product","link":"https:\/\/eu.tilta.com\/fr\/shop\/camera-cage-for-sony-venice-2\/","title":{"rendered":"Cage \u00e0 cam\u00e9ra pour Sony Venice 2"},"content":{"rendered":"<p>\u00c9largissez les fonctionnalit\u00e9s de votre bo\u00eetier Sony Venice avec notre nouvelle cage pour Sony Venice 2 !<\/p>\n<p>Le cadre de cette cage est fabriqu\u00e9 \u00e0 partir d&#8217;un alliage d&#8217;aluminium de haute qualit\u00e9, frais\u00e9 par CNC, qui offre une protection suppl\u00e9mentaire et des options de montage pour les accessoires.<\/p>\n<p>La cage elle-m\u00eame supporte les accessoires via la griffe froide, le rail NATO, les filetages 1\/4\u2033-20 et les filetages 3\/8\u2033-16 avec des goupilles de positionnement.<\/p>\n<p>La nouvelle plaque de batterie pour la Sony Venice 2 est disponible en version Gold Mount ou V Mount et s&#8217;int\u00e8gre \u00e0 la plaque sup\u00e9rieure par le biais d&#8217;un c\u00e2ble externe, qui fournit une alimentation et une communication fiables aux diff\u00e9rents ports de la cage.<\/p>\n<p>Ce c\u00e2ble est \u00e9galement compatible avec le module d&#8217;enregistrement externe de plus grande taille qui peut \u00eatre fix\u00e9 \u00e0 l&#8217;arri\u00e8re de l&#8217;appareil photo.<\/p>\n<p>Cela \u00e9largit consid\u00e9rablement vos possibilit\u00e9s d&#8217;alimentation des accessoires et de d\u00e9clenchement sans fil de l&#8217;appareil photo.<\/p>\n<p>La plaque sup\u00e9rieure utilise un c\u00e2ble de communication int\u00e9gr\u00e9 similaire \u00e0 notre pr\u00e9c\u00e9dent syst\u00e8me Venice et fournit la fonctionnalit\u00e9 Run Stop \u00e0 tous les ports Fischer R\/S \u00e0 3 broches de la cage.<\/p>\n<p>Le viseur de la Venice peut \u00e9galement \u00eatre mont\u00e9 sur la plaque sup\u00e9rieure gr\u00e2ce \u00e0 des tiges LWS de 15 mm qui peuvent \u00eatre fix\u00e9es \u00e0 l&#8217;avant de la plaque.<\/p>\n<p>La poign\u00e9e sup\u00e9rieure est r\u00e9glable, ce qui lui permet de glisser facilement sur la plaque sup\u00e9rieure, qui est \u00e9galement compatible avec la poign\u00e9e sup\u00e9rieure originale de Venice.<\/p>\n<p>Il s&#8217;agit d&#8217;une solution pratique pour r\u00e9gler rapidement l&#8217;\u00e9quilibre de la cam\u00e9ra apr\u00e8s un changement d&#8217;objectif ou lors de l&#8217;adaptation de la cam\u00e9ra \u00e0 des installations Steadicam\/Gimbal.<\/p>\n<p>Une extension de la poign\u00e9e sup\u00e9rieure peut \u00eatre mont\u00e9e en option pour \u00e9largir la poign\u00e9e de mani\u00e8re \u00e0 ce qu&#8217;elle s&#8217;enroule autour de la plaque de batterie.<\/p>\n<p>Cela offre des options de montage suppl\u00e9mentaires ainsi qu&#8217;une mani\u00e8re unique d&#8217;utiliser l&#8217;appareil photo, en particulier \u00e0 des angles plus faibles.<\/p>\n<p>La plaque de base comprend une \u00e9pauli\u00e8re int\u00e9gr\u00e9e et est compatible avec les queues d&#8217;aronde Tilta-Standard.<\/p>\n<p>Une plaque de base multifonctionnelle Tilta Standard vers Arri Standard peut \u00eatre utilis\u00e9e en option pour adapter cette cage \u00e0 une queue d&#8217;aronde Arri Standard si n\u00e9cessaire.<\/p>\n<p>Compatible avec la Sony Venice et la Sony Venice 2 !<\/p>\n","protected":false},"excerpt":{"rendered":"<p>\u00c9largissez les fonctionnalit\u00e9s de votre bo\u00eetier Sony Venice avec notre nouvelle cage pour Sony Venice 2 ! Le cadre de cette cage est fabriqu\u00e9 \u00e0 partir d&#8217;un alliage d&#8217;aluminium de haute qualit\u00e9, frais\u00e9 par CNC, qui offre une protection suppl\u00e9mentaire [&hellip;]<\/p>\n","protected":false},"featured_media":1990450,"comment_status":"closed","ping_status":"closed","template":"","meta":[],"product_cat":[1742],"product_tag":[],"acf":[],"gallery_images":[1930234,1930209],"_links":{"self":[{"href":"https:\/\/eu.tilta.com\/fr\/wp-json\/wp\/v2\/product\/1990434"}],"collection":[{"href":"https:\/\/eu.tilta.com\/fr\/wp-json\/wp\/v2\/product"}],"about":[{"href":"https:\/\/eu.tilta.com\/fr\/wp-json\/wp\/v2\/types\/product"}],"replies":[{"embeddable":true,"href":"https:\/\/eu.tilta.com\/fr\/wp-json\/wp\/v2\/comments?post=1990434"}],"wp:featuredmedia":[{"embeddable":true,"href":"https:\/\/eu.tilta.com\/fr\/wp-json\/wp\/v2\/media\/1990450"}],"wp:attachment":[{"href":"https:\/\/eu.tilta.com\/fr\/wp-json\/wp\/v2\/media?parent=1990434"}],"wp:term":[{"taxonomy":"product_cat","embeddable":true,"href":"https:\/\/eu.tilta.com\/fr\/wp-json\/wp\/v2\/product_cat?post=1990434"},{"taxonomy":"product_tag","embeddable":true,"href":"https:\/\/eu.tilta.com\/fr\/wp-json\/wp\/v2\/product_tag?post=1990434"}],"curies":[{"name":"wp","href":"https:\/\/api.w.org\/{rel}","templated":true}]}}