{"id":1990456,"date":"2022-09-23T08:55:48","date_gmt":"2022-09-23T06:55:48","guid":{"rendered":"https:\/\/de.tilta.com\/shop\/bras-articule-tilta-mini\/"},"modified":"2026-03-20T04:17:45","modified_gmt":"2026-03-20T03:17:45","slug":"tiltaing-mini-articulating-arm","status":"publish","type":"product","link":"https:\/\/eu.tilta.com\/fr\/shop\/tiltaing-mini-articulating-arm\/","title":{"rendered":"Bras articul\u00e9 Tilta Mini"},"content":{"rendered":"<p>Ce mini-bras articul\u00e9 est l&#8217;option id\u00e9ale pour monter divers accessoires sur votre appareil photo.<\/p>\n<p>Ce bras r\u00e9glable comporte des points de fixation \u00bc&#8221;-20 avec des goupilles de positionnement aux deux extr\u00e9mit\u00e9s.<\/p>\n<p>Cela vous permet de monter et d&#8217;ajuster la position d&#8217;\u00e9crans externes, de viseurs \u00e9lectroniques, d&#8217;\u00e9clairages ou de microphones sur l&#8217;appareil photo et d&#8217;autres accessoires suppl\u00e9mentaires.<\/p>\n","protected":false},"excerpt":{"rendered":"<p>Ce mini-bras articul\u00e9 est l&#8217;option id\u00e9ale pour monter divers accessoires sur votre appareil photo. Ce bras r\u00e9glable comporte des points de fixation \u00bc&#8221;-20 avec des goupilles de positionnement aux deux extr\u00e9mit\u00e9s. Cela vous permet de monter et d&#8217;ajuster la position [&hellip;]<\/p>\n","protected":false},"featured_media":1990490,"comment_status":"closed","ping_status":"closed","template":"","meta":[],"product_cat":[3895,3252,3089,1882,1620,1811,1713,1621,1622,1802,1805,1762,1799,1757,1748,1732,1706,1623,1624,1626,1629,2294,2266,2293,1794,1782,1739,1631,1791,1715,2065,1735,1775,1728,1635,1809,1745,1726,1636,1642,1644,1647,1652,1768,3147,1723,1655,1658,1661,1773,1784,1765,1754,1752,1742,1718,1710,1700,1703,1697,1663,1668,1671,1675,1679,1681,1684,1694,1687,1691,2087,2187,2076,1880],"product_tag":[],"acf":[],"gallery_images":[1990493,1990496,1990500,1990502,1990504,1990507,1990510],"_links":{"self":[{"href":"https:\/\/eu.tilta.com\/fr\/wp-json\/wp\/v2\/product\/1990456"}],"collection":[{"href":"https:\/\/eu.tilta.com\/fr\/wp-json\/wp\/v2\/product"}],"about":[{"href":"https:\/\/eu.tilta.com\/fr\/wp-json\/wp\/v2\/types\/product"}],"replies":[{"embeddable":true,"href":"https:\/\/eu.tilta.com\/fr\/wp-json\/wp\/v2\/comments?post=1990456"}],"wp:featuredmedia":[{"embeddable":true,"href":"https:\/\/eu.tilta.com\/fr\/wp-json\/wp\/v2\/media\/1990490"}],"wp:attachment":[{"href":"https:\/\/eu.tilta.com\/fr\/wp-json\/wp\/v2\/media?parent=1990456"}],"wp:term":[{"taxonomy":"product_cat","embeddable":true,"href":"https:\/\/eu.tilta.com\/fr\/wp-json\/wp\/v2\/product_cat?post=1990456"},{"taxonomy":"product_tag","embeddable":true,"href":"https:\/\/eu.tilta.com\/fr\/wp-json\/wp\/v2\/product_tag?post=1990456"}],"curies":[{"name":"wp","href":"https:\/\/api.w.org\/{rel}","templated":true}]}}