{"id":1990644,"date":"2022-10-14T09:07:42","date_gmt":"2022-10-14T07:07:42","guid":{"rendered":"https:\/\/de.tilta.com\/shop\/plaque-de-batterie-pour-sony-venice-2\/"},"modified":"2025-12-05T12:51:07","modified_gmt":"2025-12-05T11:51:07","slug":"battery-plate-for-sony-venice-2","status":"publish","type":"product","link":"https:\/\/eu.tilta.com\/fr\/shop\/battery-plate-for-sony-venice-2\/","title":{"rendered":"Plaque de batterie pour Sony Venice 2"},"content":{"rendered":"<p>Cette plaque de batterie actualis\u00e9e pour la Sony Venice 2 est disponible en version Gold Mount ou V Mount.<\/p>\n<p>Il s&#8217;int\u00e8gre \u00e0 la plaque sup\u00e9rieure par l&#8217;interm\u00e9diaire d&#8217;un c\u00e2ble externe, qui fournit une alimentation et une communication fiables aux diff\u00e9rents ports de la cage.<\/p>\n<p>Ce c\u00e2ble est \u00e9galement compatible avec le module d&#8217;enregistrement externe de plus grande taille qui peut \u00eatre fix\u00e9 \u00e0 l&#8217;arri\u00e8re de l&#8217;appareil photo.<\/p>\n<p>Cela \u00e9largit consid\u00e9rablement vos possibilit\u00e9s d&#8217;alimentation des accessoires et de d\u00e9clenchement sans fil de l&#8217;appareil photo.<\/p>\n","protected":false},"excerpt":{"rendered":"<p>Cette plaque de batterie actualis\u00e9e pour la Sony Venice 2 est disponible en version Gold Mount ou V Mount. Il s&#8217;int\u00e8gre \u00e0 la plaque sup\u00e9rieure par l&#8217;interm\u00e9diaire d&#8217;un c\u00e2ble externe, qui fournit une alimentation et une communication fiables aux diff\u00e9rents [&hellip;]<\/p>\n","protected":false},"featured_media":1990645,"comment_status":"closed","ping_status":"closed","template":"","meta":[],"product_cat":[1742],"product_tag":[],"acf":[],"gallery_images":[1930214,1930200],"_links":{"self":[{"href":"https:\/\/eu.tilta.com\/fr\/wp-json\/wp\/v2\/product\/1990644"}],"collection":[{"href":"https:\/\/eu.tilta.com\/fr\/wp-json\/wp\/v2\/product"}],"about":[{"href":"https:\/\/eu.tilta.com\/fr\/wp-json\/wp\/v2\/types\/product"}],"replies":[{"embeddable":true,"href":"https:\/\/eu.tilta.com\/fr\/wp-json\/wp\/v2\/comments?post=1990644"}],"wp:featuredmedia":[{"embeddable":true,"href":"https:\/\/eu.tilta.com\/fr\/wp-json\/wp\/v2\/media\/1990645"}],"wp:attachment":[{"href":"https:\/\/eu.tilta.com\/fr\/wp-json\/wp\/v2\/media?parent=1990644"}],"wp:term":[{"taxonomy":"product_cat","embeddable":true,"href":"https:\/\/eu.tilta.com\/fr\/wp-json\/wp\/v2\/product_cat?post=1990644"},{"taxonomy":"product_tag","embeddable":true,"href":"https:\/\/eu.tilta.com\/fr\/wp-json\/wp\/v2\/product_tag?post=1990644"}],"curies":[{"name":"wp","href":"https:\/\/api.w.org\/{rel}","templated":true}]}}