{"id":1990702,"date":"2022-09-23T18:52:38","date_gmt":"2022-09-23T16:52:38","guid":{"rendered":"https:\/\/de.tilta.com\/shop\/cable-dalimentation-12v-usb-c-vers-35-135mm-dc-male-40cm\/"},"modified":"2025-12-05T12:51:08","modified_gmt":"2025-12-05T11:51:08","slug":"12v-usb-c-to-3-5-1-35mm-dc-male-power-cable-40cm","status":"publish","type":"product","link":"https:\/\/eu.tilta.com\/fr\/shop\/12v-usb-c-to-3-5-1-35mm-dc-male-power-cable-40cm\/","title":{"rendered":"C\u00e2ble d&#8217;alimentation 12V USB-C vers 3,5\/1,35mm DC m\u00e2le (40cm)"},"content":{"rendered":"<p>Ce c\u00e2ble d&#8217;alimentation vous permet de connecter le port 12V 3,5\/1,35mm Micro DC de votre poign\u00e9e lat\u00e9rale avanc\u00e9e au port USB-C du syst\u00e8me DJI Lidar.<\/p>\n<p>Cela vous permet d&#8217;alimenter le Lidar sans utiliser de Ronin Gimbal.<\/p>\n<p>Celle-ci peut \u00e9galement \u00eatre utilis\u00e9e pour alimenter d&#8217;autres accessoires via une connexion USB-C \u00e0 plus haute tension.<\/p>\n","protected":false},"excerpt":{"rendered":"<p>Ce c\u00e2ble d&#8217;alimentation vous permet de connecter le port 12V 3,5\/1,35mm Micro DC de votre poign\u00e9e lat\u00e9rale avanc\u00e9e au port USB-C du syst\u00e8me DJI Lidar. Cela vous permet d&#8217;alimenter le Lidar sans utiliser de Ronin Gimbal. Celle-ci peut \u00e9galement \u00eatre [&hellip;]<\/p>\n","protected":false},"featured_media":1990705,"comment_status":"closed","ping_status":"closed","template":"","meta":[],"product_cat":[2200],"product_tag":[],"acf":[],"gallery_images":[],"_links":{"self":[{"href":"https:\/\/eu.tilta.com\/fr\/wp-json\/wp\/v2\/product\/1990702"}],"collection":[{"href":"https:\/\/eu.tilta.com\/fr\/wp-json\/wp\/v2\/product"}],"about":[{"href":"https:\/\/eu.tilta.com\/fr\/wp-json\/wp\/v2\/types\/product"}],"replies":[{"embeddable":true,"href":"https:\/\/eu.tilta.com\/fr\/wp-json\/wp\/v2\/comments?post=1990702"}],"wp:featuredmedia":[{"embeddable":true,"href":"https:\/\/eu.tilta.com\/fr\/wp-json\/wp\/v2\/media\/1990705"}],"wp:attachment":[{"href":"https:\/\/eu.tilta.com\/fr\/wp-json\/wp\/v2\/media?parent=1990702"}],"wp:term":[{"taxonomy":"product_cat","embeddable":true,"href":"https:\/\/eu.tilta.com\/fr\/wp-json\/wp\/v2\/product_cat?post=1990702"},{"taxonomy":"product_tag","embeddable":true,"href":"https:\/\/eu.tilta.com\/fr\/wp-json\/wp\/v2\/product_tag?post=1990702"}],"curies":[{"name":"wp","href":"https:\/\/api.w.org\/{rel}","templated":true}]}}