{"id":1990707,"date":"2022-09-22T12:30:45","date_gmt":"2022-09-22T10:30:45","guid":{"rendered":"https:\/\/de.tilta.com\/shop\/adaptateur-dobjectif-pour-fujifilm-x-h2s-noir\/"},"modified":"2025-12-05T12:51:02","modified_gmt":"2025-12-05T11:51:02","slug":"lens-adapter-support-for-fujifilm-x-h2s-black","status":"publish","type":"product","link":"https:\/\/eu.tilta.com\/fr\/shop\/lens-adapter-support-for-fujifilm-x-h2s-black\/","title":{"rendered":"Adaptateur d&#8217;objectif pour Fujifilm X-H2S &#8211; Noir"},"content":{"rendered":"<p>Ce support d&#8217;adaptateur d&#8217;objectif se monte \u00e0 l&#8217;avant de la cage de notre Fujifilm X-H2S et fournit un support suppl\u00e9mentaire pour les adaptateurs d&#8217;objectif VILTROX EF &#8211; FX1 et NF &#8211; FX1.<\/p>\n<p>Il s&#8217;agit d&#8217;un point de contact suppl\u00e9mentaire entre votre cage et l&#8217;adaptateur d&#8217;objectif, ce qui permet de cr\u00e9er une connexion plus s\u00fbre et de limiter les d\u00e9calages dans l&#8217;image qui pourraient survenir lors du r\u00e9glage de la mise au point.<\/p>\n<p>&nbsp;<\/p>\n","protected":false},"excerpt":{"rendered":"<p>Ce support d&#8217;adaptateur d&#8217;objectif se monte \u00e0 l&#8217;avant de la cage de notre Fujifilm X-H2S et fournit un support suppl\u00e9mentaire pour les adaptateurs d&#8217;objectif VILTROX EF &#8211; FX1 et NF &#8211; FX1. Il s&#8217;agit d&#8217;un point de contact suppl\u00e9mentaire entre [&hellip;]<\/p>\n","protected":false},"featured_media":1990710,"comment_status":"closed","ping_status":"closed","template":"","meta":[],"product_cat":[1739],"product_tag":[],"acf":[],"gallery_images":[1928969],"_links":{"self":[{"href":"https:\/\/eu.tilta.com\/fr\/wp-json\/wp\/v2\/product\/1990707"}],"collection":[{"href":"https:\/\/eu.tilta.com\/fr\/wp-json\/wp\/v2\/product"}],"about":[{"href":"https:\/\/eu.tilta.com\/fr\/wp-json\/wp\/v2\/types\/product"}],"replies":[{"embeddable":true,"href":"https:\/\/eu.tilta.com\/fr\/wp-json\/wp\/v2\/comments?post=1990707"}],"wp:featuredmedia":[{"embeddable":true,"href":"https:\/\/eu.tilta.com\/fr\/wp-json\/wp\/v2\/media\/1990710"}],"wp:attachment":[{"href":"https:\/\/eu.tilta.com\/fr\/wp-json\/wp\/v2\/media?parent=1990707"}],"wp:term":[{"taxonomy":"product_cat","embeddable":true,"href":"https:\/\/eu.tilta.com\/fr\/wp-json\/wp\/v2\/product_cat?post=1990707"},{"taxonomy":"product_tag","embeddable":true,"href":"https:\/\/eu.tilta.com\/fr\/wp-json\/wp\/v2\/product_tag?post=1990707"}],"curies":[{"name":"wp","href":"https:\/\/api.w.org\/{rel}","templated":true}]}}