{"id":1990721,"date":"2022-09-22T12:24:44","date_gmt":"2022-09-22T10:24:44","guid":{"rendered":"https:\/\/de.tilta.com\/shop\/plaque-de-fixation-rapide-manfrotto-pour-fujifilm-x-h2s-noir\/"},"modified":"2025-12-05T12:51:16","modified_gmt":"2025-12-05T11:51:16","slug":"manfrotto-quick-release-plate-for-fujifilm-x-h2s-black","status":"publish","type":"product","link":"https:\/\/eu.tilta.com\/fr\/shop\/manfrotto-quick-release-plate-for-fujifilm-x-h2s-black\/","title":{"rendered":"Plaque de fixation rapide Manfrotto pour Fujifilm X-H2S &#8211; Noir"},"content":{"rendered":"<p>Cette plaque de fixation rapide Manfrotto se monte \u00e0 la base de notre cage Fujifilm X-H2S et permet aux utilisateurs de connecter rapidement leurs appareils photo aux syst\u00e8mes de support Manfrotto compatibles.<\/p>\n<p>Cette plaque permet aux utilisateurs de passer sans probl\u00e8me d&#8217;un tr\u00e9pied \u00e0 l&#8217;autre, d&#8217;une cardan \u00e0 l&#8217;autre et d&#8217;autres syst\u00e8mes de support \u00e9quip\u00e9s de r\u00e9cepteurs Manfrotto 577, 500 et 701.<\/p>\n<p>Cette plaque de fixation rapide n&#8217;est pas compatible avec nos plaques de base LWS de 15 mm.<\/p>\n","protected":false},"excerpt":{"rendered":"<p>Cette plaque de fixation rapide Manfrotto se monte \u00e0 la base de notre cage Fujifilm X-H2S et permet aux utilisateurs de connecter rapidement leurs appareils photo aux syst\u00e8mes de support Manfrotto compatibles. Cette plaque permet aux utilisateurs de passer sans [&hellip;]<\/p>\n","protected":false},"featured_media":1990722,"comment_status":"closed","ping_status":"closed","template":"","meta":[],"product_cat":[1739],"product_tag":[],"acf":[],"gallery_images":[1928964],"_links":{"self":[{"href":"https:\/\/eu.tilta.com\/fr\/wp-json\/wp\/v2\/product\/1990721"}],"collection":[{"href":"https:\/\/eu.tilta.com\/fr\/wp-json\/wp\/v2\/product"}],"about":[{"href":"https:\/\/eu.tilta.com\/fr\/wp-json\/wp\/v2\/types\/product"}],"replies":[{"embeddable":true,"href":"https:\/\/eu.tilta.com\/fr\/wp-json\/wp\/v2\/comments?post=1990721"}],"wp:featuredmedia":[{"embeddable":true,"href":"https:\/\/eu.tilta.com\/fr\/wp-json\/wp\/v2\/media\/1990722"}],"wp:attachment":[{"href":"https:\/\/eu.tilta.com\/fr\/wp-json\/wp\/v2\/media?parent=1990721"}],"wp:term":[{"taxonomy":"product_cat","embeddable":true,"href":"https:\/\/eu.tilta.com\/fr\/wp-json\/wp\/v2\/product_cat?post=1990721"},{"taxonomy":"product_tag","embeddable":true,"href":"https:\/\/eu.tilta.com\/fr\/wp-json\/wp\/v2\/product_tag?post=1990721"}],"curies":[{"name":"wp","href":"https:\/\/api.w.org\/{rel}","templated":true}]}}