{"id":1990779,"date":"2022-09-22T08:52:37","date_gmt":"2022-09-22T06:52:37","guid":{"rendered":"https:\/\/de.tilta.com\/shop\/plaque-de-batterie-pour-dji-high-bright-remote-monitor\/"},"modified":"2026-04-13T14:28:02","modified_gmt":"2026-04-13T12:28:02","slug":"battery-plate-for-dji-high-bright-remote-monitor","status":"publish","type":"product","link":"https:\/\/eu.tilta.com\/fr\/shop\/battery-plate-for-dji-high-bright-remote-monitor\/","title":{"rendered":"Plaque de batterie pour DJI High-Bright Remote Monitor"},"content":{"rendered":"<p>Cette plaque de batterie vous permet d&#8217;alimenter votre moniteur \u00e0 distance High Bright avec des batteries Gold Mount ou V Mount de plus grande capacit\u00e9.<\/p>\n<p>C&#8217;est la solution id\u00e9ale pour alimenter votre moniteur pendant de longues p\u00e9riodes, en particulier lorsque le poids suppl\u00e9mentaire d&#8217;une batterie plus grande n&#8217;est pas un probl\u00e8me.<\/p>\n","protected":false},"excerpt":{"rendered":"<p>Cette plaque de batterie vous permet d&#8217;alimenter votre moniteur \u00e0 distance High Bright avec des batteries Gold Mount ou V Mount de plus grande capacit\u00e9. C&#8217;est la solution id\u00e9ale pour alimenter votre moniteur pendant de longues p\u00e9riodes, en particulier lorsque [&hellip;]<\/p>\n","protected":false},"featured_media":1990783,"comment_status":"closed","ping_status":"closed","template":"","meta":[],"product_cat":[2087],"product_tag":[],"acf":[],"gallery_images":[1990784,1990785,1990786,1990787],"_links":{"self":[{"href":"https:\/\/eu.tilta.com\/fr\/wp-json\/wp\/v2\/product\/1990779"}],"collection":[{"href":"https:\/\/eu.tilta.com\/fr\/wp-json\/wp\/v2\/product"}],"about":[{"href":"https:\/\/eu.tilta.com\/fr\/wp-json\/wp\/v2\/types\/product"}],"replies":[{"embeddable":true,"href":"https:\/\/eu.tilta.com\/fr\/wp-json\/wp\/v2\/comments?post=1990779"}],"wp:featuredmedia":[{"embeddable":true,"href":"https:\/\/eu.tilta.com\/fr\/wp-json\/wp\/v2\/media\/1990783"}],"wp:attachment":[{"href":"https:\/\/eu.tilta.com\/fr\/wp-json\/wp\/v2\/media?parent=1990779"}],"wp:term":[{"taxonomy":"product_cat","embeddable":true,"href":"https:\/\/eu.tilta.com\/fr\/wp-json\/wp\/v2\/product_cat?post=1990779"},{"taxonomy":"product_tag","embeddable":true,"href":"https:\/\/eu.tilta.com\/fr\/wp-json\/wp\/v2\/product_tag?post=1990779"}],"curies":[{"name":"wp","href":"https:\/\/api.w.org\/{rel}","templated":true}]}}