{"id":1990790,"date":"2022-09-22T08:55:12","date_gmt":"2022-09-22T06:55:12","guid":{"rendered":"https:\/\/de.tilta.com\/shop\/module-dalimentation-pour-dji-transmission\/"},"modified":"2026-03-26T15:53:09","modified_gmt":"2026-03-26T14:53:09","slug":"power-supply-module-for-dji-video-transmitter","status":"publish","type":"product","link":"https:\/\/eu.tilta.com\/fr\/shop\/power-supply-module-for-dji-video-transmitter\/","title":{"rendered":"Module d&#8217;alimentation pour DJI Transmission"},"content":{"rendered":"<p>Ce module d&#8217;alimentation est la solution de montage et d&#8217;alimentation parfaite pour l&#8217;\u00e9metteur ou le r\u00e9cepteur vid\u00e9o DJI.<\/p>\n<p>Les plaques avant et arri\u00e8re du module peuvent \u00eatre install\u00e9es des deux c\u00f4t\u00e9s des unit\u00e9s de transmission vid\u00e9o.<\/p>\n<p>La face avant du module vous permet de monter votre \u00e9metteur ou r\u00e9cepteur vid\u00e9o DJI sur une plaque de batterie Gold\/V-Mount de votre syst\u00e8me de cam\u00e9ra.<\/p>\n<p>La face arri\u00e8re vous permet de monter une batterie Gold ou V-Mount sur l&#8217;unit\u00e9 qui peut fournir de l&#8217;\u00e9nergie et transmettre l&#8217;\u00e9nergie au bo\u00eetier de l&#8217;appareil photo ou au moniteur sans fil par l&#8217;interm\u00e9diaire du module.<\/p>\n<p>Il s&#8217;agit d&#8217;une option fantastique pour ceux qui recherchent un moyen propre et pratique de monter et d&#8217;alimenter le syst\u00e8me de transmission DJI.<\/p>\n<p><strong>REMARQUE : ces plaques ne peuvent \u00eatre mont\u00e9es sur l&#8217;\u00e9metteur que dans une seule configuration, qui place les ports SDI du c\u00f4t\u00e9 de l&#8217;op\u00e9rateur et l&#8217;\u00e9cran LCD\/le bouton de commande du c\u00f4t\u00e9 de l&#8217;assistant.  <\/strong><\/p>\n","protected":false},"excerpt":{"rendered":"<p>Ce module d&#8217;alimentation est la solution de montage et d&#8217;alimentation parfaite pour l&#8217;\u00e9metteur ou le r\u00e9cepteur vid\u00e9o DJI. Les plaques avant et arri\u00e8re du module peuvent \u00eatre install\u00e9es des deux c\u00f4t\u00e9s des unit\u00e9s de transmission vid\u00e9o. La face avant du [&hellip;]<\/p>\n","protected":false},"featured_media":1990807,"comment_status":"closed","ping_status":"closed","template":"","meta":[],"product_cat":[2087,2418],"product_tag":[],"acf":[],"gallery_images":[1990809,1990810,1990811,1990812,1990813],"_links":{"self":[{"href":"https:\/\/eu.tilta.com\/fr\/wp-json\/wp\/v2\/product\/1990790"}],"collection":[{"href":"https:\/\/eu.tilta.com\/fr\/wp-json\/wp\/v2\/product"}],"about":[{"href":"https:\/\/eu.tilta.com\/fr\/wp-json\/wp\/v2\/types\/product"}],"replies":[{"embeddable":true,"href":"https:\/\/eu.tilta.com\/fr\/wp-json\/wp\/v2\/comments?post=1990790"}],"wp:featuredmedia":[{"embeddable":true,"href":"https:\/\/eu.tilta.com\/fr\/wp-json\/wp\/v2\/media\/1990807"}],"wp:attachment":[{"href":"https:\/\/eu.tilta.com\/fr\/wp-json\/wp\/v2\/media?parent=1990790"}],"wp:term":[{"taxonomy":"product_cat","embeddable":true,"href":"https:\/\/eu.tilta.com\/fr\/wp-json\/wp\/v2\/product_cat?post=1990790"},{"taxonomy":"product_tag","embeddable":true,"href":"https:\/\/eu.tilta.com\/fr\/wp-json\/wp\/v2\/product_tag?post=1990790"}],"curies":[{"name":"wp","href":"https:\/\/api.w.org\/{rel}","templated":true}]}}