{"id":1990904,"date":"2022-09-19T12:28:39","date_gmt":"2022-09-19T10:28:39","guid":{"rendered":"https:\/\/de.tilta.com\/shop\/cage-pour-fujifilm-x-h2s-basic-kit-noir\/"},"modified":"2026-03-28T11:10:54","modified_gmt":"2026-03-28T10:10:54","slug":"camera-cage-for-fujifilm-x-h2s-basic-kit-black","status":"publish","type":"product","link":"https:\/\/eu.tilta.com\/fr\/shop\/camera-cage-for-fujifilm-x-h2s-basic-kit-black\/","title":{"rendered":"Cage pour Fujifilm X-H2S Basic Kit &#8211; Noir"},"content":{"rendered":"<p>\u00c9largissez consid\u00e9rablement les fonctionnalit\u00e9s de votre Fujifilm X-H2 &amp; X-H2S tout en am\u00e9liorant vos options de montage de divers accessoires gr\u00e2ce \u00e0 notre kit de base pour cage \u00e0 cam\u00e9ra !<\/p>\n<p>La cage prot\u00e8ge le bo\u00eetier de votre appareil photo et comporte des points de montage tels que des filetages 1\/4&#8243;-20, une connexion Rosette et un r\u00e9cepteur Cold Shoe.<\/p>\n<p>Vous trouverez \u00e9galement deux raccords de rail OTAN compatibles avec nos <a href=\"https:\/\/de.tilta.com\/product-category\/handles\/side-handles\/\">poign\u00e9es lat\u00e9rales<\/a> optionnelles de type IV\/VI et la poign\u00e9e sup\u00e9rieure compacte OTAN incluse.<\/p>\n<p>Cette poign\u00e9e sup\u00e9rieure est dot\u00e9e de plusieurs filetages 1\/4&#8243;-20 et 3\/8&#8243;-16 ainsi que d&#8217;un r\u00e9cepteur de patin \u00e0 froid unique situ\u00e9 \u00e0 l&#8217;avant de la poign\u00e9e.<\/p>\n<p>Le kit de base comprend une plaque de fixation rapide Manfrotto pour la connexion aux t\u00eates de tr\u00e9pieds Manfrotto compatibles, ainsi qu&#8217;un support d&#8217;adaptateur d&#8217;objectif VILTROX qui se connecte directement \u00e0 la cage de l&#8217;appareil photo.<\/p>\n<p>La cage comporte plusieurs points de montage pour les <a href=\"https:\/\/de.tilta.com\/product-category\/accessories\/rod-rod-holders\/\">supports de tige unique de 15 mm<\/a> en option, qui sont d&#8217;excellentes solutions l\u00e9g\u00e8res pour fixer les moteurs de suivi de la mise au point via une tige de 15 mm.<\/p>\n<p>La base de la cage vous permet d&#8217;acc\u00e9der au compartiment \u00e0 piles et comprend une fente pour le tournevis magn\u00e9tique inclus.<\/p>\n<p>La plaque inf\u00e9rieure utilise un standard suisse Arca et peut \u00eatre connect\u00e9e \u00e0 notre <a href=\"https:\/\/de.tilta.com\/shop\/tiltaing-15mm-lws-baseplate-type-vi\/\">plaque de base LWS 15mm Type VI<\/a> et \u00e0 la DJI RS3 Pro \/ RS3 \/ RS2.<\/p>\n<p>Veuillez noter que la hauteur entre le capteur et les tiges ne sera pas conforme \u00e0 la norme LWS si vous utilisez cette plaque de base. Nous recommandons la plaque de base de type IV pour soutenir la norme LWS.<\/p>\n<p>Le fond de la cage se connecte au bo\u00eetier de votre appareil photo \u00e0 l&#8217;aide d&#8217;une vis 1\/4&#8243;-20 et utilise un point de contact suppl\u00e9mentaire via un point de localisation de s\u00e9curit\u00e9 qui emp\u00eache l&#8217;appareil photo de bouger \u00e0 l&#8217;int\u00e9rieur de la cage.<\/p>\n","protected":false},"excerpt":{"rendered":"<p>\u00c9largissez consid\u00e9rablement les fonctionnalit\u00e9s de votre Fujifilm X-H2 &amp; X-H2S tout en am\u00e9liorant vos options de montage de divers accessoires gr\u00e2ce \u00e0 notre kit de base pour cage \u00e0 cam\u00e9ra ! La cage prot\u00e8ge le bo\u00eetier de votre appareil photo [&hellip;]<\/p>\n","protected":false},"featured_media":1990911,"comment_status":"closed","ping_status":"closed","template":"","meta":[],"product_cat":[1739],"product_tag":[],"acf":[],"gallery_images":[1928757,1928758,1929122,1929123,1929124],"_links":{"self":[{"href":"https:\/\/eu.tilta.com\/fr\/wp-json\/wp\/v2\/product\/1990904"}],"collection":[{"href":"https:\/\/eu.tilta.com\/fr\/wp-json\/wp\/v2\/product"}],"about":[{"href":"https:\/\/eu.tilta.com\/fr\/wp-json\/wp\/v2\/types\/product"}],"replies":[{"embeddable":true,"href":"https:\/\/eu.tilta.com\/fr\/wp-json\/wp\/v2\/comments?post=1990904"}],"wp:featuredmedia":[{"embeddable":true,"href":"https:\/\/eu.tilta.com\/fr\/wp-json\/wp\/v2\/media\/1990911"}],"wp:attachment":[{"href":"https:\/\/eu.tilta.com\/fr\/wp-json\/wp\/v2\/media?parent=1990904"}],"wp:term":[{"taxonomy":"product_cat","embeddable":true,"href":"https:\/\/eu.tilta.com\/fr\/wp-json\/wp\/v2\/product_cat?post=1990904"},{"taxonomy":"product_tag","embeddable":true,"href":"https:\/\/eu.tilta.com\/fr\/wp-json\/wp\/v2\/product_tag?post=1990904"}],"curies":[{"name":"wp","href":"https:\/\/api.w.org\/{rel}","templated":true}]}}