{"id":1991062,"date":"2022-09-22T08:39:46","date_gmt":"2022-09-22T06:39:46","guid":{"rendered":"https:\/\/de.tilta.com\/shop\/tilta-advanced-side-wooden-handle-type-ix-noir-une-paire\/"},"modified":"2025-12-05T12:51:51","modified_gmt":"2025-12-05T11:51:51","slug":"tiltaing-advanced-side-wooden-handle-type-ix-black-one-pair","status":"publish","type":"product","link":"https:\/\/eu.tilta.com\/fr\/shop\/tiltaing-advanced-side-wooden-handle-type-ix-black-one-pair\/","title":{"rendered":"Tilta Advanced Side Wooden Handle Type IX &#8211; Noir (une paire)"},"content":{"rendered":"<p>Ces poign\u00e9es en bois pr\u00e9sentent une conception ergonomique afin d&#8217;offrir un confort maximal lors de l&#8217;utilisation d&#8217;un appareil photo, quelle que soit sa taille.<\/p>\n<p>Ils peuvent se fixer directement sur le corps de votre cam\u00e9ra Ronin 4D ou sur les c\u00f4t\u00e9s du moniteur \u00e0 distance DJI High Bright.<\/p>\n<p>Il s&#8217;agit donc de l&#8217;option id\u00e9ale pour manipuler confortablement votre appareil photo ou votre moniteur lorsque le contr\u00f4le \u00e9lectronique n&#8217;est pas n\u00e9cessaire.<\/p>\n<p>Un bouton de d\u00e9verrouillage situ\u00e9 sur le c\u00f4t\u00e9 de la monture vous permet d&#8217;ajuster facilement l&#8217;angle des poign\u00e9es pour vous aider \u00e0 trouver la position de travail parfaite, ainsi que pour vous repositionner rapidement lors de l&#8217;ajustement pour diff\u00e9rentes prises de vue.<\/p>\n<p>Ces poign\u00e9es sont sculpt\u00e9es dans du bois de noyer noir et assembl\u00e9es \u00e0 l&#8217;aide d&#8217;un alliage d&#8217;aluminium de haute qualit\u00e9 frais\u00e9 par ordinateur.<\/p>\n","protected":false},"excerpt":{"rendered":"<p>Ces poign\u00e9es en bois pr\u00e9sentent une conception ergonomique afin d&#8217;offrir un confort maximal lors de l&#8217;utilisation d&#8217;un appareil photo, quelle que soit sa taille. Ils peuvent se fixer directement sur le corps de votre cam\u00e9ra Ronin 4D ou sur les [&hellip;]<\/p>\n","protected":false},"featured_media":1991063,"comment_status":"closed","ping_status":"closed","template":"","meta":[],"product_cat":[2087],"product_tag":[],"acf":[],"gallery_images":[1991064,1990070,1991065,1990072,1991066,1991067],"_links":{"self":[{"href":"https:\/\/eu.tilta.com\/fr\/wp-json\/wp\/v2\/product\/1991062"}],"collection":[{"href":"https:\/\/eu.tilta.com\/fr\/wp-json\/wp\/v2\/product"}],"about":[{"href":"https:\/\/eu.tilta.com\/fr\/wp-json\/wp\/v2\/types\/product"}],"replies":[{"embeddable":true,"href":"https:\/\/eu.tilta.com\/fr\/wp-json\/wp\/v2\/comments?post=1991062"}],"wp:featuredmedia":[{"embeddable":true,"href":"https:\/\/eu.tilta.com\/fr\/wp-json\/wp\/v2\/media\/1991063"}],"wp:attachment":[{"href":"https:\/\/eu.tilta.com\/fr\/wp-json\/wp\/v2\/media?parent=1991062"}],"wp:term":[{"taxonomy":"product_cat","embeddable":true,"href":"https:\/\/eu.tilta.com\/fr\/wp-json\/wp\/v2\/product_cat?post=1991062"},{"taxonomy":"product_tag","embeddable":true,"href":"https:\/\/eu.tilta.com\/fr\/wp-json\/wp\/v2\/product_tag?post=1991062"}],"curies":[{"name":"wp","href":"https:\/\/api.w.org\/{rel}","templated":true}]}}