{"id":1991194,"date":"2022-09-22T08:35:03","date_gmt":"2022-09-22T06:35:03","guid":{"rendered":"https:\/\/de.tilta.com\/shop\/poignees-de-support-pour-le-moniteur-a-distance-dji\/"},"modified":"2026-04-07T18:40:46","modified_gmt":"2026-04-07T16:40:46","slug":"support-handles-for-dji-remote-monitor","status":"publish","type":"product","link":"https:\/\/eu.tilta.com\/fr\/shop\/support-handles-for-dji-remote-monitor\/","title":{"rendered":"Poign\u00e9es de support pour le moniteur \u00e0 distance DJI"},"content":{"rendered":"<p>Ces poign\u00e9es de support pour le DJI High Bright Remote Monitor se fixent sur le c\u00f4t\u00e9 de la cage du moniteur \u00e0 l&#8217;aide de vis \u00bc&#8221;-20.<\/p>\n<p>Ils permettent de tenir le moniteur de mani\u00e8re pratique et confortable lors de la visualisation.<\/p>\n<p>Les supports int\u00e9gr\u00e9s sont extensibles, ce qui vous permet de poser le moniteur sur une surface plane pour une autre option de visualisation.<\/p>\n<p>Ces poign\u00e9es peuvent \u00e9galement offrir une protection suppl\u00e9mentaire \u00e0 l&#8217;\u00e9cran du moniteur car elles cr\u00e9ent une plus grande distance entre l&#8217;\u00e9cran et la cage si le moniteur tombe face contre terre.<\/p>\n","protected":false},"excerpt":{"rendered":"<p>Ces poign\u00e9es de support pour le DJI High Bright Remote Monitor se fixent sur le c\u00f4t\u00e9 de la cage du moniteur \u00e0 l&#8217;aide de vis \u00bc&#8221;-20. Ils permettent de tenir le moniteur de mani\u00e8re pratique et confortable lors de la [&hellip;]<\/p>\n","protected":false},"featured_media":1991226,"comment_status":"closed","ping_status":"closed","template":"","meta":[],"product_cat":[2087],"product_tag":[],"acf":[],"gallery_images":[1991228,1991230,1991232,1991234,1991236],"_links":{"self":[{"href":"https:\/\/eu.tilta.com\/fr\/wp-json\/wp\/v2\/product\/1991194"}],"collection":[{"href":"https:\/\/eu.tilta.com\/fr\/wp-json\/wp\/v2\/product"}],"about":[{"href":"https:\/\/eu.tilta.com\/fr\/wp-json\/wp\/v2\/types\/product"}],"replies":[{"embeddable":true,"href":"https:\/\/eu.tilta.com\/fr\/wp-json\/wp\/v2\/comments?post=1991194"}],"wp:featuredmedia":[{"embeddable":true,"href":"https:\/\/eu.tilta.com\/fr\/wp-json\/wp\/v2\/media\/1991226"}],"wp:attachment":[{"href":"https:\/\/eu.tilta.com\/fr\/wp-json\/wp\/v2\/media?parent=1991194"}],"wp:term":[{"taxonomy":"product_cat","embeddable":true,"href":"https:\/\/eu.tilta.com\/fr\/wp-json\/wp\/v2\/product_cat?post=1991194"},{"taxonomy":"product_tag","embeddable":true,"href":"https:\/\/eu.tilta.com\/fr\/wp-json\/wp\/v2\/product_tag?post=1991194"}],"curies":[{"name":"wp","href":"https:\/\/api.w.org\/{rel}","templated":true}]}}