{"id":1991488,"date":"2022-08-11T11:25:30","date_gmt":"2022-08-11T09:25:30","guid":{"rendered":"https:\/\/de.tilta.com\/shop\/systeme-de-support-de-cardan-leger-a-double-poignee\/"},"modified":"2026-04-01T20:59:28","modified_gmt":"2026-04-01T18:59:28","slug":"lightweight-dual-handle-gimbal-support-system","status":"publish","type":"product","link":"https:\/\/eu.tilta.com\/fr\/shop\/lightweight-dual-handle-gimbal-support-system\/","title":{"rendered":"Syst\u00e8me de support de cardan l\u00e9ger \u00e0 double poign\u00e9e"},"content":{"rendered":"<p>Le syst\u00e8me de support de cardan l\u00e9ger Tilta est sp\u00e9cialement con\u00e7u pour soutenir les petits cardans portatifs pendant de longues p\u00e9riodes.<\/p>\n<p>Le gilet est \u00e9quip\u00e9 d&#8217;un adaptateur r\u00e9glable en hauteur qui vous permet de monter le DJI RS2, RSC2, RS3 ou RS3 Pro via le bas de la poign\u00e9e de la batterie ou le tr\u00e9pied de la poign\u00e9e \u00e9tendue.<\/p>\n<p>Vous pouvez ensuite fixer les supports de poign\u00e9e doubles inclus \u00e0 votre cardan et utiliser les courroies d&#8217;\u00e9paule et les courroies de support pour fixer les poign\u00e9es \u00e0 la veste.<\/p>\n<p>Cela cr\u00e9e de multiples points de contact, ce qui vous permet de travailler plus confortablement et plus r\u00e9guli\u00e8rement tout en ayant les mains libres si n\u00e9cessaire. (la discr\u00e9tion de l&#8217;utilisateur est conseill\u00e9e)<\/p>\n<p>Les poign\u00e9es elles-m\u00eames peuvent \u00eatre tourn\u00e9es dans diff\u00e9rentes positions afin de permettre une utilisation confortable dans de nombreuses configurations diff\u00e9rentes.<\/p>\n<p>Les supports qui relient les poign\u00e9es au cardan via l&#8217;OTAN, comprennent des points de montage tels que 1\/4&#8243;-20 et Cold Shoe afin d&#8217;accueillir des accessoires suppl\u00e9mentaires.<\/p>\n","protected":false},"excerpt":{"rendered":"<p>Le syst\u00e8me de support de cardan l\u00e9ger Tilta est sp\u00e9cialement con\u00e7u pour soutenir les petits cardans portatifs pendant de longues p\u00e9riodes. Le gilet est \u00e9quip\u00e9 d&#8217;un adaptateur r\u00e9glable en hauteur qui vous permet de monter le DJI RS2, RSC2, RS3 [&hellip;]<\/p>\n","protected":false},"featured_media":1991496,"comment_status":"closed","ping_status":"closed","template":"","meta":[],"product_cat":[2323],"product_tag":[],"acf":[],"gallery_images":[1991498,1991500,1991502,1991503,1991504,1991505,1991506,1991507],"_links":{"self":[{"href":"https:\/\/eu.tilta.com\/fr\/wp-json\/wp\/v2\/product\/1991488"}],"collection":[{"href":"https:\/\/eu.tilta.com\/fr\/wp-json\/wp\/v2\/product"}],"about":[{"href":"https:\/\/eu.tilta.com\/fr\/wp-json\/wp\/v2\/types\/product"}],"replies":[{"embeddable":true,"href":"https:\/\/eu.tilta.com\/fr\/wp-json\/wp\/v2\/comments?post=1991488"}],"wp:featuredmedia":[{"embeddable":true,"href":"https:\/\/eu.tilta.com\/fr\/wp-json\/wp\/v2\/media\/1991496"}],"wp:attachment":[{"href":"https:\/\/eu.tilta.com\/fr\/wp-json\/wp\/v2\/media?parent=1991488"}],"wp:term":[{"taxonomy":"product_cat","embeddable":true,"href":"https:\/\/eu.tilta.com\/fr\/wp-json\/wp\/v2\/product_cat?post=1991488"},{"taxonomy":"product_tag","embeddable":true,"href":"https:\/\/eu.tilta.com\/fr\/wp-json\/wp\/v2\/product_tag?post=1991488"}],"curies":[{"name":"wp","href":"https:\/\/api.w.org\/{rel}","templated":true}]}}