{"id":1991550,"date":"2022-08-18T09:45:20","date_gmt":"2022-08-18T07:45:20","guid":{"rendered":"https:\/\/de.tilta.com\/shop\/tilta-pocket-follow-focus\/"},"modified":"2026-03-28T03:52:35","modified_gmt":"2026-03-28T02:52:35","slug":"tiltaing-pocket-follow-focus","status":"publish","type":"product","link":"https:\/\/eu.tilta.com\/fr\/shop\/tiltaing-pocket-follow-focus\/","title":{"rendered":"Tilta Pocket Follow Focus"},"content":{"rendered":"<p><span style=\"font-weight: 400;\">Prenez le contr\u00f4le cr\u00e9atif de vos images avec le Tiltaing Pocket Follow Focus !<\/span><\/p>\n<p><span style=\"font-weight: 400;\">Ce nouveau syst\u00e8me am\u00e9liore la conception du Mini Follow Focus et est construit avec un nouveau mat\u00e9riau composite qui am\u00e9liore consid\u00e9rablement la m\u00e9canique du syst\u00e8me tout en restant l\u00e9ger et compact.  <\/span><\/p>\n<p><span style=\"font-weight: 400;\">Ce syst\u00e8me \u00e0 tige unique se monte \u00e0 l&#8217;aide d&#8217;une tige de 15 mm et est compatible avec des engrenages d&#8217;objectifs de diff\u00e9rentes tailles.<\/span><\/p>\n<p><span style=\"font-weight: 400;\">Les engrenages interchangeables vous permettent d&#8217;utiliser des objectifs avec des bagues de mise au point de tailles diff\u00e9rentes. Le kit comprend une bague de 0,8 mm compatible avec la plupart des objectifs de cin\u00e9ma ou avec la bague de mise au point de l&#8217;objectif photographique incluse.<\/span><\/p>\n<p><span style=\"font-weight: 400;\">D&#8217;autres tailles seront disponibles dans un avenir proche.  <\/span><\/p>\n<p><span style=\"font-weight: 400;\">L&#8217;appareil permet une rotation de 360 degr\u00e9s et est dot\u00e9 d&#8217;un nouveau syst\u00e8me de but\u00e9e rapide qui vous permet de d\u00e9finir une plage limit\u00e9e afin d&#8217;effectuer rapidement la mise au point entre deux distances sp\u00e9cifiques.  <\/span><span style=\"font-weight: 400;\"><br \/>\n<\/span><span style=\"font-weight: 400;\"><br \/>\n<\/span><span style=\"font-weight: 400;\">Le syst\u00e8me de verrouillage vous permet ensuite d&#8217;engager ou de d\u00e9sengager les but\u00e9es sans avoir \u00e0 les retirer et \u00e0 perdre leur position.  <\/span><\/p>\n<p><span style=\"font-weight: 400;\">La molette de mise au point est dot\u00e9e d&#8217;un syst\u00e8me d&#8217;amortissement fluide qui reproduit la sensation de l&#8217;objectif lui-m\u00eame et permet une mise au point pr\u00e9cise.<\/span><\/p>\n<p><span style=\"font-weight: 400;\">Les disques de marquage magn\u00e9tiques peuvent \u00eatre utilis\u00e9s pour marquer diff\u00e9rentes distances de mise au point et peuvent \u00eatre facilement remplac\u00e9s en cas de besoin.  <\/span><\/p>\n<p><span style=\"font-weight: 400;\">Compatible avec les fouets et manivelles focus de taille standard.<\/span><\/p>\n","protected":false},"excerpt":{"rendered":"<p>Prenez le contr\u00f4le cr\u00e9atif de vos images avec le Tiltaing Pocket Follow Focus ! Ce nouveau syst\u00e8me am\u00e9liore la conception du Mini Follow Focus et est construit avec un nouveau mat\u00e9riau composite qui am\u00e9liore consid\u00e9rablement la m\u00e9canique du syst\u00e8me tout [&hellip;]<\/p>\n","protected":false},"featured_media":1991608,"comment_status":"closed","ping_status":"closed","template":"","meta":[],"product_cat":[3252,1882,1811,1713,1621,1622,1802,1805,1762,1799,1757,1748,1732,1706,1623,1624,1626,1629,1794,1782,1739,1631,1791,1715,1735,1775,1728,1635,1809,1745,1726,1636,1642,1644,1647,1652,1768,1723,3147,1655,1658,1661,1773,1784,1765,1754,1752,1718,1710,1700,1703,1697,1663,1668,1671,1675,1679,1684,1694,1687,1691,2326],"product_tag":[],"acf":[],"gallery_images":[1991610,1991612,1991614,1991615,1991616,1991618,1991619,1991621,1991623],"_links":{"self":[{"href":"https:\/\/eu.tilta.com\/fr\/wp-json\/wp\/v2\/product\/1991550"}],"collection":[{"href":"https:\/\/eu.tilta.com\/fr\/wp-json\/wp\/v2\/product"}],"about":[{"href":"https:\/\/eu.tilta.com\/fr\/wp-json\/wp\/v2\/types\/product"}],"replies":[{"embeddable":true,"href":"https:\/\/eu.tilta.com\/fr\/wp-json\/wp\/v2\/comments?post=1991550"}],"wp:featuredmedia":[{"embeddable":true,"href":"https:\/\/eu.tilta.com\/fr\/wp-json\/wp\/v2\/media\/1991608"}],"wp:attachment":[{"href":"https:\/\/eu.tilta.com\/fr\/wp-json\/wp\/v2\/media?parent=1991550"}],"wp:term":[{"taxonomy":"product_cat","embeddable":true,"href":"https:\/\/eu.tilta.com\/fr\/wp-json\/wp\/v2\/product_cat?post=1991550"},{"taxonomy":"product_tag","embeddable":true,"href":"https:\/\/eu.tilta.com\/fr\/wp-json\/wp\/v2\/product_tag?post=1991550"}],"curies":[{"name":"wp","href":"https:\/\/api.w.org\/{rel}","templated":true}]}}