{"id":1991580,"date":"2022-09-08T09:01:26","date_gmt":"2022-09-08T07:01:26","guid":{"rendered":"https:\/\/de.tilta.com\/shop\/tete-dabsorption-des-chocs-hydra-alien-avec-module-a-ressort-souple\/"},"modified":"2025-12-05T12:52:00","modified_gmt":"2025-12-05T11:52:00","slug":"hydra-alien-shock-absorbing-head-with-soft-spring-module","status":"publish","type":"product","link":"https:\/\/eu.tilta.com\/fr\/shop\/hydra-alien-shock-absorbing-head-with-soft-spring-module\/","title":{"rendered":"T\u00eate d&#8217;absorption des chocs Hydra Alien avec module \u00e0 ressort souple"},"content":{"rendered":"<p>Le syst\u00e8me de montage Hydra Alien pour voiture a \u00e9t\u00e9 con\u00e7u d\u00e8s le d\u00e9part pour \u00eatre la solution l\u00e9g\u00e8re parfaite pour la cin\u00e9matographie mont\u00e9e dans une voiture et cette nouvelle t\u00eate \u00e0 absorption de chocs va encore plus loin.<\/p>\n<p>Cette nouvelle t\u00eate d&#8217;absorption des chocs est dot\u00e9e d&#8217;un nouveau module \u00e0 ressort souple sp\u00e9cialement con\u00e7u pour supporter les gimbals et les appareils photo plus l\u00e9gers dans les configurations sous le bras.<\/p>\n<p>Les ressorts plus souples n&#8217;auront pas besoin d&#8217;un poids aussi important pour absorber correctement les vibrations, ce qui se traduira par un m\u00e9trage plus stable et \u00e9largira consid\u00e9rablement les options de montage l\u00e9ger du syst\u00e8me.<\/p>\n<p>Nous recommandons toujours d&#8217;utiliser un contrepoids suppl\u00e9mentaire sur le bras d&#8217;absorption des chocs, car il fonctionnera mieux avec des charges utiles plus lourdes.<\/p>\n<p><strong>REMARQUE : il <span style=\"text-decoration: underline\">n&#8217;est PAS<\/span> recommand\u00e9 d&#8217;utiliser cette t\u00eate d&#8217;absorption des chocs en configuration verticale.<\/strong><\/p>\n<p><strong>**L&#8217;\u00e9l\u00e9ment de ressort du module de ressort souple <span style=\"text-decoration: underline\">n&#8217;<\/span> est <span style=\"text-decoration: underline\">pas<\/span> vendu s\u00e9par\u00e9ment pour l&#8217;instant.<\/strong><\/p>\n","protected":false},"excerpt":{"rendered":"<p>Le syst\u00e8me de montage Hydra Alien pour voiture a \u00e9t\u00e9 con\u00e7u d\u00e8s le d\u00e9part pour \u00eatre la solution l\u00e9g\u00e8re parfaite pour la cin\u00e9matographie mont\u00e9e dans une voiture et cette nouvelle t\u00eate \u00e0 absorption de chocs va encore plus loin. Cette [&hellip;]<\/p>\n","protected":false},"featured_media":1991589,"comment_status":"closed","ping_status":"closed","template":"","meta":[],"product_cat":[1894,1895],"product_tag":[],"acf":[],"gallery_images":[1991592,1991593,1991595,1991597,1991599,1991601,1991603],"_links":{"self":[{"href":"https:\/\/eu.tilta.com\/fr\/wp-json\/wp\/v2\/product\/1991580"}],"collection":[{"href":"https:\/\/eu.tilta.com\/fr\/wp-json\/wp\/v2\/product"}],"about":[{"href":"https:\/\/eu.tilta.com\/fr\/wp-json\/wp\/v2\/types\/product"}],"replies":[{"embeddable":true,"href":"https:\/\/eu.tilta.com\/fr\/wp-json\/wp\/v2\/comments?post=1991580"}],"wp:featuredmedia":[{"embeddable":true,"href":"https:\/\/eu.tilta.com\/fr\/wp-json\/wp\/v2\/media\/1991589"}],"wp:attachment":[{"href":"https:\/\/eu.tilta.com\/fr\/wp-json\/wp\/v2\/media?parent=1991580"}],"wp:term":[{"taxonomy":"product_cat","embeddable":true,"href":"https:\/\/eu.tilta.com\/fr\/wp-json\/wp\/v2\/product_cat?post=1991580"},{"taxonomy":"product_tag","embeddable":true,"href":"https:\/\/eu.tilta.com\/fr\/wp-json\/wp\/v2\/product_tag?post=1991580"}],"curies":[{"name":"wp","href":"https:\/\/api.w.org\/{rel}","templated":true}]}}