{"id":1991653,"date":"2022-08-04T08:48:20","date_gmt":"2022-08-04T06:48:20","guid":{"rendered":"https:\/\/de.tilta.com\/shop\/support-de-poignee-double-pour-dji-ronin\/"},"modified":"2025-12-05T12:52:02","modified_gmt":"2025-12-05T11:52:02","slug":"dual-handle-bracket-for-dji-ronin","status":"publish","type":"product","link":"https:\/\/eu.tilta.com\/fr\/shop\/dual-handle-bracket-for-dji-ronin\/","title":{"rendered":"Support de poign\u00e9e double pour DJI Ronin"},"content":{"rendered":"<p>Le support de poign\u00e9e double pour DJI Ronin se connecte \u00e0 la monture OTAN de votre DJI RS2, RSC2, RS 3\/3 Pro et RS 4\/4 Pro, ce qui vous permet d&#8217;utiliser votre cardan via deux points de contact pour un meilleur contr\u00f4le et des performances plus fluides.<\/p>\n<p>Les poign\u00e9es elles-m\u00eames peuvent \u00eatre tourn\u00e9es dans diff\u00e9rentes positions afin de permettre une utilisation confortable dans de nombreuses configurations diff\u00e9rentes.<\/p>\n<p>Cela vous permet d&#8217;utiliser le cardan \u00e0 la fois en position verticale et en position basse.<\/p>\n<p>Les supports qui relient les poign\u00e9es au cardan comprennent des points de fixation tels que 1\/4&#8243;-20 et Cold Shoe afin d&#8217;accueillir des accessoires suppl\u00e9mentaires.<\/p>\n<p>Ce kit comprend un sac de voyage en tissu pour le stockage et le transport.<\/p>\n","protected":false},"excerpt":{"rendered":"<p>Le support de poign\u00e9e double pour DJI Ronin se connecte \u00e0 la monture OTAN de votre DJI RS2, RSC2, RS 3\/3 Pro et RS 4\/4 Pro, ce qui vous permet d&#8217;utiliser votre cardan via deux points de contact pour un [&hellip;]<\/p>\n","protected":false},"featured_media":1991654,"comment_status":"closed","ping_status":"closed","template":"","meta":[],"product_cat":[2323,2249],"product_tag":[],"acf":[],"gallery_images":[1991655,1991656,1991657,1991658,1991659,1991661],"_links":{"self":[{"href":"https:\/\/eu.tilta.com\/fr\/wp-json\/wp\/v2\/product\/1991653"}],"collection":[{"href":"https:\/\/eu.tilta.com\/fr\/wp-json\/wp\/v2\/product"}],"about":[{"href":"https:\/\/eu.tilta.com\/fr\/wp-json\/wp\/v2\/types\/product"}],"replies":[{"embeddable":true,"href":"https:\/\/eu.tilta.com\/fr\/wp-json\/wp\/v2\/comments?post=1991653"}],"wp:featuredmedia":[{"embeddable":true,"href":"https:\/\/eu.tilta.com\/fr\/wp-json\/wp\/v2\/media\/1991654"}],"wp:attachment":[{"href":"https:\/\/eu.tilta.com\/fr\/wp-json\/wp\/v2\/media?parent=1991653"}],"wp:term":[{"taxonomy":"product_cat","embeddable":true,"href":"https:\/\/eu.tilta.com\/fr\/wp-json\/wp\/v2\/product_cat?post=1991653"},{"taxonomy":"product_tag","embeddable":true,"href":"https:\/\/eu.tilta.com\/fr\/wp-json\/wp\/v2\/product_tag?post=1991653"}],"curies":[{"name":"wp","href":"https:\/\/api.w.org\/{rel}","templated":true}]}}