{"id":1991836,"date":"2022-07-28T11:54:35","date_gmt":"2022-07-28T09:54:35","guid":{"rendered":"https:\/\/de.tilta.com\/shop\/contrepoids-500g-noir\/"},"modified":"2026-04-01T10:34:13","modified_gmt":"2026-04-01T08:34:13","slug":"500g-counterweight-black","status":"publish","type":"product","link":"https:\/\/eu.tilta.com\/fr\/shop\/500g-counterweight-black\/","title":{"rendered":"Contrepoids 500G &#8211; Noir"},"content":{"rendered":"<p>Ce contrepoids de 500 g est con\u00e7u pour \u00eatre mont\u00e9 \u00e0 l&#8217;arri\u00e8re du Lightweight Shoulder Rig afin de mieux l&#8217;\u00e9quilibrer sur votre \u00e9paule.<\/p>\n<p>Cela vous permet d&#8217;ajuster facilement le centre de gravit\u00e9 de l&#8217;appareil par rapport \u00e0 votre \u00e9paule, ce qui vous permet de l&#8217;utiliser confortablement pendant de longues p\u00e9riodes.<\/p>\n<p>Le filetage 1\/4&#8243;-20 au dos permet de les empiler selon les besoins.<\/p>\n<p>Il peut \u00e9galement \u00eatre utilis\u00e9 avec la pince \u00e0 contrepoids pour bras lat\u00e9ral et\/ou l&#8217;adaptateur de contrepoids pour plaque de base \u00e0 d\u00e9gagement rapide.<\/p>\n<p>Cela peut fournir un poids suppl\u00e9mentaire si n\u00e9cessaire pour \u00e9quilibrer votre cam\u00e9ra sur un cardan dans des situations plus extr\u00eames.<\/p>\n<p>&nbsp;<\/p>\n<p>&nbsp;<\/p>\n","protected":false},"excerpt":{"rendered":"<p>Ce contrepoids de 500 g est con\u00e7u pour \u00eatre mont\u00e9 \u00e0 l&#8217;arri\u00e8re du Lightweight Shoulder Rig afin de mieux l&#8217;\u00e9quilibrer sur votre \u00e9paule. Cela vous permet d&#8217;ajuster facilement le centre de gravit\u00e9 de l&#8217;appareil par rapport \u00e0 votre \u00e9paule, ce [&hellip;]<\/p>\n","protected":false},"featured_media":1991875,"comment_status":"closed","ping_status":"closed","template":"","meta":[],"product_cat":[2162,2329],"product_tag":[],"acf":[],"gallery_images":[1991878,1991882,1991883],"_links":{"self":[{"href":"https:\/\/eu.tilta.com\/fr\/wp-json\/wp\/v2\/product\/1991836"}],"collection":[{"href":"https:\/\/eu.tilta.com\/fr\/wp-json\/wp\/v2\/product"}],"about":[{"href":"https:\/\/eu.tilta.com\/fr\/wp-json\/wp\/v2\/types\/product"}],"replies":[{"embeddable":true,"href":"https:\/\/eu.tilta.com\/fr\/wp-json\/wp\/v2\/comments?post=1991836"}],"wp:featuredmedia":[{"embeddable":true,"href":"https:\/\/eu.tilta.com\/fr\/wp-json\/wp\/v2\/media\/1991875"}],"wp:attachment":[{"href":"https:\/\/eu.tilta.com\/fr\/wp-json\/wp\/v2\/media?parent=1991836"}],"wp:term":[{"taxonomy":"product_cat","embeddable":true,"href":"https:\/\/eu.tilta.com\/fr\/wp-json\/wp\/v2\/product_cat?post=1991836"},{"taxonomy":"product_tag","embeddable":true,"href":"https:\/\/eu.tilta.com\/fr\/wp-json\/wp\/v2\/product_tag?post=1991836"}],"curies":[{"name":"wp","href":"https:\/\/api.w.org\/{rel}","templated":true}]}}