{"id":1991877,"date":"2022-06-24T10:55:57","date_gmt":"2022-06-24T08:55:57","guid":{"rendered":"https:\/\/de.tilta.com\/shop\/tilta-advanced-fixation-laterale-de-la-poignee-droite-type-viii-noir\/"},"modified":"2025-12-05T12:52:16","modified_gmt":"2025-12-05T11:52:16","slug":"tiltaing-advanced-right-side-handle-attachment-type-viii-black","status":"publish","type":"product","link":"https:\/\/eu.tilta.com\/fr\/shop\/tiltaing-advanced-right-side-handle-attachment-type-viii-black\/","title":{"rendered":"Tilta Advanced Fixation lat\u00e9rale de la poign\u00e9e droite Type VIII &#8211; Noir"},"content":{"rendered":"<p>Cette fixation de poign\u00e9e lat\u00e9rale vous permet de monter votre poign\u00e9e lat\u00e9rale avanc\u00e9e en bois via une connexion de rail OTAN.<\/p>\n<p>C&#8217;est l&#8217;option parfaite pour notre cage RED Raptor, RED Komodo ou toute autre cage de cam\u00e9ra \u00e9quip\u00e9e d&#8217;un rail NATO.<\/p>\n<p>Ce type d&#8217;attache peut \u00e9galement \u00eatre adapt\u00e9 pour fonctionner avec presque n&#8217;importe quelle cage gr\u00e2ce \u00e0 l&#8217;attache pour rail OTAN de 36 mm incluse, qui peut \u00eatre mont\u00e9e via 1\/4&#8243;-20.<\/p>\n","protected":false},"excerpt":{"rendered":"<p>Cette fixation de poign\u00e9e lat\u00e9rale vous permet de monter votre poign\u00e9e lat\u00e9rale avanc\u00e9e en bois via une connexion de rail OTAN. C&#8217;est l&#8217;option parfaite pour notre cage RED Raptor, RED Komodo ou toute autre cage de cam\u00e9ra \u00e9quip\u00e9e d&#8217;un rail [&hellip;]<\/p>\n","protected":false},"featured_media":1991896,"comment_status":"closed","ping_status":"closed","template":"","meta":[],"product_cat":[2190],"product_tag":[],"acf":[],"gallery_images":[1991897,1991899],"_links":{"self":[{"href":"https:\/\/eu.tilta.com\/fr\/wp-json\/wp\/v2\/product\/1991877"}],"collection":[{"href":"https:\/\/eu.tilta.com\/fr\/wp-json\/wp\/v2\/product"}],"about":[{"href":"https:\/\/eu.tilta.com\/fr\/wp-json\/wp\/v2\/types\/product"}],"replies":[{"embeddable":true,"href":"https:\/\/eu.tilta.com\/fr\/wp-json\/wp\/v2\/comments?post=1991877"}],"wp:featuredmedia":[{"embeddable":true,"href":"https:\/\/eu.tilta.com\/fr\/wp-json\/wp\/v2\/media\/1991896"}],"wp:attachment":[{"href":"https:\/\/eu.tilta.com\/fr\/wp-json\/wp\/v2\/media?parent=1991877"}],"wp:term":[{"taxonomy":"product_cat","embeddable":true,"href":"https:\/\/eu.tilta.com\/fr\/wp-json\/wp\/v2\/product_cat?post=1991877"},{"taxonomy":"product_tag","embeddable":true,"href":"https:\/\/eu.tilta.com\/fr\/wp-json\/wp\/v2\/product_tag?post=1991877"}],"curies":[{"name":"wp","href":"https:\/\/api.w.org\/{rel}","templated":true}]}}