{"id":1991913,"date":"2022-07-28T12:17:10","date_gmt":"2022-07-28T10:17:10","guid":{"rendered":"https:\/\/de.tilta.com\/shop\/cables-dextension-de-poignee-pour-dji-ronin-4d\/"},"modified":"2025-12-05T12:52:19","modified_gmt":"2025-12-05T11:52:19","slug":"handle-extension-cables-for-dji-ronin-4d","status":"publish","type":"product","link":"https:\/\/eu.tilta.com\/fr\/shop\/handle-extension-cables-for-dji-ronin-4d\/","title":{"rendered":"C\u00e2bles d&#8217;extension de poign\u00e9e pour DJI Ronin 4D"},"content":{"rendered":"<p>\u00c9largissez les possibilit\u00e9s du DJI Ronin 4D avec ces c\u00e2bles d&#8217;extension de poign\u00e9e !<\/p>\n<p>Ces c\u00e2bles se connectent aux fentes des poign\u00e9es du corps de cam\u00e9ra Ronin 4D d&#8217;un c\u00f4t\u00e9 et aux rosettes standard ARRI de l&#8217;autre, ce qui vous permet de d\u00e9placer les poign\u00e9es lorsque vous utilisez un dispositif comme notre Lightweight Shoulder Rig ou un syst\u00e8me de support similaire.<\/p>\n<p>Cela vous permet d&#8217;avoir le contr\u00f4le total que les poign\u00e9es 4D offrent tout en tirant dans une configuration \u00e0 l&#8217;\u00e9paule.<\/p>\n","protected":false},"excerpt":{"rendered":"<p>\u00c9largissez les possibilit\u00e9s du DJI Ronin 4D avec ces c\u00e2bles d&#8217;extension de poign\u00e9e ! Ces c\u00e2bles se connectent aux fentes des poign\u00e9es du corps de cam\u00e9ra Ronin 4D d&#8217;un c\u00f4t\u00e9 et aux rosettes standard ARRI de l&#8217;autre, ce qui vous [&hellip;]<\/p>\n","protected":false},"featured_media":1991924,"comment_status":"closed","ping_status":"closed","template":"","meta":[],"product_cat":[2266,2162],"product_tag":[],"acf":[],"gallery_images":[1925847],"_links":{"self":[{"href":"https:\/\/eu.tilta.com\/fr\/wp-json\/wp\/v2\/product\/1991913"}],"collection":[{"href":"https:\/\/eu.tilta.com\/fr\/wp-json\/wp\/v2\/product"}],"about":[{"href":"https:\/\/eu.tilta.com\/fr\/wp-json\/wp\/v2\/types\/product"}],"replies":[{"embeddable":true,"href":"https:\/\/eu.tilta.com\/fr\/wp-json\/wp\/v2\/comments?post=1991913"}],"wp:featuredmedia":[{"embeddable":true,"href":"https:\/\/eu.tilta.com\/fr\/wp-json\/wp\/v2\/media\/1991924"}],"wp:attachment":[{"href":"https:\/\/eu.tilta.com\/fr\/wp-json\/wp\/v2\/media?parent=1991913"}],"wp:term":[{"taxonomy":"product_cat","embeddable":true,"href":"https:\/\/eu.tilta.com\/fr\/wp-json\/wp\/v2\/product_cat?post=1991913"},{"taxonomy":"product_tag","embeddable":true,"href":"https:\/\/eu.tilta.com\/fr\/wp-json\/wp\/v2\/product_tag?post=1991913"}],"curies":[{"name":"wp","href":"https:\/\/api.w.org\/{rel}","templated":true}]}}