{"id":1991929,"date":"2022-07-11T09:47:34","date_gmt":"2022-07-11T07:47:34","guid":{"rendered":"https:\/\/de.tilta.com\/shop\/tilta-advanced-fixation-laterale-de-la-poignee-droite-type-ix-noir\/"},"modified":"2026-02-16T09:00:32","modified_gmt":"2026-02-16T08:00:32","slug":"tiltaing-advanced-right-side-handle-attachment-type-ix-black","status":"publish","type":"product","link":"https:\/\/eu.tilta.com\/fr\/shop\/tiltaing-advanced-right-side-handle-attachment-type-ix-black\/","title":{"rendered":"Tilta Advanced Fixation lat\u00e9rale de la poign\u00e9e droite Type IX &#8211; Noir"},"content":{"rendered":"<p>Cette fixation de poign\u00e9e lat\u00e9rale vous permet de monter votre poign\u00e9e lat\u00e9rale en bois droite avanc\u00e9e sur la fente de la poign\u00e9e du DJI Ronin 4D ou du moniteur de t\u00e9l\u00e9commande DJI High Bright.<\/p>\n<p>Cet adaptateur cr\u00e9e une connexion solide pour le montage de la poign\u00e9e, tout en permettant la rotation gr\u00e2ce \u00e0 l&#8217;\u00e9l\u00e9ment r\u00e9glable sur la poign\u00e9e elle-m\u00eame.<\/p>\n","protected":false},"excerpt":{"rendered":"<p>Cette fixation de poign\u00e9e lat\u00e9rale vous permet de monter votre poign\u00e9e lat\u00e9rale en bois droite avanc\u00e9e sur la fente de la poign\u00e9e du DJI Ronin 4D ou du moniteur de t\u00e9l\u00e9commande DJI High Bright. Cet adaptateur cr\u00e9e une connexion solide [&hellip;]<\/p>\n","protected":false},"featured_media":1991946,"comment_status":"closed","ping_status":"closed","template":"","meta":[],"product_cat":[2266,2190],"product_tag":[],"acf":[],"gallery_images":[1991948,1991951],"_links":{"self":[{"href":"https:\/\/eu.tilta.com\/fr\/wp-json\/wp\/v2\/product\/1991929"}],"collection":[{"href":"https:\/\/eu.tilta.com\/fr\/wp-json\/wp\/v2\/product"}],"about":[{"href":"https:\/\/eu.tilta.com\/fr\/wp-json\/wp\/v2\/types\/product"}],"replies":[{"embeddable":true,"href":"https:\/\/eu.tilta.com\/fr\/wp-json\/wp\/v2\/comments?post=1991929"}],"wp:featuredmedia":[{"embeddable":true,"href":"https:\/\/eu.tilta.com\/fr\/wp-json\/wp\/v2\/media\/1991946"}],"wp:attachment":[{"href":"https:\/\/eu.tilta.com\/fr\/wp-json\/wp\/v2\/media?parent=1991929"}],"wp:term":[{"taxonomy":"product_cat","embeddable":true,"href":"https:\/\/eu.tilta.com\/fr\/wp-json\/wp\/v2\/product_cat?post=1991929"},{"taxonomy":"product_tag","embeddable":true,"href":"https:\/\/eu.tilta.com\/fr\/wp-json\/wp\/v2\/product_tag?post=1991929"}],"curies":[{"name":"wp","href":"https:\/\/api.w.org\/{rel}","templated":true}]}}