{"id":1992021,"date":"2022-07-25T09:17:56","date_gmt":"2022-07-25T07:17:56","guid":{"rendered":"https:\/\/de.tilta.com\/shop\/tilta-lightweight-shoulder-rig-black\/"},"modified":"2026-02-04T03:28:07","modified_gmt":"2026-02-04T02:28:07","slug":"tiltaing-lightweight-shoulder-rig-black","status":"publish","type":"product","link":"https:\/\/eu.tilta.com\/fr\/shop\/tiltaing-lightweight-shoulder-rig-black\/","title":{"rendered":"Tilta Lightweight Shoulder Rig &#8211; Noir"},"content":{"rendered":"<p><strong>*Compatible avec la plupart des cam\u00e9ras de cin\u00e9ma compactes et des reflex num\u00e9riques.  <\/strong><\/p>\n<p><strong>REMARQUE : la plaque de base Manfrotto\/ARCA est con\u00e7ue pour la plaque de fixation rapide Tilta incluse.<\/strong><\/p>\n<p><strong>D&#8217;autres plaques de fixation rapide Manfrotto\/ARCA peuvent \u00eatre compatibles, mais cela n&#8217;est pas garanti.<\/strong><\/p>\n<p><strong>Pour plus d&#8217;informations sur la mani\u00e8re de r\u00e9gler la tension du levier de votre plaque de base, veuillez contacter : support@tilta.com  <\/strong><\/p>\n<p>Armez votre appareil photo avec le Tilta Lightweight Shoulder Rig ! C&#8217;est la solution id\u00e9ale pour l&#8217;utilisation d&#8217;une cam\u00e9ra portable l\u00e9g\u00e8re.<\/p>\n<p>La base de cet appareil est \u00e9quip\u00e9e d&#8217;une double plaque Manfrotto ARCA, qui vous permet d&#8217;utiliser la plaque de fixation rapide de l&#8217;un ou l&#8217;autre syst\u00e8me ou la plaque Manfrotto\/ARCA deux en un incluse.<\/p>\n<p>Cette plaque de base peut \u00eatre retir\u00e9e si n\u00e9cessaire et d&#8217;autres plaques de base ou queues d&#8217;aronde peuvent \u00eatre mont\u00e9es sur la plaque principale de ce dispositif d&#8217;\u00e9paulage gr\u00e2ce \u00e0 des filetages de 1\/4&#8243;-20.<\/p>\n<p>Utilis\u00e9 avec notre queue d&#8217;aronde standard Tilta, vous pouvez passer rapidement d&#8217;un tr\u00e9pied ou d&#8217;un autre syst\u00e8me de support \u00e0 ce syst\u00e8me d&#8217;\u00e9paule l\u00e9ger.<\/p>\n<p>L&#8217;\u00e9pauli\u00e8re velcro incluse peut \u00e9galement \u00eatre r\u00e9gl\u00e9e ind\u00e9pendamment, ce qui permet d&#8217;\u00e9quilibrer parfaitement le syst\u00e8me de cam\u00e9ra sur votre \u00e9paule.<\/p>\n<p>Les bras de rosette r\u00e9glables et extensibles vous permettent d&#8217;ajuster avec pr\u00e9cision la longueur et l&#8217;angle des poign\u00e9es pour une utilisation plus confortable dans de multiples positions.<\/p>\n<p>Les bras d&#8217;extension sont dot\u00e9s d&#8217;un filetage 1\/4&#8243;-20 sur le bras lui-m\u00eame, ce qui vous permet de monter un moniteur externe par l&#8217;interm\u00e9diaire d&#8217;un bras articul\u00e9.<\/p>\n<p>Cela vous permet de monter votre moniteur plus loin de vous que si vous le montiez directement sur le bo\u00eetier de l&#8217;appareil photo.<\/p>\n<p>Le pont de rosette peut pivoter sur 360 degr\u00e9s, ce qui permet de plier rapidement l&#8217;appareil pour le transporter.<\/p>\n<p>Le support de tige LWS de 15 mm situ\u00e9 \u00e0 l&#8217;arri\u00e8re de l&#8217;appareil permet de fixer une paire de tiges de 15 mm et des accessoires \u00e0 base de tiges, tels que diverses plaques de batterie.<\/p>\n<p>Cela permet d&#8217;alimenter votre cam\u00e9ra et d&#8217;\u00e9quilibrer l&#8217;appareil sur votre \u00e9paule en d\u00e9pla\u00e7ant le centre de gravit\u00e9 plus pr\u00e8s de vous, ce qui le rend plus facile et plus confortable \u00e0 utiliser pendant de longues p\u00e9riodes.<\/p>\n<p>\u00c0 l&#8217;arri\u00e8re de l&#8217;appareil, vous trouverez \u00e9galement un rail OTAN qui vous permet de monter des contrepoids et d&#8217;autres accessoires gr\u00e2ce \u00e0 une petite plaque d&#8217;adaptation.<\/p>\n<p>Cet adaptateur OTAN vous permettra \u00e9galement de monter le support d&#8217;\u00e9paule arri\u00e8re fourni, qui offre un point de contact suppl\u00e9mentaire lors de l&#8217;utilisation.<\/p>\n<p>&nbsp;<\/p>\n<p>&nbsp;<\/p>\n<p>&nbsp;<\/p>\n","protected":false},"excerpt":{"rendered":"<p>*Compatible avec la plupart des cam\u00e9ras de cin\u00e9ma compactes et des reflex num\u00e9riques. REMARQUE : la plaque de base Manfrotto\/ARCA est con\u00e7ue pour la plaque de fixation rapide Tilta incluse. D&#8217;autres plaques de fixation rapide Manfrotto\/ARCA peuvent \u00eatre compatibles, mais [&hellip;]<\/p>\n","protected":false},"featured_media":1992031,"comment_status":"closed","ping_status":"closed","template":"","meta":[],"product_cat":[3895,1882,1811,2162],"product_tag":[],"acf":[],"gallery_images":[1992033,1992034,1992035,1992036,1992037,1992038,1992039],"_links":{"self":[{"href":"https:\/\/eu.tilta.com\/fr\/wp-json\/wp\/v2\/product\/1992021"}],"collection":[{"href":"https:\/\/eu.tilta.com\/fr\/wp-json\/wp\/v2\/product"}],"about":[{"href":"https:\/\/eu.tilta.com\/fr\/wp-json\/wp\/v2\/types\/product"}],"replies":[{"embeddable":true,"href":"https:\/\/eu.tilta.com\/fr\/wp-json\/wp\/v2\/comments?post=1992021"}],"wp:featuredmedia":[{"embeddable":true,"href":"https:\/\/eu.tilta.com\/fr\/wp-json\/wp\/v2\/media\/1992031"}],"wp:attachment":[{"href":"https:\/\/eu.tilta.com\/fr\/wp-json\/wp\/v2\/media?parent=1992021"}],"wp:term":[{"taxonomy":"product_cat","embeddable":true,"href":"https:\/\/eu.tilta.com\/fr\/wp-json\/wp\/v2\/product_cat?post=1992021"},{"taxonomy":"product_tag","embeddable":true,"href":"https:\/\/eu.tilta.com\/fr\/wp-json\/wp\/v2\/product_tag?post=1992021"}],"curies":[{"name":"wp","href":"https:\/\/api.w.org\/{rel}","templated":true}]}}