{"id":1992032,"date":"2022-06-24T12:15:05","date_gmt":"2022-06-24T10:15:05","guid":{"rendered":"https:\/\/de.tilta.com\/shop\/tilta-advanced-side-handle-attachment-type-xi-noir\/"},"modified":"2026-02-16T09:00:32","modified_gmt":"2026-02-16T08:00:32","slug":"tiltaing-advanced-side-handle-attachment-type-xi-black","status":"publish","type":"product","link":"https:\/\/eu.tilta.com\/fr\/shop\/tiltaing-advanced-side-handle-attachment-type-xi-black\/","title":{"rendered":"Tilta Advanced Side Handle Attachment Type XI &#8211; Noir"},"content":{"rendered":"<p>Cette fixation de poign\u00e9e lat\u00e9rale vous permet de monter vos poign\u00e9es en bois lat\u00e9rales gauche ou droite via un filetage de 1\/4&#8243;-20 avec des goupilles de positionnement.<\/p>\n<p>C&#8217;est l&#8217;option id\u00e9ale pour la plupart de nos cages \u00e0 cam\u00e9ra, car presque toutes prennent en charge ce type de connexion.<\/p>\n<p>Les goupilles de positionnement cr\u00e9ent une connexion solide pour le montage de la poign\u00e9e, tout en permettant la rotation gr\u00e2ce \u00e0 l&#8217;\u00e9l\u00e9ment r\u00e9glable de la poign\u00e9e elle-m\u00eame.<\/p>\n","protected":false},"excerpt":{"rendered":"<p>Cette fixation de poign\u00e9e lat\u00e9rale vous permet de monter vos poign\u00e9es en bois lat\u00e9rales gauche ou droite via un filetage de 1\/4&#8243;-20 avec des goupilles de positionnement. C&#8217;est l&#8217;option id\u00e9ale pour la plupart de nos cages \u00e0 cam\u00e9ra, car presque [&hellip;]<\/p>\n","protected":false},"featured_media":1992041,"comment_status":"closed","ping_status":"closed","template":"","meta":[],"product_cat":[2190],"product_tag":[],"acf":[],"gallery_images":[1992043,1992045],"_links":{"self":[{"href":"https:\/\/eu.tilta.com\/fr\/wp-json\/wp\/v2\/product\/1992032"}],"collection":[{"href":"https:\/\/eu.tilta.com\/fr\/wp-json\/wp\/v2\/product"}],"about":[{"href":"https:\/\/eu.tilta.com\/fr\/wp-json\/wp\/v2\/types\/product"}],"replies":[{"embeddable":true,"href":"https:\/\/eu.tilta.com\/fr\/wp-json\/wp\/v2\/comments?post=1992032"}],"wp:featuredmedia":[{"embeddable":true,"href":"https:\/\/eu.tilta.com\/fr\/wp-json\/wp\/v2\/media\/1992041"}],"wp:attachment":[{"href":"https:\/\/eu.tilta.com\/fr\/wp-json\/wp\/v2\/media?parent=1992032"}],"wp:term":[{"taxonomy":"product_cat","embeddable":true,"href":"https:\/\/eu.tilta.com\/fr\/wp-json\/wp\/v2\/product_cat?post=1992032"},{"taxonomy":"product_tag","embeddable":true,"href":"https:\/\/eu.tilta.com\/fr\/wp-json\/wp\/v2\/product_tag?post=1992032"}],"curies":[{"name":"wp","href":"https:\/\/api.w.org\/{rel}","templated":true}]}}