{"id":1992164,"date":"2022-06-15T09:00:39","date_gmt":"2022-06-15T07:00:39","guid":{"rendered":"https:\/\/de.tilta.com\/shop\/tilta-pd-v-mount-battery-plate-noir\/"},"modified":"2026-04-24T17:17:05","modified_gmt":"2026-04-24T15:17:05","slug":"tiltaing-smart-v-mount-battery-plate-black","status":"publish","type":"product","link":"https:\/\/eu.tilta.com\/fr\/shop\/tiltaing-smart-v-mount-battery-plate-black\/","title":{"rendered":"Tilta PD V Mount Battery Plate &#8211; Noir"},"content":{"rendered":"<p>Cette plaque de batterie \u00e0 montage en V PD comporte (2) ports P-Tap de 14,8 V, (1) port USB-C de 5 V et (1) port PD USB-C de 60 W qui permet \u00e0 la plaque de batterie d&#8217;ajuster la tension n\u00e9cessaire \u00e0 l&#8217;accessoire auquel elle est connect\u00e9e (pour le port USB-C PD uniquement).<\/p>\n<p>Le port PD USB-C cr\u00e9e une tranquillit\u00e9 d&#8217;esprit lors de l&#8217;alimentation de votre appareil photo ou de vos accessoires, car vous n&#8217;aurez pas besoin de vous fier uniquement \u00e0 des c\u00e2bles d&#8217;alimentation r\u00e9gul\u00e9s pour vous assurer que votre appareil re\u00e7oit la bonne tension.<\/p>\n<p>L&#8217;adaptateur universel de tige de plaque de batterie vous permet de monter cette plaque de batterie sur des tiges LWS de 15 mm \u00e0 diff\u00e9rents angles.<\/p>\n<p>La fixation de pince pour c\u00e2ble USB-C incluse vous permet de fixer le c\u00e2ble USB-C inclus \u00e0 la plaque de batterie, cr\u00e9ant ainsi une connexion plus s\u00fbre et emp\u00eachant toute d\u00e9connexion accidentelle.<\/p>\n","protected":false},"excerpt":{"rendered":"<p>Cette plaque de batterie \u00e0 montage en V PD comporte (2) ports P-Tap de 14,8 V, (1) port USB-C de 5 V et (1) port PD USB-C de 60 W qui permet \u00e0 la plaque de batterie d&#8217;ajuster la tension [&hellip;]<\/p>\n","protected":false},"featured_media":1992166,"comment_status":"closed","ping_status":"closed","template":"","meta":[],"product_cat":[1811,1802,1805,1762,1799,1732,1794,1809,2253,2162],"product_tag":[],"acf":[],"gallery_images":[1992167,1992166,1992168,1992170],"_links":{"self":[{"href":"https:\/\/eu.tilta.com\/fr\/wp-json\/wp\/v2\/product\/1992164"}],"collection":[{"href":"https:\/\/eu.tilta.com\/fr\/wp-json\/wp\/v2\/product"}],"about":[{"href":"https:\/\/eu.tilta.com\/fr\/wp-json\/wp\/v2\/types\/product"}],"replies":[{"embeddable":true,"href":"https:\/\/eu.tilta.com\/fr\/wp-json\/wp\/v2\/comments?post=1992164"}],"wp:featuredmedia":[{"embeddable":true,"href":"https:\/\/eu.tilta.com\/fr\/wp-json\/wp\/v2\/media\/1992166"}],"wp:attachment":[{"href":"https:\/\/eu.tilta.com\/fr\/wp-json\/wp\/v2\/media?parent=1992164"}],"wp:term":[{"taxonomy":"product_cat","embeddable":true,"href":"https:\/\/eu.tilta.com\/fr\/wp-json\/wp\/v2\/product_cat?post=1992164"},{"taxonomy":"product_tag","embeddable":true,"href":"https:\/\/eu.tilta.com\/fr\/wp-json\/wp\/v2\/product_tag?post=1992164"}],"curies":[{"name":"wp","href":"https:\/\/api.w.org\/{rel}","templated":true}]}}