{"id":1992186,"date":"2022-06-14T15:50:44","date_gmt":"2022-06-14T13:50:44","guid":{"rendered":"https:\/\/de.tilta.com\/shop\/adaptateur-de-monture-ef-pour-canon-r5c-noir\/"},"modified":"2025-12-05T12:52:34","modified_gmt":"2025-12-05T11:52:34","slug":"ef-mount-adapter-support-for-canon-r5c-black","status":"publish","type":"product","link":"https:\/\/eu.tilta.com\/fr\/shop\/ef-mount-adapter-support-for-canon-r5c-black\/","title":{"rendered":"Adaptateur de monture EF pour Canon R5C &#8211; Noir"},"content":{"rendered":"<p>Ce support d&#8217;adaptateur de monture EF pour Canon R5C se fixe \u00e0 l&#8217;avant de la cage \u00e0 l&#8217;aide de vis M3 et fournit un support suppl\u00e9mentaire pour un adaptateur de monture d&#8217;objectif RF \u00e0 EF.<\/p>\n<p>Il s&#8217;agit d&#8217;un point de contact suppl\u00e9mentaire entre votre cage et l&#8217;adaptateur d&#8217;objectif, ce qui permet de cr\u00e9er une connexion plus s\u00fbre et de limiter les d\u00e9calages dans l&#8217;image qui pourraient \u00eatre caus\u00e9s par les syst\u00e8mes de suivi de la mise au point.<\/p>\n","protected":false},"excerpt":{"rendered":"<p>Ce support d&#8217;adaptateur de monture EF pour Canon R5C se fixe \u00e0 l&#8217;avant de la cage \u00e0 l&#8217;aide de vis M3 et fournit un support suppl\u00e9mentaire pour un adaptateur de monture d&#8217;objectif RF \u00e0 EF. Il s&#8217;agit d&#8217;un point de [&hellip;]<\/p>\n","protected":false},"featured_media":1992188,"comment_status":"closed","ping_status":"closed","template":"","meta":[],"product_cat":[1732],"product_tag":[],"acf":[],"gallery_images":[1923493],"_links":{"self":[{"href":"https:\/\/eu.tilta.com\/fr\/wp-json\/wp\/v2\/product\/1992186"}],"collection":[{"href":"https:\/\/eu.tilta.com\/fr\/wp-json\/wp\/v2\/product"}],"about":[{"href":"https:\/\/eu.tilta.com\/fr\/wp-json\/wp\/v2\/types\/product"}],"replies":[{"embeddable":true,"href":"https:\/\/eu.tilta.com\/fr\/wp-json\/wp\/v2\/comments?post=1992186"}],"wp:featuredmedia":[{"embeddable":true,"href":"https:\/\/eu.tilta.com\/fr\/wp-json\/wp\/v2\/media\/1992188"}],"wp:attachment":[{"href":"https:\/\/eu.tilta.com\/fr\/wp-json\/wp\/v2\/media?parent=1992186"}],"wp:term":[{"taxonomy":"product_cat","embeddable":true,"href":"https:\/\/eu.tilta.com\/fr\/wp-json\/wp\/v2\/product_cat?post=1992186"},{"taxonomy":"product_tag","embeddable":true,"href":"https:\/\/eu.tilta.com\/fr\/wp-json\/wp\/v2\/product_tag?post=1992186"}],"curies":[{"name":"wp","href":"https:\/\/api.w.org\/{rel}","templated":true}]}}