{"id":1992200,"date":"2022-06-15T08:58:33","date_gmt":"2022-06-15T06:58:33","guid":{"rendered":"https:\/\/de.tilta.com\/shop\/tilta-pd-v-mount-battery-baseplate-arca-noir\/"},"modified":"2025-12-05T12:52:35","modified_gmt":"2025-12-05T11:52:35","slug":"tiltaing-smart-v-mount-battery-baseplate-arca-black","status":"publish","type":"product","link":"https:\/\/eu.tilta.com\/fr\/shop\/tiltaing-smart-v-mount-battery-baseplate-arca-black\/","title":{"rendered":"Tilta PD V Mount Battery Baseplate (ARCA) &#8211; Noir"},"content":{"rendered":"<p>Cette plaque de base pour batterie Tilta PD V Mount se connecte aux cages de cam\u00e9ra par le biais d&#8217;une connexion ARCA.<\/p>\n<p>Cette plaque de batterie comporte (2) ports P-Tap de 14,8 V, (1) port USB-C de 5 V et (1) port USB-C PD de 60 W, ce qui permet \u00e0 la plaque de batterie d&#8217;ajuster la tension n\u00e9cessaire \u00e0 l&#8217;accessoire auquel elle est connect\u00e9e.<\/p>\n<p>Vous avez ainsi l&#8217;esprit tranquille lorsque vous alimentez votre appareil photo ou vos accessoires, car vous n&#8217;aurez pas besoin de vous fier uniquement \u00e0 des c\u00e2bles d&#8217;alimentation r\u00e9gul\u00e9s pour vous assurer que votre appareil re\u00e7oit la tension correcte.<\/p>\n<p>La hauteur de cette embase peut \u00eatre ajust\u00e9e pour accueillir des batteries V-Mount de diff\u00e9rentes tailles et l&#8217;espacement de 15 mm de la norme LWS signifie que la plaque de batterie peut \u00eatre retir\u00e9e de l&#8217;embase et mont\u00e9e via des tiges si n\u00e9cessaire.<\/p>\n<p>La fixation de pince pour c\u00e2ble USB-C incluse vous permet de fixer le c\u00e2ble USB-C inclus \u00e0 la plaque de batterie, cr\u00e9ant ainsi une connexion plus s\u00fbre et emp\u00eachant toute d\u00e9connexion accidentelle.<\/p>\n<p>Cette plaque de base est compatible avec notre cage de cam\u00e9ra compl\u00e8te pour Canon R5C et tout bo\u00eetier de cam\u00e9ra ou cage qui peut se connecter \u00e0 la plaque d&#8217;attache rapide standard ARCA incluse.<\/p>\n<p><strong>NOTE : Cette plaque de base est bas\u00e9e sur la norme DJI pour l&#8217;ARCA. La compatibilit\u00e9 avec d&#8217;autres plaques de fixation rapide ARCA n&#8217;est pas garantie.  <\/strong><\/p>\n","protected":false},"excerpt":{"rendered":"<p>Cette plaque de base pour batterie Tilta PD V Mount se connecte aux cages de cam\u00e9ra par le biais d&#8217;une connexion ARCA. Cette plaque de batterie comporte (2) ports P-Tap de 14,8 V, (1) port USB-C de 5 V et [&hellip;]<\/p>\n","protected":false},"featured_media":1992201,"comment_status":"closed","ping_status":"closed","template":"","meta":[],"product_cat":[1802,1805,1762,1799,1732,1794,1809,2253,2254],"product_tag":[],"acf":[],"gallery_images":[1923586,1923588],"_links":{"self":[{"href":"https:\/\/eu.tilta.com\/fr\/wp-json\/wp\/v2\/product\/1992200"}],"collection":[{"href":"https:\/\/eu.tilta.com\/fr\/wp-json\/wp\/v2\/product"}],"about":[{"href":"https:\/\/eu.tilta.com\/fr\/wp-json\/wp\/v2\/types\/product"}],"replies":[{"embeddable":true,"href":"https:\/\/eu.tilta.com\/fr\/wp-json\/wp\/v2\/comments?post=1992200"}],"wp:featuredmedia":[{"embeddable":true,"href":"https:\/\/eu.tilta.com\/fr\/wp-json\/wp\/v2\/media\/1992201"}],"wp:attachment":[{"href":"https:\/\/eu.tilta.com\/fr\/wp-json\/wp\/v2\/media?parent=1992200"}],"wp:term":[{"taxonomy":"product_cat","embeddable":true,"href":"https:\/\/eu.tilta.com\/fr\/wp-json\/wp\/v2\/product_cat?post=1992200"},{"taxonomy":"product_tag","embeddable":true,"href":"https:\/\/eu.tilta.com\/fr\/wp-json\/wp\/v2\/product_tag?post=1992200"}],"curies":[{"name":"wp","href":"https:\/\/api.w.org\/{rel}","templated":true}]}}