{"id":1992205,"date":"2022-06-14T15:49:13","date_gmt":"2022-06-14T13:49:13","guid":{"rendered":"https:\/\/de.tilta.com\/shop\/attache-hdmi-pour-canon-r5c-noir\/"},"modified":"2025-12-05T12:52:36","modified_gmt":"2025-12-05T11:52:36","slug":"hdmi-clamp-attachment-for-canon-r5c-black","status":"publish","type":"product","link":"https:\/\/eu.tilta.com\/fr\/shop\/hdmi-clamp-attachment-for-canon-r5c-black\/","title":{"rendered":"Attache HDMI pour Canon R5C &#8211; Noir"},"content":{"rendered":"<p>Cette fixation HDMI pour Canon R5C se connecte sur le c\u00f4t\u00e9 de la cage int\u00e9grale R5C et vous permet de fixer l&#8217;adaptateur HDMI vers Micro HDMI en option et un c\u00e2ble USB-C en option.<\/p>\n<p>Vous \u00e9viterez ainsi que ces c\u00e2bles ne se d\u00e9tachent lors de la prise de vue et vous assurerez une protection suppl\u00e9mentaire des ports de votre appareil photo.<\/p>\n<p>Cela peut s&#8217;av\u00e9rer particuli\u00e8rement utile lors de l&#8217;utilisation d&#8217;un enregistreur externe, car un c\u00e2ble mal fix\u00e9 peut tr\u00e8s bien g\u00e2cher une prise s&#8217;il est accidentellement d\u00e9connect\u00e9.<\/p>\n","protected":false},"excerpt":{"rendered":"<p>Cette fixation HDMI pour Canon R5C se connecte sur le c\u00f4t\u00e9 de la cage int\u00e9grale R5C et vous permet de fixer l&#8217;adaptateur HDMI vers Micro HDMI en option et un c\u00e2ble USB-C en option. Vous \u00e9viterez ainsi que ces c\u00e2bles [&hellip;]<\/p>\n","protected":false},"featured_media":1992207,"comment_status":"closed","ping_status":"closed","template":"","meta":[],"product_cat":[1732,2418],"product_tag":[],"acf":[],"gallery_images":[1992209],"_links":{"self":[{"href":"https:\/\/eu.tilta.com\/fr\/wp-json\/wp\/v2\/product\/1992205"}],"collection":[{"href":"https:\/\/eu.tilta.com\/fr\/wp-json\/wp\/v2\/product"}],"about":[{"href":"https:\/\/eu.tilta.com\/fr\/wp-json\/wp\/v2\/types\/product"}],"replies":[{"embeddable":true,"href":"https:\/\/eu.tilta.com\/fr\/wp-json\/wp\/v2\/comments?post=1992205"}],"wp:featuredmedia":[{"embeddable":true,"href":"https:\/\/eu.tilta.com\/fr\/wp-json\/wp\/v2\/media\/1992207"}],"wp:attachment":[{"href":"https:\/\/eu.tilta.com\/fr\/wp-json\/wp\/v2\/media?parent=1992205"}],"wp:term":[{"taxonomy":"product_cat","embeddable":true,"href":"https:\/\/eu.tilta.com\/fr\/wp-json\/wp\/v2\/product_cat?post=1992205"},{"taxonomy":"product_tag","embeddable":true,"href":"https:\/\/eu.tilta.com\/fr\/wp-json\/wp\/v2\/product_tag?post=1992205"}],"curies":[{"name":"wp","href":"https:\/\/api.w.org\/{rel}","templated":true}]}}