{"id":1992215,"date":"2022-05-18T09:54:46","date_gmt":"2022-05-18T07:54:46","guid":{"rendered":"https:\/\/de.tilta.com\/shop\/controleur-sans-fil-pour-dji-ronin\/"},"modified":"2025-12-05T12:52:37","modified_gmt":"2025-12-05T11:52:37","slug":"wireless-thumb-controller-for-dji-ronin","status":"publish","type":"product","link":"https:\/\/eu.tilta.com\/fr\/shop\/wireless-thumb-controller-for-dji-ronin\/","title":{"rendered":"Contr\u00f4leur sans fil pour DJI Ronin"},"content":{"rendered":"<p>Ce contr\u00f4leur sans fil pour le DJI RS2 et RS3 Pro vous permet de contr\u00f4ler sans fil le Ronin ainsi qu&#8217;un moteur de suivi de mise au point <a href=\"https:\/\/de.tilta.com\/shop\/nucleus-m-wireless-follow-focus\/\">Nucleus M<\/a> ou <a href=\"https:\/\/de.tilta.com\/product-category\/lens-control-systems\/nucleus-nano-wireless-lens-control-system\/\">Nucleus Nano<\/a>.<\/p>\n<p>Cette unit\u00e9 est con\u00e7ue pour \u00eatre mont\u00e9e sur l&#8217;\u00e9trier de votre Tilta Float via le support de moniteur du syst\u00e8me.<\/p>\n<p>Le contr\u00f4leur s&#8217;alimente via des <a href=\"https:\/\/www.bhphotovideo.com\/c\/product\/1498986-REG\/gopro_ajbat_001_rechargeable_li_ion_battery_for.html\/?ap=y&amp;ap=y&amp;smp=y&amp;smp=y&amp;lsft=BI%3A514&amp;gclid=Cj0KCQjwidSWBhDdARIsAIoTVb2qTaI2ceUdPUqS9Z6NSyfc3K5TrendVjlE4hcFNSmLOrQZTvZi0bMaAlyoEALw_wcB\">batteries Go Pro 5-8<\/a> et dispose d&#8217;un port USB-C qui peut \u00eatre utilis\u00e9 pour les futures mises \u00e0 jour du micrologiciel. Veuillez noter que nous ne recommandons pas d&#8217;alimenter l&#8217;appareil par ce port.<\/p>\n<p>Ce contr\u00f4leur remplace celui qui est inclus dans le <a href=\"https:\/\/de.tilta.com\/shop\/tilta-float-handheld-gimbal-support-system\/\">syst\u00e8me de support de cardan portable Tilta Float<\/a> et peut \u00e9galement \u00eatre utilis\u00e9 ind\u00e9pendamment avec le <a href=\"https:\/\/de.tilta.com\/shop\/wireless-control-receiver-module-for-rs-2\/\">module r\u00e9cepteur de contr\u00f4le sans fil pour RS 2<\/a>.<\/p>\n<p><strong>REMARQUE : La fonction d&#8217;enregistrement n&#8217;est pas compatible avec les moteurs de la s\u00e9rie Nucleus.<\/strong><\/p>\n<p>RS3\/RS3 Pro : La cl\u00e9 M n&#8217;est PAS en mesure d&#8217;imiter la fonction du cardan. La touche M de cet appareil permet UNIQUEMENT de modifier le r\u00e9glage du mode.<\/p>\n","protected":false},"excerpt":{"rendered":"<p>Ce contr\u00f4leur sans fil pour le DJI RS2 et RS3 Pro vous permet de contr\u00f4ler sans fil le Ronin ainsi qu&#8217;un moteur de suivi de mise au point Nucleus M ou Nucleus Nano. Cette unit\u00e9 est con\u00e7ue pour \u00eatre mont\u00e9e [&hellip;]<\/p>\n","protected":false},"featured_media":1992225,"comment_status":"closed","ping_status":"closed","template":"","meta":[],"product_cat":[2314],"product_tag":[],"acf":[],"gallery_images":[1992227],"_links":{"self":[{"href":"https:\/\/eu.tilta.com\/fr\/wp-json\/wp\/v2\/product\/1992215"}],"collection":[{"href":"https:\/\/eu.tilta.com\/fr\/wp-json\/wp\/v2\/product"}],"about":[{"href":"https:\/\/eu.tilta.com\/fr\/wp-json\/wp\/v2\/types\/product"}],"replies":[{"embeddable":true,"href":"https:\/\/eu.tilta.com\/fr\/wp-json\/wp\/v2\/comments?post=1992215"}],"wp:featuredmedia":[{"embeddable":true,"href":"https:\/\/eu.tilta.com\/fr\/wp-json\/wp\/v2\/media\/1992225"}],"wp:attachment":[{"href":"https:\/\/eu.tilta.com\/fr\/wp-json\/wp\/v2\/media?parent=1992215"}],"wp:term":[{"taxonomy":"product_cat","embeddable":true,"href":"https:\/\/eu.tilta.com\/fr\/wp-json\/wp\/v2\/product_cat?post=1992215"},{"taxonomy":"product_tag","embeddable":true,"href":"https:\/\/eu.tilta.com\/fr\/wp-json\/wp\/v2\/product_tag?post=1992215"}],"curies":[{"name":"wp","href":"https:\/\/api.w.org\/{rel}","templated":true}]}}