{"id":1992296,"date":"2022-06-13T12:27:28","date_gmt":"2022-06-13T10:27:28","guid":{"rendered":"https:\/\/de.tilta.com\/shop\/camera-cage-for-canon-r5c-basic-kit-black\/"},"modified":"2025-12-09T19:50:53","modified_gmt":"2025-12-09T18:50:53","slug":"camera-cage-for-canon-r5c-basic-kit-black","status":"publish","type":"product","link":"https:\/\/eu.tilta.com\/fr\/shop\/camera-cage-for-canon-r5c-basic-kit-black\/","title":{"rendered":"Cage de protection pour Canon R5C Basic Kit &#8211; Noir"},"content":{"rendered":"<p>Cette cage offre une protection accrue pour le Canon R5C tout en \u00e9largissant les options de montage pour divers accessoires de l&#8217;appareil photo.<\/p>\n<p>La cage est \u00e9quip\u00e9e d&#8217;une connexion ARRI Rosette, de deux r\u00e9cepteurs \u00e0 chaussure froide et de connexions NATO Rail sur le haut et le c\u00f4t\u00e9 gauche de la cage.<\/p>\n<p>Ces connexions sont des options parfaites pour le montage de nos poign\u00e9es lat\u00e9rales optionnelles de type IV\/VI ou de notre poign\u00e9e sup\u00e9rieure compacte OTAN.<\/p>\n<p>La cage comporte \u00e9galement plusieurs points de fixation \u00bc&#8221;-20 avec goupilles de positionnement, plusieurs filetages M3 et des fentes int\u00e9gr\u00e9es pour une bandouli\u00e8re.<\/p>\n<p>La poign\u00e9e sup\u00e9rieure \u00e0 d\u00e9gagement rapide incluse peut \u00eatre mont\u00e9e sur le r\u00e9cepteur de la griffe froide situ\u00e9 sur le dessus de la cage et constitue un moyen pratique de manipuler l&#8217;appareil photo et de r\u00e9aliser des prises de vue en contre-plong\u00e9e.<\/p>\n<p>La poign\u00e9e elle-m\u00eame comporte plusieurs points de montage 1\/4&#8243;-20 et 3\/8&#8243;-16, ainsi que deux r\u00e9cepteurs de chaussure froide \u00e0 l&#8217;avant et \u00e0 l&#8217;arri\u00e8re de la poign\u00e9e.<\/p>\n<p>Un support de tige horizontale de 15 mm est int\u00e9gr\u00e9 \u00e0 la poign\u00e9e pour permettre diverses possibilit\u00e9s de montage, comme le montage d&#8217;un EVF ou d&#8217;un moniteur externe par l&#8217;interm\u00e9diaire d&#8217;une tige de 15 mm.<\/p>\n<p>La poign\u00e9e sup\u00e9rieure r\u00e9glable, disponible en option, permet de passer rapidement d&#8217;une configuration de prise de vue horizontale \u00e0 une configuration de prise de vue verticale.<\/p>\n<p>La cage se connecte au bo\u00eetier de votre appareil photo via une vis \u00bc&#8221;-20 et utilise un point de contact suppl\u00e9mentaire via une goupille de positionnement afin d&#8217;emp\u00eacher l&#8217;appareil photo de se d\u00e9placer \u00e0 l&#8217;int\u00e9rieur de la cage.<\/p>\n<p>Le coussin en silicone int\u00e9gr\u00e9 permet de maintenir le bo\u00eetier de l&#8217;appareil photo en place tout en le prot\u00e9geant des rayures qui pourraient \u00eatre caus\u00e9es par la cage.<\/p>\n<p>La base de la cage offre \u00e9galement deux options de montage pour s\u00e9curiser le syst\u00e8me sur diff\u00e9rentes plaques de fixation rapide et supporte nativement notre <a href=\"https:\/\/de.tilta.com\/shop\/tiltaing-smart-v-mount-battery-baseplate-arca-black\/\">plaque de base Smart V Mount Battery<\/a> Baseplate et la <a href=\"https:\/\/de.tilta.com\/shop\/tiltaing-15mm-lws-baseplate-type-iv\/\">plaque de base LWS Type IV<\/a>.<\/p>\n<p>La plaque inf\u00e9rieure vous permet d&#8217;acc\u00e9der facilement au compartiment \u00e0 piles et comprend \u00e9galement une fente pour le tournevis magn\u00e9tique fourni.<\/p>\n<p>La fixation Clamp incluse se connecte sur le c\u00f4t\u00e9 de la cage et vous permet de fixer l&#8217;adaptateur HDMI vers Micro HDMI inclus et un c\u00e2ble USB-C en option.<\/p>\n<p>Cet accessoire permet d&#8217;\u00e9viter que ces c\u00e2bles ne se d\u00e9tachent lors de la prise de vue et offre une protection suppl\u00e9mentaire pour les ports de votre appareil photo.<\/p>\n<p>Cela peut s&#8217;av\u00e9rer particuli\u00e8rement utile lors de l&#8217;utilisation d&#8217;un enregistreur externe, car un c\u00e2ble mal fix\u00e9 peut tr\u00e8s bien g\u00e2cher une prise s&#8217;il est accidentellement d\u00e9connect\u00e9.<\/p>\n<p>Le support de monture d&#8217;objectif inclus se fixe \u00e0 l&#8217;avant de la cage \u00e0 l&#8217;aide de vis M3 et fournit un support suppl\u00e9mentaire pour un adaptateur de monture d&#8217;objectif RF \u00e0 EF.<\/p>\n<p>Il s&#8217;agit d&#8217;un point de contact suppl\u00e9mentaire entre votre cage et l&#8217;adaptateur d&#8217;objectif, ce qui permet de cr\u00e9er une connexion plus s\u00fbre et de limiter les d\u00e9calages dans l&#8217;image qui pourraient \u00eatre caus\u00e9s par les syst\u00e8mes de suivi de la mise au point.<\/p>\n","protected":false},"excerpt":{"rendered":"<p>Cette cage offre une protection accrue pour le Canon R5C tout en \u00e9largissant les options de montage pour divers accessoires de l&#8217;appareil photo. La cage est \u00e9quip\u00e9e d&#8217;une connexion ARRI Rosette, de deux r\u00e9cepteurs \u00e0 chaussure froide et de connexions [&hellip;]<\/p>\n","protected":false},"featured_media":1992318,"comment_status":"closed","ping_status":"closed","template":"","meta":[],"product_cat":[1732],"product_tag":[],"acf":[],"gallery_images":[1954726,1954727,1924934,1924935,1924936],"_links":{"self":[{"href":"https:\/\/eu.tilta.com\/fr\/wp-json\/wp\/v2\/product\/1992296"}],"collection":[{"href":"https:\/\/eu.tilta.com\/fr\/wp-json\/wp\/v2\/product"}],"about":[{"href":"https:\/\/eu.tilta.com\/fr\/wp-json\/wp\/v2\/types\/product"}],"replies":[{"embeddable":true,"href":"https:\/\/eu.tilta.com\/fr\/wp-json\/wp\/v2\/comments?post=1992296"}],"wp:featuredmedia":[{"embeddable":true,"href":"https:\/\/eu.tilta.com\/fr\/wp-json\/wp\/v2\/media\/1992318"}],"wp:attachment":[{"href":"https:\/\/eu.tilta.com\/fr\/wp-json\/wp\/v2\/media?parent=1992296"}],"wp:term":[{"taxonomy":"product_cat","embeddable":true,"href":"https:\/\/eu.tilta.com\/fr\/wp-json\/wp\/v2\/product_cat?post=1992296"},{"taxonomy":"product_tag","embeddable":true,"href":"https:\/\/eu.tilta.com\/fr\/wp-json\/wp\/v2\/product_tag?post=1992296"}],"curies":[{"name":"wp","href":"https:\/\/api.w.org\/{rel}","templated":true}]}}