{"id":1992307,"date":"2022-05-18T10:09:47","date_gmt":"2022-05-18T08:09:47","guid":{"rendered":"https:\/\/de.tilta.com\/shop\/support-de-moniteur-du-systeme-de-flottaison-tilta\/"},"modified":"2025-12-05T12:52:42","modified_gmt":"2025-12-05T11:52:42","slug":"tilta-float-system-monitor-bracket","status":"publish","type":"product","link":"https:\/\/eu.tilta.com\/fr\/shop\/tilta-float-system-monitor-bracket\/","title":{"rendered":"Support de moniteur du syst\u00e8me de flottaison Tilta"},"content":{"rendered":"<p>Ce support de moniteur est con\u00e7u pour \u00eatre mont\u00e9 sur l&#8217;\u00e9trier du Tilta Float afin de supporter la <a href=\"https:\/\/de.tilta.com\/shop\/wireless-thumb-controller-for-rs-2\/#\">commande au pouce sans fil pour RS 2<\/a> et d&#8217;autres accessoires tels qu&#8217;un moniteur externe.<\/p>\n<p>Ce support comporte un point de montage 1\/4&#8243;-20 ainsi que deux r\u00e9cepteurs de griffe froide, vous permettant de monter un moniteur externe via notre <a href=\"https:\/\/de.tilta.com\/shop\/tiltaing-adjustable-cold-shoe-accessory-mounting-bracket\/\">support de moniteur \u00e0 griffe froide<\/a>.<\/p>\n<p>La plaque de montage de la griffe froide est r\u00e9glable, ce qui vous permet de positionner le moniteur de mani\u00e8re \u00e0 ne pas limiter votre amplitude de mouvement lors de l&#8217;utilisation du Float.<\/p>\n<p>Ce support remplace celui qui est inclus dans le <a href=\"https:\/\/de.tilta.com\/shop\/tilta-float-handheld-gimbal-support-system\/\">syst\u00e8me de support de cardan portable Tilta Float<\/a>.<\/p>\n","protected":false},"excerpt":{"rendered":"<p>Ce support de moniteur est con\u00e7u pour \u00eatre mont\u00e9 sur l&#8217;\u00e9trier du Tilta Float afin de supporter la commande au pouce sans fil pour RS 2 et d&#8217;autres accessoires tels qu&#8217;un moniteur externe. Ce support comporte un point de montage [&hellip;]<\/p>\n","protected":false},"featured_media":1992322,"comment_status":"closed","ping_status":"closed","template":"","meta":[],"product_cat":[2314],"product_tag":[],"acf":[],"gallery_images":[1922287],"_links":{"self":[{"href":"https:\/\/eu.tilta.com\/fr\/wp-json\/wp\/v2\/product\/1992307"}],"collection":[{"href":"https:\/\/eu.tilta.com\/fr\/wp-json\/wp\/v2\/product"}],"about":[{"href":"https:\/\/eu.tilta.com\/fr\/wp-json\/wp\/v2\/types\/product"}],"replies":[{"embeddable":true,"href":"https:\/\/eu.tilta.com\/fr\/wp-json\/wp\/v2\/comments?post=1992307"}],"wp:featuredmedia":[{"embeddable":true,"href":"https:\/\/eu.tilta.com\/fr\/wp-json\/wp\/v2\/media\/1992322"}],"wp:attachment":[{"href":"https:\/\/eu.tilta.com\/fr\/wp-json\/wp\/v2\/media?parent=1992307"}],"wp:term":[{"taxonomy":"product_cat","embeddable":true,"href":"https:\/\/eu.tilta.com\/fr\/wp-json\/wp\/v2\/product_cat?post=1992307"},{"taxonomy":"product_tag","embeddable":true,"href":"https:\/\/eu.tilta.com\/fr\/wp-json\/wp\/v2\/product_tag?post=1992307"}],"curies":[{"name":"wp","href":"https:\/\/api.w.org\/{rel}","templated":true}]}}