{"id":1992324,"date":"2022-05-12T13:52:53","date_gmt":"2022-05-12T11:52:53","guid":{"rendered":"https:\/\/de.tilta.com\/shop\/petite-ventouse-hydra-alien\/"},"modified":"2025-12-05T12:52:43","modified_gmt":"2025-12-05T11:52:43","slug":"hydra-alien-small-suction-cup","status":"publish","type":"product","link":"https:\/\/eu.tilta.com\/fr\/shop\/hydra-alien-small-suction-cup\/","title":{"rendered":"Petite ventouse Hydra Alien"},"content":{"rendered":"<p>Cette ventouse remplace les ventouses incluses dans le <a href=\"https:\/\/de.tilta.com\/shop\/hydra-alien-car-mounting-system\/\">syst\u00e8me de montage Hydra Alien pour voiture<\/a> et peut \u00e9galement \u00eatre utilis\u00e9e en compl\u00e9ment du kit original pour construire des montages plus grands et plus s\u00fbrs.<\/p>\n<p>Cette ventouse se connecte \u00e0 n&#8217;importe quelle plaque Hydra Alien \u00e0 queue d&#8217;aronde, ce qui permet de les placer dans diff\u00e9rentes positions afin de s&#8217;adapter \u00e0 la majorit\u00e9 des v\u00e9hicules.<\/p>\n<p>L&#8217;utilisation de plusieurs ventouses vous permet de construire une base incroyablement stable sur laquelle vous pouvez monter l&#8217;Hydra Alien dans diff\u00e9rentes configurations.<\/p>\n<p>Cette petite ventouse est pr\u00e9vue pour 50kg ou environ 110lbs.<\/p>\n","protected":false},"excerpt":{"rendered":"<p>Cette ventouse remplace les ventouses incluses dans le syst\u00e8me de montage Hydra Alien pour voiture et peut \u00e9galement \u00eatre utilis\u00e9e en compl\u00e9ment du kit original pour construire des montages plus grands et plus s\u00fbrs. Cette ventouse se connecte \u00e0 n&#8217;importe [&hellip;]<\/p>\n","protected":false},"featured_media":1992333,"comment_status":"closed","ping_status":"closed","template":"","meta":[],"product_cat":[1894,1895,1898],"product_tag":[],"acf":[],"gallery_images":[1992335],"_links":{"self":[{"href":"https:\/\/eu.tilta.com\/fr\/wp-json\/wp\/v2\/product\/1992324"}],"collection":[{"href":"https:\/\/eu.tilta.com\/fr\/wp-json\/wp\/v2\/product"}],"about":[{"href":"https:\/\/eu.tilta.com\/fr\/wp-json\/wp\/v2\/types\/product"}],"replies":[{"embeddable":true,"href":"https:\/\/eu.tilta.com\/fr\/wp-json\/wp\/v2\/comments?post=1992324"}],"wp:featuredmedia":[{"embeddable":true,"href":"https:\/\/eu.tilta.com\/fr\/wp-json\/wp\/v2\/media\/1992333"}],"wp:attachment":[{"href":"https:\/\/eu.tilta.com\/fr\/wp-json\/wp\/v2\/media?parent=1992324"}],"wp:term":[{"taxonomy":"product_cat","embeddable":true,"href":"https:\/\/eu.tilta.com\/fr\/wp-json\/wp\/v2\/product_cat?post=1992324"},{"taxonomy":"product_tag","embeddable":true,"href":"https:\/\/eu.tilta.com\/fr\/wp-json\/wp\/v2\/product_tag?post=1992324"}],"curies":[{"name":"wp","href":"https:\/\/api.w.org\/{rel}","templated":true}]}}