{"id":1992325,"date":"2022-04-08T09:06:22","date_gmt":"2022-04-08T07:06:22","guid":{"rendered":"https:\/\/de.tilta.com\/shop\/kit-de-protection-de-filtre-pour-tilta-mirage\/"},"modified":"2026-04-27T13:16:06","modified_gmt":"2026-04-27T11:16:06","slug":"filter-protector-kit-for-tilta-mirage","status":"publish","type":"product","link":"https:\/\/eu.tilta.com\/fr\/shop\/filter-protector-kit-for-tilta-mirage\/","title":{"rendered":"Kit de protection de filtre pour Tilta Mirage"},"content":{"rendered":"<p>Ce kit de protection de filtre pour Tilta Mirage comprend un cadre de montage et un filtre transparent qui peut \u00eatre plac\u00e9 sur la fente de filtre 4\u00d75,65 de la bo\u00eete matte.<\/p>\n<p>Cela vous permet de monter facilement une couche de protection suppl\u00e9mentaire sur votre matte box pour prot\u00e9ger vos filtres circulaires de 95 mm et le verre de votre objectif contre les taches, les rayures et les d\u00e9bris pendant la prise de vue.<\/p>\n<p>Des <a href=\"https:\/\/de.tilta.com\/shop\/filter-protector-glass-for-tilta-mirage\/\">filtres transparents<\/a> suppl\u00e9mentaires peuvent \u00eatre achet\u00e9s pour vous permettre d&#8217;\u00eatre toujours pr\u00eat lorsque vous filmez des sujets plus risqu\u00e9s tels que des cascades ou des v\u00e9hicules en mouvement.<\/p>\n<p>Pour installer ce kit, vous devrez d&#8217;abord ins\u00e9rer le filtre transparent \u00e0 l&#8217;avant du bo\u00eetier mat, puis placer le porte-filtre sur le filtre transparent et le verrouiller en place.<\/p>\n","protected":false},"excerpt":{"rendered":"<p>Ce kit de protection de filtre pour Tilta Mirage comprend un cadre de montage et un filtre transparent qui peut \u00eatre plac\u00e9 sur la fente de filtre 4\u00d75,65 de la bo\u00eete matte. Cela vous permet de monter facilement une couche [&hellip;]<\/p>\n","protected":false},"featured_media":1992339,"comment_status":"closed","ping_status":"closed","template":"","meta":[],"product_cat":[2006],"product_tag":[],"acf":[],"gallery_images":[1992340,1992341,1992342],"_links":{"self":[{"href":"https:\/\/eu.tilta.com\/fr\/wp-json\/wp\/v2\/product\/1992325"}],"collection":[{"href":"https:\/\/eu.tilta.com\/fr\/wp-json\/wp\/v2\/product"}],"about":[{"href":"https:\/\/eu.tilta.com\/fr\/wp-json\/wp\/v2\/types\/product"}],"replies":[{"embeddable":true,"href":"https:\/\/eu.tilta.com\/fr\/wp-json\/wp\/v2\/comments?post=1992325"}],"wp:featuredmedia":[{"embeddable":true,"href":"https:\/\/eu.tilta.com\/fr\/wp-json\/wp\/v2\/media\/1992339"}],"wp:attachment":[{"href":"https:\/\/eu.tilta.com\/fr\/wp-json\/wp\/v2\/media?parent=1992325"}],"wp:term":[{"taxonomy":"product_cat","embeddable":true,"href":"https:\/\/eu.tilta.com\/fr\/wp-json\/wp\/v2\/product_cat?post=1992325"},{"taxonomy":"product_tag","embeddable":true,"href":"https:\/\/eu.tilta.com\/fr\/wp-json\/wp\/v2\/product_tag?post=1992325"}],"curies":[{"name":"wp","href":"https:\/\/api.w.org\/{rel}","templated":true}]}}