{"id":1992411,"date":"2022-05-23T10:55:37","date_gmt":"2022-05-23T08:55:37","guid":{"rendered":"https:\/\/de.tilta.com\/shop\/tilta-float-shoulder-support\/"},"modified":"2025-12-05T12:52:58","modified_gmt":"2025-12-05T11:52:58","slug":"tilta-float-shoulder-support","status":"publish","type":"product","link":"https:\/\/eu.tilta.com\/fr\/shop\/tilta-float-shoulder-support\/","title":{"rendered":"Support d&#8217;\u00e9paule Tilta Float"},"content":{"rendered":"<p>Ce support d&#8217;\u00e9paule pour le <a href=\"https:\/\/de.tilta.com\/shop\/tilta-float-handheld-gimbal-support-system\/\">syst\u00e8me de flottaison Tilta<\/a> \u00e9largit la veste de support incluse dans toutes les versions du kit de flottaison.<\/p>\n<p>Le support d&#8217;\u00e9paule suppl\u00e9mentaire permet aux utilisateurs d&#8217;utiliser plus confortablement les appareils de toute taille en redistribuant le poids de la taille vers les \u00e9paules.<\/p>\n<p>Cela permet \u00e9galement d&#8217;\u00e9viter que la veste de soutien ne s&#8217;affaisse lorsqu&#8217;elle est utilis\u00e9e avec un syst\u00e8me plus lourd.<\/p>\n<p>Le support d&#8217;\u00e9paule est la solution parfaite pour ceux qui souhaitent faire voler des cam\u00e9ras plus grandes sur leur Float ou qui ont besoin d&#8217;utiliser le Float pendant de longues p\u00e9riodes.<\/p>\n","protected":false},"excerpt":{"rendered":"<p>Ce support d&#8217;\u00e9paule pour le syst\u00e8me de flottaison Tilta \u00e9largit la veste de support incluse dans toutes les versions du kit de flottaison. Le support d&#8217;\u00e9paule suppl\u00e9mentaire permet aux utilisateurs d&#8217;utiliser plus confortablement les appareils de toute taille en redistribuant [&hellip;]<\/p>\n","protected":false},"featured_media":1992413,"comment_status":"closed","ping_status":"closed","template":"","meta":[],"product_cat":[2314,2316],"product_tag":[],"acf":[],"gallery_images":[1992414,1992415,1992416,1992417],"_links":{"self":[{"href":"https:\/\/eu.tilta.com\/fr\/wp-json\/wp\/v2\/product\/1992411"}],"collection":[{"href":"https:\/\/eu.tilta.com\/fr\/wp-json\/wp\/v2\/product"}],"about":[{"href":"https:\/\/eu.tilta.com\/fr\/wp-json\/wp\/v2\/types\/product"}],"replies":[{"embeddable":true,"href":"https:\/\/eu.tilta.com\/fr\/wp-json\/wp\/v2\/comments?post=1992411"}],"wp:featuredmedia":[{"embeddable":true,"href":"https:\/\/eu.tilta.com\/fr\/wp-json\/wp\/v2\/media\/1992413"}],"wp:attachment":[{"href":"https:\/\/eu.tilta.com\/fr\/wp-json\/wp\/v2\/media?parent=1992411"}],"wp:term":[{"taxonomy":"product_cat","embeddable":true,"href":"https:\/\/eu.tilta.com\/fr\/wp-json\/wp\/v2\/product_cat?post=1992411"},{"taxonomy":"product_tag","embeddable":true,"href":"https:\/\/eu.tilta.com\/fr\/wp-json\/wp\/v2\/product_tag?post=1992411"}],"curies":[{"name":"wp","href":"https:\/\/api.w.org\/{rel}","templated":true}]}}