{"id":1992436,"date":"2022-05-12T13:51:29","date_gmt":"2022-05-12T11:51:29","guid":{"rendered":"https:\/\/de.tilta.com\/shop\/grande-ventouse-hydra-alien\/"},"modified":"2025-12-05T12:53:00","modified_gmt":"2025-12-05T11:53:00","slug":"hydra-alien-large-suction-cup","status":"publish","type":"product","link":"https:\/\/eu.tilta.com\/fr\/shop\/hydra-alien-large-suction-cup\/","title":{"rendered":"Grande ventouse Hydra Alien"},"content":{"rendered":"<p>Cette ventouse remplace celle incluse dans le <a href=\"https:\/\/de.tilta.com\/shop\/hydra-alien-car-mounting-system\/\">syst\u00e8me de montage Hydra Alien pour voiture<\/a> et peut \u00e9galement \u00eatre utilis\u00e9e en compl\u00e9ment du kit d&#8217;origine pour construire des montages plus grands et plus s\u00fbrs.<\/p>\n<p>Cette ventouse se connecte \u00e0 n&#8217;importe quelle plaque Hydra Alien \u00e0 queue d&#8217;aronde, ce qui permet de les placer dans diff\u00e9rentes positions afin de s&#8217;adapter \u00e0 la majorit\u00e9 des v\u00e9hicules.<\/p>\n<p>L&#8217;utilisation de plusieurs ventouses vous permet de construire une base incroyablement stable sur laquelle vous pouvez monter l&#8217;Hydra Alien dans diff\u00e9rentes configurations.<\/p>\n<p>Cette grande ventouse est pr\u00e9vue pour 50kg ou environ 110lbs.<\/p>\n<p>&nbsp;<\/p>\n","protected":false},"excerpt":{"rendered":"<p>Cette ventouse remplace celle incluse dans le syst\u00e8me de montage Hydra Alien pour voiture et peut \u00e9galement \u00eatre utilis\u00e9e en compl\u00e9ment du kit d&#8217;origine pour construire des montages plus grands et plus s\u00fbrs. Cette ventouse se connecte \u00e0 n&#8217;importe quelle [&hellip;]<\/p>\n","protected":false},"featured_media":1992441,"comment_status":"closed","ping_status":"closed","template":"","meta":[],"product_cat":[1894,1895,1898],"product_tag":[],"acf":[],"gallery_images":[1922016],"_links":{"self":[{"href":"https:\/\/eu.tilta.com\/fr\/wp-json\/wp\/v2\/product\/1992436"}],"collection":[{"href":"https:\/\/eu.tilta.com\/fr\/wp-json\/wp\/v2\/product"}],"about":[{"href":"https:\/\/eu.tilta.com\/fr\/wp-json\/wp\/v2\/types\/product"}],"replies":[{"embeddable":true,"href":"https:\/\/eu.tilta.com\/fr\/wp-json\/wp\/v2\/comments?post=1992436"}],"wp:featuredmedia":[{"embeddable":true,"href":"https:\/\/eu.tilta.com\/fr\/wp-json\/wp\/v2\/media\/1992441"}],"wp:attachment":[{"href":"https:\/\/eu.tilta.com\/fr\/wp-json\/wp\/v2\/media?parent=1992436"}],"wp:term":[{"taxonomy":"product_cat","embeddable":true,"href":"https:\/\/eu.tilta.com\/fr\/wp-json\/wp\/v2\/product_cat?post=1992436"},{"taxonomy":"product_tag","embeddable":true,"href":"https:\/\/eu.tilta.com\/fr\/wp-json\/wp\/v2\/product_tag?post=1992436"}],"curies":[{"name":"wp","href":"https:\/\/api.w.org\/{rel}","templated":true}]}}