{"id":1992483,"date":"2022-03-04T09:54:05","date_gmt":"2022-03-04T08:54:05","guid":{"rendered":"https:\/\/de.tilta.com\/shop\/mallette-a-coque-dure-pour-le-kit-de-montage-speed-rail-car\/"},"modified":"2025-12-05T12:53:06","modified_gmt":"2025-12-05T11:53:06","slug":"hard-shell-case-for-speed-rail-car-mounting-kit","status":"publish","type":"product","link":"https:\/\/eu.tilta.com\/fr\/shop\/hard-shell-case-for-speed-rail-car-mounting-kit\/","title":{"rendered":"Mallette \u00e0 coque dure pour le kit de montage Speed Rail Car"},"content":{"rendered":"<p>Cette mallette de s\u00e9curit\u00e9 \u00e0 coque dure est con\u00e7ue pour ranger et prot\u00e9ger le <a href=\"https:\/\/de.tilta.com\/shop\/speed-rail-car-mounting-kit\/\">kit de montage Speed Rail Car<\/a>.<\/p>\n<p>Cela vous permet de transporter le syst\u00e8me en toute s\u00e9curit\u00e9 entre les lieux de tournage et de le ranger proprement lorsqu&#8217;il n&#8217;est pas utilis\u00e9.<\/p>\n<p>Les roulettes int\u00e9gr\u00e9es vous permettent de faire rouler facilement la valise lorsque vous transportez le syst\u00e8me.<\/p>\n<p>Cette mallette remplace celle fournie avec le <a href=\"https:\/\/de.tilta.com\/shop\/speed-rail-car-mounting-kit\/\">kit de montage du wagon Speed Rail<\/a>, mais elle peut \u00e9galement \u00eatre utilis\u00e9e pour ranger d&#8217;autres \u00e9quipements si n\u00e9cessaire.<\/p>\n","protected":false},"excerpt":{"rendered":"<p>Cette mallette de s\u00e9curit\u00e9 \u00e0 coque dure est con\u00e7ue pour ranger et prot\u00e9ger le kit de montage Speed Rail Car. Cela vous permet de transporter le syst\u00e8me en toute s\u00e9curit\u00e9 entre les lieux de tournage et de le ranger proprement [&hellip;]<\/p>\n","protected":false},"featured_media":1992488,"comment_status":"closed","ping_status":"closed","template":"","meta":[],"product_cat":[2117],"product_tag":[],"acf":[],"gallery_images":[],"_links":{"self":[{"href":"https:\/\/eu.tilta.com\/fr\/wp-json\/wp\/v2\/product\/1992483"}],"collection":[{"href":"https:\/\/eu.tilta.com\/fr\/wp-json\/wp\/v2\/product"}],"about":[{"href":"https:\/\/eu.tilta.com\/fr\/wp-json\/wp\/v2\/types\/product"}],"replies":[{"embeddable":true,"href":"https:\/\/eu.tilta.com\/fr\/wp-json\/wp\/v2\/comments?post=1992483"}],"wp:featuredmedia":[{"embeddable":true,"href":"https:\/\/eu.tilta.com\/fr\/wp-json\/wp\/v2\/media\/1992488"}],"wp:attachment":[{"href":"https:\/\/eu.tilta.com\/fr\/wp-json\/wp\/v2\/media?parent=1992483"}],"wp:term":[{"taxonomy":"product_cat","embeddable":true,"href":"https:\/\/eu.tilta.com\/fr\/wp-json\/wp\/v2\/product_cat?post=1992483"},{"taxonomy":"product_tag","embeddable":true,"href":"https:\/\/eu.tilta.com\/fr\/wp-json\/wp\/v2\/product_tag?post=1992483"}],"curies":[{"name":"wp","href":"https:\/\/api.w.org\/{rel}","templated":true}]}}