{"id":1992527,"date":"2022-03-01T14:35:51","date_gmt":"2022-03-01T13:35:51","guid":{"rendered":"https:\/\/de.tilta.com\/shop\/tilta-float-dual-handle-support-system\/"},"modified":"2026-02-17T13:49:12","modified_gmt":"2026-02-17T12:49:12","slug":"tilta-float-dual-handle-support-system","status":"publish","type":"product","link":"https:\/\/eu.tilta.com\/fr\/shop\/tilta-float-dual-handle-support-system\/","title":{"rendered":"Syst\u00e8me de support \u00e0 double poign\u00e9e Tilta Float"},"content":{"rendered":"<p><strong>VEUILLEZ NOTER : Le poteau flottant n&#8217;est pas disponible \u00e0 l&#8217;achat s\u00e9par\u00e9ment. La SEULE fa\u00e7on d&#8217;acheter le poteau pour le flotteur est d&#8217;acheter le <a href=\"https:\/\/de.tilta.com\/shop\/tilta-float-handheld-gimbal-support-system\/\">syst\u00e8me<\/a> complet <a href=\"https:\/\/de.tilta.com\/shop\/tilta-float-handheld-gimbal-support-system\/\">de support de balancier portatif.<\/a><\/strong><\/p>\n<p>Cette variante du kit de flotteur original de Tilta est sp\u00e9cialement con\u00e7ue pour supporter le support d&#8217;alimentation \u00e0 deux poign\u00e9es pour RS2, tout en offrant une stabilit\u00e9 et un confort accrus lors de l&#8217;utilisation.<\/p>\n<p>Ce kit comprend la veste de support, le bras stabilisateur et la mallette de transport du kit d&#8217;origine, ainsi que le support d&#8217;alimentation \u00e0 double poign\u00e9e, la poign\u00e9e de t\u00e9l\u00e9commande RS2 et l&#8217;adaptateur Manfrotto.<\/p>\n<p>Cet adaptateur vous permet de monter votre syst\u00e8me Dual Handle directement sur le bras stabilisateur Tilta Float, ce qui offre une exp\u00e9rience de prise de vue plus contr\u00f4l\u00e9e et plus confortable.<\/p>\n<p>Cet adaptateur a \u00e9t\u00e9 d\u00e9velopp\u00e9 en collaboration avec l&#8217;expert en modification de notre <a href=\"https:\/\/www.facebook.com\/groups\/1398011240547585\/\">DJI Ecosystem User Group<\/a>, Vaho Mat, qui a aid\u00e9 les utilisateurs de notre communaut\u00e9 en pleine croissance \u00e0 \u00e9tendre les fonctionnalit\u00e9s de leurs rigs RS2.<\/p>\n<p>Le support d&#8217;alimentation \u00e0 double poign\u00e9e vous permet d&#8217;alimenter votre RS2 via une batterie Gold ou V-Mount tout en offrant une stabilit\u00e9 suppl\u00e9mentaire et en disposant de plusieurs points de fixation pour attacher des accessoires.<\/p>\n<p>Le support d&#8217;alimentation vous permet de monter la poign\u00e9e de batterie du RS2 pour augmenter l&#8217;autonomie de la batterie sur le c\u00f4t\u00e9 gauche du support, tandis que les filetages et l&#8217;adaptateur OTAN sur le c\u00f4t\u00e9 droit permettent de monter la poign\u00e9e de la t\u00e9l\u00e9commande incluse.<\/p>\n<p>Cette poign\u00e9e vous permet de contr\u00f4ler le panoramique et l&#8217;inclinaison de votre RS2 ainsi que d&#8217;autres param\u00e8tres tels que les fonctions d&#8217;arr\u00eat et de photo de votre cam\u00e9ra.<\/p>\n<p>La molette de mise au point de la poign\u00e9e vous permet de contr\u00f4ler sans fil un moteur de contr\u00f4le d&#8217;objectif DJI ou Nucleus Series.<\/p>\n<p>Le bras stabilisateur \u00e0 ressort et la veste de soutien du Float sont con\u00e7us pour redistribuer le poids plus pr\u00e8s de votre corps, ce qui vous permet d&#8217;utiliser l&#8217;appareil plus longtemps que les installations de cardan traditionnelles.<\/p>\n<p>Le nouvel adaptateur Manfrotto utilise une plaque Manfrotto de taille standard, ce qui vous permet de passer rapidement d&#8217;une t\u00eate de tr\u00e9pied Manfrotto compatible au bras flottant Tilta.<\/p>\n<p>Cet adaptateur peut \u00e9galement \u00eatre utilis\u00e9 directement avec les bo\u00eetiers d&#8217;appareil photo lorsque vous n&#8217;utilisez pas le support \u00e0 double poign\u00e9e, car il offre un confort suppl\u00e9mentaire lors de l&#8217;utilisation et une stabilit\u00e9 accrue tout en produisant un look organique \u00e0 main lev\u00e9e.<\/p>\n<p>&nbsp;<\/p>\n","protected":false},"excerpt":{"rendered":"<p>VEUILLEZ NOTER : Le poteau flottant n&#8217;est pas disponible \u00e0 l&#8217;achat s\u00e9par\u00e9ment. La SEULE fa\u00e7on d&#8217;acheter le poteau pour le flotteur est d&#8217;acheter le syst\u00e8me complet de support de balancier portatif. Cette variante du kit de flotteur original de Tilta [&hellip;]<\/p>\n","protected":false},"featured_media":1992542,"comment_status":"closed","ping_status":"closed","template":"","meta":[],"product_cat":[2314,2316],"product_tag":[],"acf":[],"gallery_images":[1992544,1992546,1992547],"_links":{"self":[{"href":"https:\/\/eu.tilta.com\/fr\/wp-json\/wp\/v2\/product\/1992527"}],"collection":[{"href":"https:\/\/eu.tilta.com\/fr\/wp-json\/wp\/v2\/product"}],"about":[{"href":"https:\/\/eu.tilta.com\/fr\/wp-json\/wp\/v2\/types\/product"}],"replies":[{"embeddable":true,"href":"https:\/\/eu.tilta.com\/fr\/wp-json\/wp\/v2\/comments?post=1992527"}],"wp:featuredmedia":[{"embeddable":true,"href":"https:\/\/eu.tilta.com\/fr\/wp-json\/wp\/v2\/media\/1992542"}],"wp:attachment":[{"href":"https:\/\/eu.tilta.com\/fr\/wp-json\/wp\/v2\/media?parent=1992527"}],"wp:term":[{"taxonomy":"product_cat","embeddable":true,"href":"https:\/\/eu.tilta.com\/fr\/wp-json\/wp\/v2\/product_cat?post=1992527"},{"taxonomy":"product_tag","embeddable":true,"href":"https:\/\/eu.tilta.com\/fr\/wp-json\/wp\/v2\/product_tag?post=1992527"}],"curies":[{"name":"wp","href":"https:\/\/api.w.org\/{rel}","templated":true}]}}