{"id":1992550,"date":"2022-03-02T15:33:06","date_gmt":"2022-03-02T14:33:06","guid":{"rendered":"https:\/\/de.tilta.com\/shop\/adaptateur-de-crochet-dattelage-avant-pour-kit-de-montage-de-voiture-speed-rail\/"},"modified":"2025-12-05T12:53:11","modified_gmt":"2025-12-05T11:53:11","slug":"front-tow-hook-adapter-for-speed-rail-car-mounting-kit","status":"publish","type":"product","link":"https:\/\/eu.tilta.com\/fr\/shop\/front-tow-hook-adapter-for-speed-rail-car-mounting-kit\/","title":{"rendered":"Adaptateur de crochet d&#8217;attelage avant pour kit de montage de voiture Speed Rail"},"content":{"rendered":"<p>Cet adaptateur pour crochet d&#8217;attelage avant vous permet de connecter un Speed Rail de 50 mm \u00e0 tout v\u00e9hicule \u00e9quip\u00e9 d&#8217;un crochet d&#8217;attelage.<\/p>\n<p>Cela permet de cr\u00e9er une connexion s\u00e9curis\u00e9e qui ne repose pas uniquement sur l&#8217;aspiration.<\/p>\n<p>Cet adaptateur remplace celui qui est inclus dans le <a href=\"https:\/\/de.tilta.com\/shop\/speed-rail-car-mounting-kit\/\">kit de montage pour voiture Speed Rail<\/a> et peut \u00e9galement \u00eatre utilis\u00e9 pour les v\u00e9hicules \u00e9quip\u00e9s de plusieurs crochets de remorquage.<\/p>\n<p><strong>REMARQUE<\/strong>: Cet adaptateur n\u00e9cessite une pince de montage pour rail rapide afin de connecter d&#8217;autres pi\u00e8ces de rail rapide.<\/p>\n","protected":false},"excerpt":{"rendered":"<p>Cet adaptateur pour crochet d&#8217;attelage avant vous permet de connecter un Speed Rail de 50 mm \u00e0 tout v\u00e9hicule \u00e9quip\u00e9 d&#8217;un crochet d&#8217;attelage. Cela permet de cr\u00e9er une connexion s\u00e9curis\u00e9e qui ne repose pas uniquement sur l&#8217;aspiration. Cet adaptateur remplace [&hellip;]<\/p>\n","protected":false},"featured_media":1992556,"comment_status":"closed","ping_status":"closed","template":"","meta":[],"product_cat":[2117],"product_tag":[],"acf":[],"gallery_images":[1992557,1992560],"_links":{"self":[{"href":"https:\/\/eu.tilta.com\/fr\/wp-json\/wp\/v2\/product\/1992550"}],"collection":[{"href":"https:\/\/eu.tilta.com\/fr\/wp-json\/wp\/v2\/product"}],"about":[{"href":"https:\/\/eu.tilta.com\/fr\/wp-json\/wp\/v2\/types\/product"}],"replies":[{"embeddable":true,"href":"https:\/\/eu.tilta.com\/fr\/wp-json\/wp\/v2\/comments?post=1992550"}],"wp:featuredmedia":[{"embeddable":true,"href":"https:\/\/eu.tilta.com\/fr\/wp-json\/wp\/v2\/media\/1992556"}],"wp:attachment":[{"href":"https:\/\/eu.tilta.com\/fr\/wp-json\/wp\/v2\/media?parent=1992550"}],"wp:term":[{"taxonomy":"product_cat","embeddable":true,"href":"https:\/\/eu.tilta.com\/fr\/wp-json\/wp\/v2\/product_cat?post=1992550"},{"taxonomy":"product_tag","embeddable":true,"href":"https:\/\/eu.tilta.com\/fr\/wp-json\/wp\/v2\/product_tag?post=1992550"}],"curies":[{"name":"wp","href":"https:\/\/api.w.org\/{rel}","templated":true}]}}