{"id":1992638,"date":"2022-03-02T15:21:48","date_gmt":"2022-03-02T14:21:48","guid":{"rendered":"https:\/\/de.tilta.com\/shop\/ventouse-pour-montage-sur-rail-de-vitesse\/"},"modified":"2025-12-05T12:53:28","modified_gmt":"2025-12-05T11:53:28","slug":"speed-rail-mounting-suction-cup","status":"publish","type":"product","link":"https:\/\/eu.tilta.com\/fr\/shop\/speed-rail-mounting-suction-cup\/","title":{"rendered":"Ventouse pour montage sur rail de vitesse"},"content":{"rendered":"<p>Cette ventouse \u00e0 haute capacit\u00e9 est pr\u00e9vue pour 50 kg ou environ 110lbs.<\/p>\n<p>Ces ventouses se connectent aux rails de 50 mm \u00e0 l&#8217;aide de pinces r\u00e9glables, ce qui leur permet d&#8217;\u00eatre plac\u00e9es dans presque toutes les positions afin de s&#8217;adapter facilement \u00e0 la plupart des v\u00e9hicules.<\/p>\n<p>L&#8217;utilisation de plusieurs ventouses vous permet de construire une base incroyablement stable sur laquelle vous pouvez monter des bras amortisseurs ou d&#8217;autres \u00e9quipements.<\/p>\n<p>Cette ventouse remplace les ventouses incluses dans le <a href=\"https:\/\/de.tilta.com\/shop\/speed-rail-car-mounting-kit\/\">kit de montage des voitures Speed Rail<\/a> et peut \u00e9galement \u00eatre utilis\u00e9e en compl\u00e9ment du kit d&#8217;origine pour construire des installations plus grandes ou plus s\u00fbres.<\/p>\n","protected":false},"excerpt":{"rendered":"<p>Cette ventouse \u00e0 haute capacit\u00e9 est pr\u00e9vue pour 50 kg ou environ 110lbs. Ces ventouses se connectent aux rails de 50 mm \u00e0 l&#8217;aide de pinces r\u00e9glables, ce qui leur permet d&#8217;\u00eatre plac\u00e9es dans presque toutes les positions afin de [&hellip;]<\/p>\n","protected":false},"featured_media":1992639,"comment_status":"closed","ping_status":"closed","template":"","meta":[],"product_cat":[2117,1898],"product_tag":[],"acf":[],"gallery_images":[],"_links":{"self":[{"href":"https:\/\/eu.tilta.com\/fr\/wp-json\/wp\/v2\/product\/1992638"}],"collection":[{"href":"https:\/\/eu.tilta.com\/fr\/wp-json\/wp\/v2\/product"}],"about":[{"href":"https:\/\/eu.tilta.com\/fr\/wp-json\/wp\/v2\/types\/product"}],"replies":[{"embeddable":true,"href":"https:\/\/eu.tilta.com\/fr\/wp-json\/wp\/v2\/comments?post=1992638"}],"wp:featuredmedia":[{"embeddable":true,"href":"https:\/\/eu.tilta.com\/fr\/wp-json\/wp\/v2\/media\/1992639"}],"wp:attachment":[{"href":"https:\/\/eu.tilta.com\/fr\/wp-json\/wp\/v2\/media?parent=1992638"}],"wp:term":[{"taxonomy":"product_cat","embeddable":true,"href":"https:\/\/eu.tilta.com\/fr\/wp-json\/wp\/v2\/product_cat?post=1992638"},{"taxonomy":"product_tag","embeddable":true,"href":"https:\/\/eu.tilta.com\/fr\/wp-json\/wp\/v2\/product_tag?post=1992638"}],"curies":[{"name":"wp","href":"https:\/\/api.w.org\/{rel}","templated":true}]}}