{"id":1992644,"date":"2022-03-02T15:05:52","date_gmt":"2022-03-02T14:05:52","guid":{"rendered":"https:\/\/de.tilta.com\/shop\/jeu-de-rails-de-vitesse\/"},"modified":"2025-12-05T12:53:29","modified_gmt":"2025-12-05T11:53:29","slug":"speed-rail-set","status":"publish","type":"product","link":"https:\/\/eu.tilta.com\/fr\/shop\/speed-rail-set\/","title":{"rendered":"Jeu de rails de vitesse"},"content":{"rendered":"<p>Ce kit est la base de ce dont vous aurez besoin pour construire des speed rail rigs personnalis\u00e9s afin de supporter diff\u00e9rents bras d&#8217;absorption des chocs dans de multiples configurations.<\/p>\n<p>Le kit comprend 6 pi\u00e8ces de Speed Rail de 50 mm, de deux tailles diff\u00e9rentes, qui peuvent \u00eatre utilis\u00e9es seules ou interconnect\u00e9es pour cr\u00e9er des pi\u00e8ces plus longues pour des besoins de gr\u00e9ement sp\u00e9cifiques.<\/p>\n<p>Ce kit remplace le rail rapide inclus dans le <a href=\"https:\/\/de.tilta.com\/shop\/speed-rail-car-mounting-kit\/\">kit de montage de wagons Speed Rail<\/a> et peut \u00e9galement \u00eatre utilis\u00e9 avec le kit d&#8217;origine pour construire des montages plus importants.<\/p>\n<p>Dimensions : (diam\u00e8tre ext\u00e9rieur x diam\u00e8tre int\u00e9rieur x longueur)<\/p>\n<p>Rail \u00e0 grande vitesse &#8211; 50 x 46 x 730mm<\/p>\n<p>Rail \u00e0 courte vitesse &#8211; 50 x 46 x 355mm<\/p>\n","protected":false},"excerpt":{"rendered":"<p>Ce kit est la base de ce dont vous aurez besoin pour construire des speed rail rigs personnalis\u00e9s afin de supporter diff\u00e9rents bras d&#8217;absorption des chocs dans de multiples configurations. Le kit comprend 6 pi\u00e8ces de Speed Rail de 50 [&hellip;]<\/p>\n","protected":false},"featured_media":1992645,"comment_status":"closed","ping_status":"closed","template":"","meta":[],"product_cat":[2117],"product_tag":[],"acf":[],"gallery_images":[],"_links":{"self":[{"href":"https:\/\/eu.tilta.com\/fr\/wp-json\/wp\/v2\/product\/1992644"}],"collection":[{"href":"https:\/\/eu.tilta.com\/fr\/wp-json\/wp\/v2\/product"}],"about":[{"href":"https:\/\/eu.tilta.com\/fr\/wp-json\/wp\/v2\/types\/product"}],"replies":[{"embeddable":true,"href":"https:\/\/eu.tilta.com\/fr\/wp-json\/wp\/v2\/comments?post=1992644"}],"wp:featuredmedia":[{"embeddable":true,"href":"https:\/\/eu.tilta.com\/fr\/wp-json\/wp\/v2\/media\/1992645"}],"wp:attachment":[{"href":"https:\/\/eu.tilta.com\/fr\/wp-json\/wp\/v2\/media?parent=1992644"}],"wp:term":[{"taxonomy":"product_cat","embeddable":true,"href":"https:\/\/eu.tilta.com\/fr\/wp-json\/wp\/v2\/product_cat?post=1992644"},{"taxonomy":"product_tag","embeddable":true,"href":"https:\/\/eu.tilta.com\/fr\/wp-json\/wp\/v2\/product_tag?post=1992644"}],"curies":[{"name":"wp","href":"https:\/\/api.w.org\/{rel}","templated":true}]}}