{"id":1992647,"date":"2022-03-04T10:21:04","date_gmt":"2022-03-04T09:21:04","guid":{"rendered":"https:\/\/de.tilta.com\/shop\/jeu-de-pinces-de-montage-pour-rail-de-vitesse\/"},"modified":"2025-12-05T12:53:30","modified_gmt":"2025-12-05T11:53:30","slug":"speed-rail-mounting-clamp-set","status":"publish","type":"product","link":"https:\/\/eu.tilta.com\/fr\/shop\/speed-rail-mounting-clamp-set\/","title":{"rendered":"Jeu de pinces de montage pour rail de vitesse"},"content":{"rendered":"<p>Ces 4 pinces de montage r\u00e9glables vous permettent de connecter le Speed Rail de 50 mm dans presque toutes les configurations.<\/p>\n<p>Ce kit remplace les pinces de montage incluses dans le <a href=\"https:\/\/de.tilta.com\/shop\/speed-rail-car-mounting-kit\/\">kit de montage des wagons Speed Rail<\/a>.<\/p>\n<p>Il peut \u00e9galement \u00eatre utilis\u00e9 avec le kit d&#8217;origine pour construire des plates-formes plus grandes gr\u00e2ce \u00e0 des Speed Rail et des ventouses suppl\u00e9mentaires (non inclus).<\/p>\n","protected":false},"excerpt":{"rendered":"<p>Ces 4 pinces de montage r\u00e9glables vous permettent de connecter le Speed Rail de 50 mm dans presque toutes les configurations. Ce kit remplace les pinces de montage incluses dans le kit de montage des wagons Speed Rail. Il peut [&hellip;]<\/p>\n","protected":false},"featured_media":1992648,"comment_status":"closed","ping_status":"closed","template":"","meta":[],"product_cat":[2117],"product_tag":[],"acf":[],"gallery_images":[],"_links":{"self":[{"href":"https:\/\/eu.tilta.com\/fr\/wp-json\/wp\/v2\/product\/1992647"}],"collection":[{"href":"https:\/\/eu.tilta.com\/fr\/wp-json\/wp\/v2\/product"}],"about":[{"href":"https:\/\/eu.tilta.com\/fr\/wp-json\/wp\/v2\/types\/product"}],"replies":[{"embeddable":true,"href":"https:\/\/eu.tilta.com\/fr\/wp-json\/wp\/v2\/comments?post=1992647"}],"wp:featuredmedia":[{"embeddable":true,"href":"https:\/\/eu.tilta.com\/fr\/wp-json\/wp\/v2\/media\/1992648"}],"wp:attachment":[{"href":"https:\/\/eu.tilta.com\/fr\/wp-json\/wp\/v2\/media?parent=1992647"}],"wp:term":[{"taxonomy":"product_cat","embeddable":true,"href":"https:\/\/eu.tilta.com\/fr\/wp-json\/wp\/v2\/product_cat?post=1992647"},{"taxonomy":"product_tag","embeddable":true,"href":"https:\/\/eu.tilta.com\/fr\/wp-json\/wp\/v2\/product_tag?post=1992647"}],"curies":[{"name":"wp","href":"https:\/\/api.w.org\/{rel}","templated":true}]}}