{"id":1992650,"date":"2022-02-28T17:31:07","date_gmt":"2022-02-28T16:31:07","guid":{"rendered":"https:\/\/de.tilta.com\/shop\/plateau-circulaire-rotatif-pour-tilta-mirage\/"},"modified":"2026-02-02T16:56:59","modified_gmt":"2026-02-02T15:56:59","slug":"rotatable-circular-filter-tray-for-tilta-mirage","status":"publish","type":"product","link":"https:\/\/eu.tilta.com\/fr\/shop\/rotatable-circular-filter-tray-for-tilta-mirage\/","title":{"rendered":"Plateau circulaire rotatif pour Tilta Mirage"},"content":{"rendered":"<p>Ce porte-filtre circulaire rotatif pour Tilta Mirage vous permet de tourner n&#8217;importe quel filtre circulaire de 95 mm comme vous le feriez avec n&#8217;importe quel module rotatif.<\/p>\n<p>C&#8217;est la solution parfaite pour r\u00e9gler avec pr\u00e9cision l&#8217;angle de notre <a href=\"https:\/\/de.tilta.com\/shop\/vaxis-%cf%8695-polarizing-filter\/\">filtre polarisant de 95 mm<\/a> qui vous aidera \u00e0 am\u00e9liorer la pr\u00e9cision des couleurs en limitant la lumi\u00e8re r\u00e9fl\u00e9chie et en emp\u00eachant les reflets ind\u00e9sirables caus\u00e9s par les surfaces r\u00e9fl\u00e9chissantes telles que l&#8217;eau ou le verre.<\/p>\n<p>Ce porte-filtre est \u00e9galement une excellente option pour ajuster l&#8217;horizon de certains de nos filtres \u00e0 effets, tels que notre <a href=\"https:\/\/de.tilta.com\/shop\/vaxis-%cf%8695-streak-filter\/\">filtre Streak de 95 mm<\/a>, afin de s&#8217;assurer que les flares sont toujours au m\u00eame niveau dans votre image.<\/p>\n<p>L&#8217;engrenage r\u00e9glable situ\u00e9 sur le dessus du filtre peut \u00eatre tourn\u00e9 \u00e0 la main ou peut \u00eatre am\u00e9lior\u00e9 pour des r\u00e9glages plus confortables et plus pr\u00e9cis gr\u00e2ce \u00e0 notre<a href=\"https:\/\/de.tilta.com\/shop\/advanced-control-knob-for-tilta-mirage\/\"> bouton de contr\u00f4le avanc\u00e9<\/a>.<\/p>\n<p>Ce porte-filtre peut \u00e9galement \u00eatre command\u00e9 sans fil par un moteur Nucleus Nano et notre <a href=\"https:\/\/de.tilta.com\/shop\/nucleus-nano-motor-adapter-for-tilta-mirage\/\">adaptateur de moteur Nano<\/a> ou par le <a href=\"https:\/\/de.tilta.com\/shop\/wireless-motor-for-tilta-mirage\/\">moteur sans fil pour Tilta Mirage<\/a>.<\/p>\n","protected":false},"excerpt":{"rendered":"<p>Ce porte-filtre circulaire rotatif pour Tilta Mirage vous permet de tourner n&#8217;importe quel filtre circulaire de 95 mm comme vous le feriez avec n&#8217;importe quel module rotatif. C&#8217;est la solution parfaite pour r\u00e9gler avec pr\u00e9cision l&#8217;angle de notre filtre polarisant [&hellip;]<\/p>\n","protected":false},"featured_media":1992656,"comment_status":"closed","ping_status":"closed","template":"","meta":[],"product_cat":[2006],"product_tag":[],"acf":[],"gallery_images":[1992658,1992659],"_links":{"self":[{"href":"https:\/\/eu.tilta.com\/fr\/wp-json\/wp\/v2\/product\/1992650"}],"collection":[{"href":"https:\/\/eu.tilta.com\/fr\/wp-json\/wp\/v2\/product"}],"about":[{"href":"https:\/\/eu.tilta.com\/fr\/wp-json\/wp\/v2\/types\/product"}],"replies":[{"embeddable":true,"href":"https:\/\/eu.tilta.com\/fr\/wp-json\/wp\/v2\/comments?post=1992650"}],"wp:featuredmedia":[{"embeddable":true,"href":"https:\/\/eu.tilta.com\/fr\/wp-json\/wp\/v2\/media\/1992656"}],"wp:attachment":[{"href":"https:\/\/eu.tilta.com\/fr\/wp-json\/wp\/v2\/media?parent=1992650"}],"wp:term":[{"taxonomy":"product_cat","embeddable":true,"href":"https:\/\/eu.tilta.com\/fr\/wp-json\/wp\/v2\/product_cat?post=1992650"},{"taxonomy":"product_tag","embeddable":true,"href":"https:\/\/eu.tilta.com\/fr\/wp-json\/wp\/v2\/product_tag?post=1992650"}],"curies":[{"name":"wp","href":"https:\/\/api.w.org\/{rel}","templated":true}]}}