{"id":1992678,"date":"2022-02-23T10:13:24","date_gmt":"2022-02-23T09:13:24","guid":{"rendered":"https:\/\/de.tilta.com\/shop\/fixation-hdmi-pour-panasonic-gh6-noir\/"},"modified":"2025-12-05T12:53:32","modified_gmt":"2025-12-05T11:53:32","slug":"hdmi-clamp-attachment-for-panasonic-gh6-black","status":"publish","type":"product","link":"https:\/\/eu.tilta.com\/fr\/shop\/hdmi-clamp-attachment-for-panasonic-gh6-black\/","title":{"rendered":"Fixation HDMI pour Panasonic GH6 &#8211; Noir"},"content":{"rendered":"<p>Cette fixation HDMI se connecte \u00e0 la cage de cam\u00e9ra compl\u00e8te pour Panasonic GH6 et vous permet de fixer un c\u00e2ble HDMI m\u00e2le \u00e0 HDMI femelle \u00e0 votre syst\u00e8me de cam\u00e9ra.<\/p>\n<p>Cet accessoire permet d&#8217;\u00e9viter que le c\u00e2ble HDMI ne se d\u00e9tache lors de la prise de vue et de prot\u00e9ger le port de votre appareil photo au fil du temps.<\/p>\n<p>Cela peut s&#8217;av\u00e9rer particuli\u00e8rement utile lors de l&#8217;utilisation d&#8217;un enregistreur externe, car un c\u00e2ble mal fix\u00e9 peut tr\u00e8s bien g\u00e2cher une prise s&#8217;il est accidentellement d\u00e9connect\u00e9.<\/p>\n<p>&nbsp;<\/p>\n","protected":false},"excerpt":{"rendered":"<p>Cette fixation HDMI se connecte \u00e0 la cage de cam\u00e9ra compl\u00e8te pour Panasonic GH6 et vous permet de fixer un c\u00e2ble HDMI m\u00e2le \u00e0 HDMI femelle \u00e0 votre syst\u00e8me de cam\u00e9ra. Cet accessoire permet d&#8217;\u00e9viter que le c\u00e2ble HDMI ne [&hellip;]<\/p>\n","protected":false},"featured_media":1992687,"comment_status":"closed","ping_status":"closed","template":"","meta":[],"product_cat":[1726],"product_tag":[],"acf":[],"gallery_images":[1992688,1992690],"_links":{"self":[{"href":"https:\/\/eu.tilta.com\/fr\/wp-json\/wp\/v2\/product\/1992678"}],"collection":[{"href":"https:\/\/eu.tilta.com\/fr\/wp-json\/wp\/v2\/product"}],"about":[{"href":"https:\/\/eu.tilta.com\/fr\/wp-json\/wp\/v2\/types\/product"}],"replies":[{"embeddable":true,"href":"https:\/\/eu.tilta.com\/fr\/wp-json\/wp\/v2\/comments?post=1992678"}],"wp:featuredmedia":[{"embeddable":true,"href":"https:\/\/eu.tilta.com\/fr\/wp-json\/wp\/v2\/media\/1992687"}],"wp:attachment":[{"href":"https:\/\/eu.tilta.com\/fr\/wp-json\/wp\/v2\/media?parent=1992678"}],"wp:term":[{"taxonomy":"product_cat","embeddable":true,"href":"https:\/\/eu.tilta.com\/fr\/wp-json\/wp\/v2\/product_cat?post=1992678"},{"taxonomy":"product_tag","embeddable":true,"href":"https:\/\/eu.tilta.com\/fr\/wp-json\/wp\/v2\/product_tag?post=1992678"}],"curies":[{"name":"wp","href":"https:\/\/api.w.org\/{rel}","templated":true}]}}