{"id":1992752,"date":"2022-02-23T10:11:43","date_gmt":"2022-02-23T09:11:43","guid":{"rendered":"https:\/\/de.tilta.com\/shop\/plaque-inferieure-pour-panasonic-gh6-noir\/"},"modified":"2025-12-05T12:53:37","modified_gmt":"2025-12-05T11:53:37","slug":"bottom-plate-for-panasonic-gh6-black","status":"publish","type":"product","link":"https:\/\/eu.tilta.com\/fr\/shop\/bottom-plate-for-panasonic-gh6-black\/","title":{"rendered":"Plaque inf\u00e9rieure pour Panasonic GH6 &#8211; Noir"},"content":{"rendered":"<p>Cette plaque inf\u00e9rieure se connecte au bas de la cage de la cam\u00e9ra compl\u00e8te pour le Panasonic GH6.<\/p>\n<p>Cette plaque se connecte via deux points de contact afin d&#8217;assurer une connexion plus s\u00fbre pour votre syst\u00e8me.<\/p>\n<p><span style=\"font-weight: 400;\">Cette plaque vous permet de relier la cage de la cam\u00e9ra \u00e0 notre <a href=\"https:\/\/de.tilta.com\/shop\/15mm-lws-baseplate-for-bmpcc4k\/\">plaque de base LWS de 15 mm de type I<\/a> afin de monter des accessoires \u00e0 tige de 15 mm ou de se connecter facilement aux <a href=\"https:\/\/de.tilta.com\/shop\/10-lightweight-dovetail-plate-tt-c16\/\">queues d&#8217;aronde standard de Tilta<\/a>.  <\/span><\/p>\n","protected":false},"excerpt":{"rendered":"<p>Cette plaque inf\u00e9rieure se connecte au bas de la cage de la cam\u00e9ra compl\u00e8te pour le Panasonic GH6. Cette plaque se connecte via deux points de contact afin d&#8217;assurer une connexion plus s\u00fbre pour votre syst\u00e8me. Cette plaque vous permet [&hellip;]<\/p>\n","protected":false},"featured_media":1992780,"comment_status":"closed","ping_status":"closed","template":"","meta":[],"product_cat":[1726],"product_tag":[],"acf":[],"gallery_images":[1992782],"_links":{"self":[{"href":"https:\/\/eu.tilta.com\/fr\/wp-json\/wp\/v2\/product\/1992752"}],"collection":[{"href":"https:\/\/eu.tilta.com\/fr\/wp-json\/wp\/v2\/product"}],"about":[{"href":"https:\/\/eu.tilta.com\/fr\/wp-json\/wp\/v2\/types\/product"}],"replies":[{"embeddable":true,"href":"https:\/\/eu.tilta.com\/fr\/wp-json\/wp\/v2\/comments?post=1992752"}],"wp:featuredmedia":[{"embeddable":true,"href":"https:\/\/eu.tilta.com\/fr\/wp-json\/wp\/v2\/media\/1992780"}],"wp:attachment":[{"href":"https:\/\/eu.tilta.com\/fr\/wp-json\/wp\/v2\/media?parent=1992752"}],"wp:term":[{"taxonomy":"product_cat","embeddable":true,"href":"https:\/\/eu.tilta.com\/fr\/wp-json\/wp\/v2\/product_cat?post=1992752"},{"taxonomy":"product_tag","embeddable":true,"href":"https:\/\/eu.tilta.com\/fr\/wp-json\/wp\/v2\/product_tag?post=1992752"}],"curies":[{"name":"wp","href":"https:\/\/api.w.org\/{rel}","templated":true}]}}