{"id":1992767,"date":"2022-02-23T10:15:03","date_gmt":"2022-02-23T09:15:03","guid":{"rendered":"https:\/\/de.tilta.com\/shop\/cable-hdmi-male-vers-hdmi-femelle-17cm\/"},"modified":"2025-12-12T11:49:17","modified_gmt":"2025-12-12T10:49:17","slug":"hdmi-male-to-hdmi-female-cable-17cm","status":"publish","type":"product","link":"https:\/\/eu.tilta.com\/fr\/shop\/hdmi-male-to-hdmi-female-cable-17cm\/","title":{"rendered":"C\u00e2ble HDMI m\u00e2le vers HDMI femelle (17cm)"},"content":{"rendered":"<p>Ce c\u00e2ble a \u00e9t\u00e9 con\u00e7u pour toutes les cages \u00e0 cam\u00e9ra Tiltaing.<\/p>\n<p>Il se branche sur le port HDMI de l&#8217;appareil photo et l&#8217;adapte \u00e0 un port HDMI femelle.<\/p>\n<p>Cela cr\u00e9e un chemin plus ergonomique pour votre c\u00e2ble HDMI et vous permet de fixer le c\u00e2ble \u00e0 votre cage Tiltaing qui aide \u00e0 prot\u00e9ger le port sur le bo\u00eetier de l&#8217;appareil photo.<\/p>\n<p>Compatible avec tous nos colliers de c\u00e2ble HDMI de taille normale.<\/p>\n<p>&nbsp;<\/p>\n","protected":false},"excerpt":{"rendered":"<p>Ce c\u00e2ble a \u00e9t\u00e9 con\u00e7u pour toutes les cages \u00e0 cam\u00e9ra Tiltaing. Il se branche sur le port HDMI de l&#8217;appareil photo et l&#8217;adapte \u00e0 un port HDMI femelle. Cela cr\u00e9e un chemin plus ergonomique pour votre c\u00e2ble HDMI et [&hellip;]<\/p>\n","protected":false},"featured_media":1992784,"comment_status":"closed","ping_status":"closed","template":"","meta":[],"product_cat":[1726],"product_tag":[],"acf":[],"gallery_images":[],"_links":{"self":[{"href":"https:\/\/eu.tilta.com\/fr\/wp-json\/wp\/v2\/product\/1992767"}],"collection":[{"href":"https:\/\/eu.tilta.com\/fr\/wp-json\/wp\/v2\/product"}],"about":[{"href":"https:\/\/eu.tilta.com\/fr\/wp-json\/wp\/v2\/types\/product"}],"replies":[{"embeddable":true,"href":"https:\/\/eu.tilta.com\/fr\/wp-json\/wp\/v2\/comments?post=1992767"}],"wp:featuredmedia":[{"embeddable":true,"href":"https:\/\/eu.tilta.com\/fr\/wp-json\/wp\/v2\/media\/1992784"}],"wp:attachment":[{"href":"https:\/\/eu.tilta.com\/fr\/wp-json\/wp\/v2\/media?parent=1992767"}],"wp:term":[{"taxonomy":"product_cat","embeddable":true,"href":"https:\/\/eu.tilta.com\/fr\/wp-json\/wp\/v2\/product_cat?post=1992767"},{"taxonomy":"product_tag","embeddable":true,"href":"https:\/\/eu.tilta.com\/fr\/wp-json\/wp\/v2\/product_tag?post=1992767"}],"curies":[{"name":"wp","href":"https:\/\/api.w.org\/{rel}","templated":true}]}}