{"id":1992850,"date":"2022-02-23T10:06:50","date_gmt":"2022-02-23T09:06:50","guid":{"rendered":"https:\/\/de.tilta.com\/shop\/camera-cage-for-panasonic-gh6-basic-kit-black\/"},"modified":"2025-12-05T12:54:01","modified_gmt":"2025-12-05T11:54:01","slug":"camera-cage-for-panasonic-gh6-basic-kit-black","status":"publish","type":"product","link":"https:\/\/eu.tilta.com\/fr\/shop\/camera-cage-for-panasonic-gh6-basic-kit-black\/","title":{"rendered":"Cage de protection pour Panasonic GH6 Basic Kit &#8211; Noir"},"content":{"rendered":"<p>Ce kit de cage pour cam\u00e9ra compl\u00e8te offre une armure de protection pour le Panasonic Lumix GH6 tout en incluant quelques accessoires n\u00e9cessaires qui \u00e9tendent la fonctionnalit\u00e9 du GH6.<\/p>\n<p>La cage est \u00e9quip\u00e9e de plusieurs r\u00e9cepteurs de patins \u00e0 froid, d&#8217;une connexion Rosette et de filetages 1\/4&#8243;-20 avec ou sans goupilles de positionnement.<\/p>\n<p>Vous trouverez \u00e9galement plusieurs connexions de rail OTAN pour le montage de nos <a href=\"https:\/\/de.tilta.com\/product-category\/handles\/side-handles\/\">poign\u00e9es lat\u00e9rales<\/a> optionnelles de type IV\/VI ou de la poign\u00e9e sup\u00e9rieure compacte OTAN incluse.<\/p>\n<p>Cette poign\u00e9e comporte plusieurs points de fixation 1\/4&#8243;-20 et 3\/8&#8243;-16, ainsi qu&#8217;un point de fixation de la griffe froide \u00e0 l&#8217;avant de la poign\u00e9e.<\/p>\n<p>La cage peut \u00eatre utilis\u00e9e en conjonction avec notre <a href=\"https:\/\/de.tilta.com\/shop\/tiltaing-adjustable-top-handle\/\">poign\u00e9e sup\u00e9rieure r\u00e9glable<\/a> optionnelle pour passer facilement d&#8217;une configuration de prise de vue horizontale \u00e0 une configuration de prise de vue verticale.<\/p>\n<p>Le bas de la cage se connecte au bo\u00eetier de votre appareil photo par deux points de contact et utilise un point de contact suppl\u00e9mentaire par le biais de l&#8217;attache de montage de s\u00e9curit\u00e9, qui se trouve pr\u00e8s de la poign\u00e9e droite de l&#8217;appareil photo.<\/p>\n<p>La base de la cage offre \u00e9galement quelques options de montage pour attacher votre cam\u00e9ra \u00e0 diff\u00e9rentes plaques de fixation rapide et supporte nativement notre <a href=\"https:\/\/de.tilta.com\/shop\/15mm-lws-baseplate-for-bmpcc4k\/\">plaque de base LWS de 15 mm de type I<\/a>.<\/p>\n<p>La plaque inf\u00e9rieure offre un acc\u00e8s complet au compartiment \u00e0 piles et comprend \u00e9galement une fente pour le tournevis magn\u00e9tique fourni.<\/p>\n<p><span style=\"font-weight: 400;\">La base de cette cage peut \u00e9galement \u00eatre connect\u00e9e \u00e0 la DJI RS2, lorsque vous n&#8217;utilisez pas la plaque inf\u00e9rieure suppl\u00e9mentaire.<\/span><\/p>\n<p>La cage comporte plusieurs points de montage pour les <a href=\"https:\/\/de.tilta.com\/product-category\/accessories\/rod-rod-holders\/\">supports de tige unique de 15 mm<\/a> en option, qui constituent une solution l\u00e9g\u00e8re id\u00e9ale pour fixer des accessoires tels que des moteurs de suivi de la mise au point via une tige de 15 mm.<\/p>\n<p>Ce kit comprend \u00e9galement un adaptateur HDMI m\u00e2le-femelle ainsi qu&#8217;une pince HDMI qui vous permet de fixer votre c\u00e2ble HDMI \u00e0 la cage de votre cam\u00e9ra.<\/p>\n","protected":false},"excerpt":{"rendered":"<p>Ce kit de cage pour cam\u00e9ra compl\u00e8te offre une armure de protection pour le Panasonic Lumix GH6 tout en incluant quelques accessoires n\u00e9cessaires qui \u00e9tendent la fonctionnalit\u00e9 du GH6. La cage est \u00e9quip\u00e9e de plusieurs r\u00e9cepteurs de patins \u00e0 froid, [&hellip;]<\/p>\n","protected":false},"featured_media":1992859,"comment_status":"closed","ping_status":"closed","template":"","meta":[],"product_cat":[1726],"product_tag":[],"acf":[],"gallery_images":[1917877,1917878,1924801,1924802,1924803],"_links":{"self":[{"href":"https:\/\/eu.tilta.com\/fr\/wp-json\/wp\/v2\/product\/1992850"}],"collection":[{"href":"https:\/\/eu.tilta.com\/fr\/wp-json\/wp\/v2\/product"}],"about":[{"href":"https:\/\/eu.tilta.com\/fr\/wp-json\/wp\/v2\/types\/product"}],"replies":[{"embeddable":true,"href":"https:\/\/eu.tilta.com\/fr\/wp-json\/wp\/v2\/comments?post=1992850"}],"wp:featuredmedia":[{"embeddable":true,"href":"https:\/\/eu.tilta.com\/fr\/wp-json\/wp\/v2\/media\/1992859"}],"wp:attachment":[{"href":"https:\/\/eu.tilta.com\/fr\/wp-json\/wp\/v2\/media?parent=1992850"}],"wp:term":[{"taxonomy":"product_cat","embeddable":true,"href":"https:\/\/eu.tilta.com\/fr\/wp-json\/wp\/v2\/product_cat?post=1992850"},{"taxonomy":"product_tag","embeddable":true,"href":"https:\/\/eu.tilta.com\/fr\/wp-json\/wp\/v2\/product_tag?post=1992850"}],"curies":[{"name":"wp","href":"https:\/\/api.w.org\/{rel}","templated":true}]}}