{"id":1992851,"date":"2022-03-01T14:34:03","date_gmt":"2022-03-01T13:34:03","guid":{"rendered":"https:\/\/de.tilta.com\/shop\/systeme-de-soutien-manuel-tilta-float\/"},"modified":"2026-02-11T06:56:16","modified_gmt":"2026-02-11T05:56:16","slug":"tilta-float-handheld-support-system","status":"publish","type":"product","link":"https:\/\/eu.tilta.com\/fr\/shop\/tilta-float-handheld-support-system\/","title":{"rendered":"Syst\u00e8me de soutien manuel Tilta Float"},"content":{"rendered":"<p><strong>VEUILLEZ NOTER : Le poteau flottant n&#8217;est pas disponible \u00e0 l&#8217;achat s\u00e9par\u00e9ment. La SEULE fa\u00e7on d&#8217;acheter le poteau pour le flotteur est d&#8217;acheter le <a href=\"https:\/\/tilta.com\/shop\/tilta-float-handheld-gimbal-support-system\/\">syst\u00e8me<\/a> complet <a href=\"https:\/\/tilta.com\/shop\/tilta-float-handheld-gimbal-support-system\/\">de support de balancier portatif.<\/a><\/strong><\/p>\n<p>Cette variante du kit de flottaison original de Tilta est sp\u00e9cialement con\u00e7ue pour soutenir les cam\u00e9ras dans des configurations \u00e0 main sans une rotule RS2.<\/p>\n<p>Ce kit comprend la veste de support, le bras stabilisateur et la mallette de transport du kit d&#8217;origine, ainsi que le nouvel adaptateur Manfrotto sp\u00e9cialement con\u00e7u pour le montage \u00e0 main lev\u00e9e.<\/p>\n<p>Cet adaptateur vous permet de monter votre appareil photo directement sur le bras stabilisateur Tilta Float, ce qui offre une exp\u00e9rience de prise de vue \u00e0 main lev\u00e9e plus contr\u00f4l\u00e9e et plus confortable.<\/p>\n<p>Cet adaptateur utilise une plaque Manfrotto de taille standard, ce qui vous permet de passer rapidement d&#8217;une t\u00eate de tr\u00e9pied Manfrotto compatible au bras flottant Tilta.<\/p>\n<p>Cet adaptateur a \u00e9t\u00e9 d\u00e9velopp\u00e9 en collaboration avec l&#8217;expert en modification de notre <a href=\"https:\/\/www.facebook.com\/groups\/1398011240547585\/\">DJI Ecosystem User Group<\/a>, Vaho Mat, qui a aid\u00e9 les utilisateurs de notre communaut\u00e9 en pleine croissance \u00e0 \u00e9tendre les fonctionnalit\u00e9s de leurs rigs RS2.<\/p>\n<p>Ce kit est l&#8217;option parfaite pour supporter le DJI Ronin 4D, vous permettant de mieux stabiliser et d&#8217;utiliser confortablement la cam\u00e9ra plus longtemps, tout en profitant pleinement de la stabilisation int\u00e9gr\u00e9e du 4D.<\/p>\n<p>Cet adaptateur peut \u00e9galement \u00eatre utilis\u00e9 pour d&#8217;autres syst\u00e8mes d&#8217;appareils photo, car il permet une prise de vue \u00e0 main lev\u00e9e plus confortable sur de longues p\u00e9riodes.<\/p>\n<p>Le bras stabilisateur \u00e0 ressort et la veste de soutien sont con\u00e7us pour redistribuer le poids plus pr\u00e8s de votre corps, ce qui vous permet d&#8217;utiliser l&#8217;appareil plus longtemps que les appareils portatifs traditionnels.<\/p>\n<p>Le support lombaire assure une r\u00e9partition suppl\u00e9mentaire du poids, garantissant un fonctionnement confortable quelle que soit la dur\u00e9e de l&#8217;op\u00e9ration.<\/p>\n<p>Ce nouveau kit Tilta Float, ax\u00e9 sur les appareils portatifs, vous permettra de tirer pleinement parti du bras de flottaison pour un confort accru lors de l&#8217;utilisation et une meilleure stabilit\u00e9, tout en produisant un aspect organique pour les appareils portatifs.<\/p>\n","protected":false},"excerpt":{"rendered":"<p>VEUILLEZ NOTER : Le poteau flottant n&#8217;est pas disponible \u00e0 l&#8217;achat s\u00e9par\u00e9ment. La SEULE fa\u00e7on d&#8217;acheter le poteau pour le flotteur est d&#8217;acheter le syst\u00e8me complet de support de balancier portatif. Cette variante du kit de flottaison original de Tilta [&hellip;]<\/p>\n","protected":false},"featured_media":1992866,"comment_status":"closed","ping_status":"closed","template":"","meta":[],"product_cat":[2314,2316],"product_tag":[],"acf":[],"gallery_images":[1992868,1992870,1992873],"_links":{"self":[{"href":"https:\/\/eu.tilta.com\/fr\/wp-json\/wp\/v2\/product\/1992851"}],"collection":[{"href":"https:\/\/eu.tilta.com\/fr\/wp-json\/wp\/v2\/product"}],"about":[{"href":"https:\/\/eu.tilta.com\/fr\/wp-json\/wp\/v2\/types\/product"}],"replies":[{"embeddable":true,"href":"https:\/\/eu.tilta.com\/fr\/wp-json\/wp\/v2\/comments?post=1992851"}],"wp:featuredmedia":[{"embeddable":true,"href":"https:\/\/eu.tilta.com\/fr\/wp-json\/wp\/v2\/media\/1992866"}],"wp:attachment":[{"href":"https:\/\/eu.tilta.com\/fr\/wp-json\/wp\/v2\/media?parent=1992851"}],"wp:term":[{"taxonomy":"product_cat","embeddable":true,"href":"https:\/\/eu.tilta.com\/fr\/wp-json\/wp\/v2\/product_cat?post=1992851"},{"taxonomy":"product_tag","embeddable":true,"href":"https:\/\/eu.tilta.com\/fr\/wp-json\/wp\/v2\/product_tag?post=1992851"}],"curies":[{"name":"wp","href":"https:\/\/api.w.org\/{rel}","templated":true}]}}