{"id":1992946,"date":"2022-03-01T09:10:24","date_gmt":"2022-03-01T08:10:24","guid":{"rendered":"https:\/\/de.tilta.com\/shop\/manfrotto-quick-release-plate-adapter-for-tilta-float-stabilizing-arm-adaptateur-de-plaque-de-fixation-rapide-pour-le-bras-stabilisateur-tilta-float\/"},"modified":"2025-12-09T17:25:00","modified_gmt":"2025-12-09T16:25:00","slug":"manfrotto-quick-release-plate-adapter-for-tilta-float-stabilizing-arm","status":"publish","type":"product","link":"https:\/\/eu.tilta.com\/fr\/shop\/manfrotto-quick-release-plate-adapter-for-tilta-float-stabilizing-arm\/","title":{"rendered":"Manfrotto Quick Release Plate Adapter for Tilta Float Stabilizing Arm (Adaptateur de plaque de fixation rapide pour le bras stabilisateur Tilta Float)"},"content":{"rendered":"<p>Cet adaptateur \u00e0 d\u00e9gagement rapide vous permet de monter la plupart des appareils photo directement sur le bras stabilisateur Tilta Float, ce qui offre une exp\u00e9rience de prise de vue \u00e0 main lev\u00e9e plus contr\u00f4l\u00e9e et plus confortable.<\/p>\n<p>Cet adaptateur utilise une plaque Manfrotto de taille standard, ce qui vous permet de passer rapidement d&#8217;une t\u00eate de tr\u00e9pied Manfrotto compatible au bras flottant Tilta.<\/p>\n<p>Cet adaptateur est la solution parfaite pour le DJI Ronin 4D, vous permettant de mieux stabiliser et soutenir la cam\u00e9ra tout en profitant pleinement de la stabilisation int\u00e9gr\u00e9e du syst\u00e8me.<\/p>\n<p>Cet adaptateur peut \u00e9galement \u00eatre utilis\u00e9 pour d&#8217;autres syst\u00e8mes d&#8217;appareils photo, car il permet une prise de vue \u00e0 main lev\u00e9e plus confortable sur de longues p\u00e9riodes.<\/p>\n<p>Cet adaptateur vous permettra \u00e9galement de tirer parti du bras flottant pour stabiliser le mouvement vertical tout en conservant l&#8217;aspect d&#8217;un appareil \u00e0 main.<\/p>\n<p><img loading=\"lazy\" decoding=\"async\" class=\"wp-image-1919005 alignleft\" src=\"https:\/\/tilta.com\/wp-content\/uploads\/2022\/03\/vaho2-e1647302332430-300x282.jpg\" alt=\"\" width=\"158\" height=\"149\" srcset=\"https:\/\/static.tilta.com\/wp-content\/uploads\/2022\/03\/22125908\/vaho2-e1647302332430-300x282.jpg 300w, https:\/\/static.tilta.com\/wp-content\/uploads\/2022\/03\/22125908\/vaho2-e1647302332430-64x60.jpg 64w, https:\/\/static.tilta.com\/wp-content\/uploads\/2022\/03\/22125908\/vaho2-e1647302332430-1024x963.jpg 1024w, https:\/\/static.tilta.com\/wp-content\/uploads\/2022\/03\/22125908\/vaho2-e1647302332430.jpg 1039w\" sizes=\"(max-width: 158px) 100vw, 158px\" \/>Ce design a \u00e9t\u00e9 d\u00e9velopp\u00e9 en collaboration avec l&#8217;expert en modification de notre \u00e9cosyst\u00e8me, <strong>Vaho Mat<\/strong>, qui a aid\u00e9 les utilisateurs de notre communaut\u00e9 en pleine croissance \u00e0 \u00e9tendre les fonctionnalit\u00e9s de leur RS2.<\/p>\n<p>Vous trouverez plus d&#8217;informations sur les modifications apport\u00e9es par Vaho et une aide g\u00e9n\u00e9rale au d\u00e9pannage sur notre groupe d&#8217;<a href=\"https:\/\/www.facebook.com\/groups\/1398011240547585\/\">utilisateurs de l&#8217;\u00e9cosyst\u00e8me DJI Tilta<\/a> sur Facebook.<\/p>\n","protected":false},"excerpt":{"rendered":"<p>Cet adaptateur \u00e0 d\u00e9gagement rapide vous permet de monter la plupart des appareils photo directement sur le bras stabilisateur Tilta Float, ce qui offre une exp\u00e9rience de prise de vue \u00e0 main lev\u00e9e plus contr\u00f4l\u00e9e et plus confortable. Cet adaptateur [&hellip;]<\/p>\n","protected":false},"featured_media":1992947,"comment_status":"closed","ping_status":"closed","template":"","meta":[],"product_cat":[2314,2316],"product_tag":[],"acf":[],"gallery_images":[1992948,1992949,1992950,1992873,1992870],"_links":{"self":[{"href":"https:\/\/eu.tilta.com\/fr\/wp-json\/wp\/v2\/product\/1992946"}],"collection":[{"href":"https:\/\/eu.tilta.com\/fr\/wp-json\/wp\/v2\/product"}],"about":[{"href":"https:\/\/eu.tilta.com\/fr\/wp-json\/wp\/v2\/types\/product"}],"replies":[{"embeddable":true,"href":"https:\/\/eu.tilta.com\/fr\/wp-json\/wp\/v2\/comments?post=1992946"}],"wp:featuredmedia":[{"embeddable":true,"href":"https:\/\/eu.tilta.com\/fr\/wp-json\/wp\/v2\/media\/1992947"}],"wp:attachment":[{"href":"https:\/\/eu.tilta.com\/fr\/wp-json\/wp\/v2\/media?parent=1992946"}],"wp:term":[{"taxonomy":"product_cat","embeddable":true,"href":"https:\/\/eu.tilta.com\/fr\/wp-json\/wp\/v2\/product_cat?post=1992946"},{"taxonomy":"product_tag","embeddable":true,"href":"https:\/\/eu.tilta.com\/fr\/wp-json\/wp\/v2\/product_tag?post=1992946"}],"curies":[{"name":"wp","href":"https:\/\/api.w.org\/{rel}","templated":true}]}}