{"id":1993012,"date":"2022-01-24T15:20:28","date_gmt":"2022-01-24T14:20:28","guid":{"rendered":"https:\/\/de.tilta.com\/shop\/poignee-superieure-pour-dji-ronin-4d\/"},"modified":"2026-04-23T13:43:03","modified_gmt":"2026-04-23T11:43:03","slug":"top-handle-for-dji-ronin-4d","status":"publish","type":"product","link":"https:\/\/eu.tilta.com\/fr\/shop\/top-handle-for-dji-ronin-4d\/","title":{"rendered":"Poign\u00e9e sup\u00e9rieure pour DJI Ronin 4D"},"content":{"rendered":"<p>Cette poign\u00e9e sup\u00e9rieure pour le DJI Ronin 4D est l&#8217;accessoire l\u00e9ger parfait pour monter des accessoires suppl\u00e9mentaires et augmenter la flexibilit\u00e9 lors de l&#8217;utilisation de votre cam\u00e9ra.<\/p>\n<p>Cette poign\u00e9e sup\u00e9rieure s&#8217;attache \u00e0 la partie sup\u00e9rieure du Ronin 4D via quatre points de contact pour une connexion incroyablement s\u00fbre et pr\u00e9sente une finition en bois de rose pour une manipulation confortable.<\/p>\n<p>Cette poign\u00e9e comporte plusieurs filetages 1\/4&#8243;-20 et 3\/8&#8243;-16 avec des goupilles de positionnement qui supportent une gamme d&#8217;accessoires tels que des moniteurs externes, des \u00e9metteurs vid\u00e9o sans fil ou des bras articul\u00e9s.<\/p>\n<p>Le moniteur Ronin 4D original est enti\u00e8rement compatible avec cette poign\u00e9e sup\u00e9rieure, ce qui vous permet de monter le moniteur via un r\u00e9cepteur horizontal \u00e0 chaussure froide.<\/p>\n<p>Les points de fixation situ\u00e9s sur le dessus de cette poign\u00e9e vous permettent de monter le 4D \u00e0 la verticale lorsque vous utilisez le <a href=\"https:\/\/de.tilta.com\/product-category\/dji-ecosystem\/hydra-alien-car-mounting-system\/\">syst\u00e8me de montage Hydra Alien pour voiture<\/a>.<\/p>\n<p>Cela vous permet de tirer pleinement parti de la stabilisation de l&#8217;axe Z pour obtenir des prises de vue plus fluides, ce qui ne serait normalement pas possible si vous montiez le syst\u00e8me via les filetages situ\u00e9s sous l&#8217;appareil photo.<\/p>\n","protected":false},"excerpt":{"rendered":"<p>Cette poign\u00e9e sup\u00e9rieure pour le DJI Ronin 4D est l&#8217;accessoire l\u00e9ger parfait pour monter des accessoires suppl\u00e9mentaires et augmenter la flexibilit\u00e9 lors de l&#8217;utilisation de votre cam\u00e9ra. Cette poign\u00e9e sup\u00e9rieure s&#8217;attache \u00e0 la partie sup\u00e9rieure du Ronin 4D via quatre [&hellip;]<\/p>\n","protected":false},"featured_media":1993013,"comment_status":"closed","ping_status":"closed","template":"","meta":[],"product_cat":[2266],"product_tag":[],"acf":[],"gallery_images":[1993014,1993015],"_links":{"self":[{"href":"https:\/\/eu.tilta.com\/fr\/wp-json\/wp\/v2\/product\/1993012"}],"collection":[{"href":"https:\/\/eu.tilta.com\/fr\/wp-json\/wp\/v2\/product"}],"about":[{"href":"https:\/\/eu.tilta.com\/fr\/wp-json\/wp\/v2\/types\/product"}],"replies":[{"embeddable":true,"href":"https:\/\/eu.tilta.com\/fr\/wp-json\/wp\/v2\/comments?post=1993012"}],"wp:featuredmedia":[{"embeddable":true,"href":"https:\/\/eu.tilta.com\/fr\/wp-json\/wp\/v2\/media\/1993013"}],"wp:attachment":[{"href":"https:\/\/eu.tilta.com\/fr\/wp-json\/wp\/v2\/media?parent=1993012"}],"wp:term":[{"taxonomy":"product_cat","embeddable":true,"href":"https:\/\/eu.tilta.com\/fr\/wp-json\/wp\/v2\/product_cat?post=1993012"},{"taxonomy":"product_tag","embeddable":true,"href":"https:\/\/eu.tilta.com\/fr\/wp-json\/wp\/v2\/product_tag?post=1993012"}],"curies":[{"name":"wp","href":"https:\/\/api.w.org\/{rel}","templated":true}]}}